{"id":4426,"date":"2020-05-28T10:05:16","date_gmt":"2020-05-28T10:05:16","guid":{"rendered":"https:\/\/shop.merolution.de\/index.php\/product\/andechs-hefe-hell\/"},"modified":"2020-05-28T10:05:16","modified_gmt":"2020-05-28T10:05:16","slug":"andechs-hefe-hell","status":"publish","type":"product","link":"https:\/\/shop.merolution.de\/index.php\/product\/andechs-hefe-hell\/","title":{"rendered":"Andechs Hefe hell"},"content":{"rendered":"<p> Alkohol: 5,5 Volumenprozent)- 5,5vol% &#8211; \u0080 3,10 Pfand<\/p>\n","protected":false},"excerpt":{"rendered":"<p>20\/0,50 &#8211; Seit dem Josephitag 1993 (19. M\u00e4rz) hat das Andechser Wei\u00dfbier Hell viele Freunde gefunden. Unbehandelt und nat\u00fcrlich hefetr\u00fcb abgef\u00fcllt, ist es ein oberg\u00e4riges Bier f\u00fcr den Genie\u00dfer.Zuerst zieht es den Blick mit seiner hellen Honigfarbe auf sich. Opal und fein strukturiert zeigt sich die Hefetr\u00fcbung. Dazu l\u00e4dt eine sehr sahnige und feinporige Schaumkrone ein, dem hellen Wei\u00dfbier vom Heiligen Berg ein St\u00fcck n\u00e4her zu kommen. F\u00fcr das Geruchserlebnis braucht die Nase zwei Anl\u00e4ufe.Treten erst markante Fruchtaromen, wie Banane und Honigmelone hervor, so folgen dann feine Gew\u00fcrznelken. Sehr spritzig und erfrischend trinkt sich das Andechser Wei\u00dfbier Hell und \u00fcberzeugt mit einem vollen und weichen K\u00f6rper. Im Abgang zeigt sich ein ausgewogenes Spiel einer leichten Honigs\u00fc\u00dfe und einer eleganten S\u00e4ure mit einer hintergr\u00fcndigen Hopfenbittere, die rasch in einem harmonischen Nachtrunk abgeht.Ein Wei\u00dfbier, mit dem man ein St\u00fcck unverwechselbarer Andechser Lebensart verkostet: Feinhefig, spritzig und prickelnd erfrischt es und macht gleichzeitig Durst auf mehr. (Stammw\u00fcrze: 12,5 Gewichtsprozent<\/p>\n","protected":false},"featured_media":0,"comment_status":"open","ping_status":"closed","template":"","meta":[],"product_cat":[111],"product_tag":[],"yoast_head":"<!-- This site is optimized with the Yoast SEO plugin v19.14 - https:\/\/yoast.com\/wordpress\/plugins\/seo\/ -->\n<title>Andechs Hefe hell - Getr\u00e4nke Schl\u00fcter Onlineshop<\/title>\n<meta name=\"robots\" content=\"noindex, follow, max-snippet:-1, max-image-preview:large, max-video-preview:-1\" \/>\n<meta property=\"og:locale\" content=\"de_DE\" \/>\n<meta property=\"og:type\" content=\"article\" \/>\n<meta property=\"og:title\" content=\"Andechs Hefe hell - Getr\u00e4nke Schl\u00fcter Onlineshop\" \/>\n<meta property=\"og:description\" content=\"20\/0,50 - Seit dem Josephitag 1993 (19. M\u00e4rz) hat das Andechser Wei\u00dfbier Hell viele Freunde gefunden. Unbehandelt und nat\u00fcrlich hefetr\u00fcb abgef\u00fcllt, ist es ein oberg\u00e4riges Bier f\u00fcr den Genie\u00dfer.Zuerst zieht es den Blick mit seiner hellen Honigfarbe auf sich. Opal und fein strukturiert zeigt sich die Hefetr\u00fcbung. Dazu l\u00e4dt eine sehr sahnige und feinporige Schaumkrone ein, dem hellen Wei\u00dfbier vom Heiligen Berg ein St\u00fcck n\u00e4her zu kommen. F\u00fcr das Geruchserlebnis braucht die Nase zwei Anl\u00e4ufe.Treten erst markante Fruchtaromen, wie Banane und Honigmelone hervor, so folgen dann feine Gew\u00fcrznelken. Sehr spritzig und erfrischend trinkt sich das Andechser Wei\u00dfbier Hell und \u00fcberzeugt mit einem vollen und weichen K\u00f6rper. Im Abgang zeigt sich ein ausgewogenes Spiel einer leichten Honigs\u00fc\u00dfe und einer eleganten S\u00e4ure mit einer hintergr\u00fcndigen Hopfenbittere, die rasch in einem harmonischen Nachtrunk abgeht.Ein Wei\u00dfbier, mit dem man ein St\u00fcck unverwechselbarer Andechser Lebensart verkostet: Feinhefig, spritzig und prickelnd erfrischt es und macht gleichzeitig Durst auf mehr. (Stammw\u00fcrze: 12,5 Gewichtsprozent\" \/>\n<meta property=\"og:url\" content=\"https:\/\/shop.merolution.de\/index.php\/product\/andechs-hefe-hell\/\" \/>\n<meta property=\"og:site_name\" content=\"Getr\u00e4nke Schl\u00fcter Onlineshop\" \/>\n<meta name=\"twitter:card\" content=\"summary_large_image\" \/>\n<script type=\"application\/ld+json\" class=\"yoast-schema-graph\">{\"@context\":\"https:\/\/schema.org\",\"@graph\":[{\"@type\":\"WebPage\",\"@id\":\"https:\/\/shop.merolution.de\/index.php\/product\/andechs-hefe-hell\/\",\"url\":\"https:\/\/shop.merolution.de\/index.php\/product\/andechs-hefe-hell\/\",\"name\":\"Andechs Hefe hell - Getr\u00e4nke Schl\u00fcter Onlineshop\",\"isPartOf\":{\"@id\":\"https:\/\/shop.merolution.de\/#website\"},\"datePublished\":\"2020-05-28T10:05:16+00:00\",\"dateModified\":\"2020-05-28T10:05:16+00:00\",\"breadcrumb\":{\"@id\":\"https:\/\/shop.merolution.de\/index.php\/product\/andechs-hefe-hell\/#breadcrumb\"},\"inLanguage\":\"de\",\"potentialAction\":[{\"@type\":\"ReadAction\",\"target\":[\"https:\/\/shop.merolution.de\/index.php\/product\/andechs-hefe-hell\/\"]}]},{\"@type\":\"BreadcrumbList\",\"@id\":\"https:\/\/shop.merolution.de\/index.php\/product\/andechs-hefe-hell\/#breadcrumb\",\"itemListElement\":[{\"@type\":\"ListItem\",\"position\":1,\"name\":\"Home\",\"item\":\"https:\/\/shop.merolution.de\/\"},{\"@type\":\"ListItem\",\"position\":2,\"name\":\"Shop\",\"item\":\"https:\/\/shop.merolution.de\/\"},{\"@type\":\"ListItem\",\"position\":3,\"name\":\"Andechs Hefe hell\"}]},{\"@type\":\"WebSite\",\"@id\":\"https:\/\/shop.merolution.de\/#website\",\"url\":\"https:\/\/shop.merolution.de\/\",\"name\":\"Getr\u00e4nke Schl\u00fcter Onlineshop\",\"description\":\"Ihr Getr\u00e4nke-Partner in Hannover\",\"potentialAction\":[{\"@type\":\"SearchAction\",\"target\":{\"@type\":\"EntryPoint\",\"urlTemplate\":\"https:\/\/shop.merolution.de\/?s={search_term_string}\"},\"query-input\":\"required name=search_term_string\"}],\"inLanguage\":\"de\"}]}<\/script>\n<!-- \/ Yoast SEO plugin. -->","yoast_head_json":{"title":"Andechs Hefe hell - Getr\u00e4nke Schl\u00fcter Onlineshop","robots":{"index":"noindex","follow":"follow","max-snippet":"max-snippet:-1","max-image-preview":"max-image-preview:large","max-video-preview":"max-video-preview:-1"},"og_locale":"de_DE","og_type":"article","og_title":"Andechs Hefe hell - Getr\u00e4nke Schl\u00fcter Onlineshop","og_description":"20\/0,50 - Seit dem Josephitag 1993 (19. M\u00e4rz) hat das Andechser Wei\u00dfbier Hell viele Freunde gefunden. Unbehandelt und nat\u00fcrlich hefetr\u00fcb abgef\u00fcllt, ist es ein oberg\u00e4riges Bier f\u00fcr den Genie\u00dfer.Zuerst zieht es den Blick mit seiner hellen Honigfarbe auf sich. Opal und fein strukturiert zeigt sich die Hefetr\u00fcbung. Dazu l\u00e4dt eine sehr sahnige und feinporige Schaumkrone ein, dem hellen Wei\u00dfbier vom Heiligen Berg ein St\u00fcck n\u00e4her zu kommen. F\u00fcr das Geruchserlebnis braucht die Nase zwei Anl\u00e4ufe.Treten erst markante Fruchtaromen, wie Banane und Honigmelone hervor, so folgen dann feine Gew\u00fcrznelken. Sehr spritzig und erfrischend trinkt sich das Andechser Wei\u00dfbier Hell und \u00fcberzeugt mit einem vollen und weichen K\u00f6rper. Im Abgang zeigt sich ein ausgewogenes Spiel einer leichten Honigs\u00fc\u00dfe und einer eleganten S\u00e4ure mit einer hintergr\u00fcndigen Hopfenbittere, die rasch in einem harmonischen Nachtrunk abgeht.Ein Wei\u00dfbier, mit dem man ein St\u00fcck unverwechselbarer Andechser Lebensart verkostet: Feinhefig, spritzig und prickelnd erfrischt es und macht gleichzeitig Durst auf mehr. (Stammw\u00fcrze: 12,5 Gewichtsprozent","og_url":"https:\/\/shop.merolution.de\/index.php\/product\/andechs-hefe-hell\/","og_site_name":"Getr\u00e4nke Schl\u00fcter Onlineshop","twitter_card":"summary_large_image","schema":{"@context":"https:\/\/schema.org","@graph":[{"@type":"WebPage","@id":"https:\/\/shop.merolution.de\/index.php\/product\/andechs-hefe-hell\/","url":"https:\/\/shop.merolution.de\/index.php\/product\/andechs-hefe-hell\/","name":"Andechs Hefe hell - Getr\u00e4nke Schl\u00fcter Onlineshop","isPartOf":{"@id":"https:\/\/shop.merolution.de\/#website"},"datePublished":"2020-05-28T10:05:16+00:00","dateModified":"2020-05-28T10:05:16+00:00","breadcrumb":{"@id":"https:\/\/shop.merolution.de\/index.php\/product\/andechs-hefe-hell\/#breadcrumb"},"inLanguage":"de","potentialAction":[{"@type":"ReadAction","target":["https:\/\/shop.merolution.de\/index.php\/product\/andechs-hefe-hell\/"]}]},{"@type":"BreadcrumbList","@id":"https:\/\/shop.merolution.de\/index.php\/product\/andechs-hefe-hell\/#breadcrumb","itemListElement":[{"@type":"ListItem","position":1,"name":"Home","item":"https:\/\/shop.merolution.de\/"},{"@type":"ListItem","position":2,"name":"Shop","item":"https:\/\/shop.merolution.de\/"},{"@type":"ListItem","position":3,"name":"Andechs Hefe hell"}]},{"@type":"WebSite","@id":"https:\/\/shop.merolution.de\/#website","url":"https:\/\/shop.merolution.de\/","name":"Getr\u00e4nke Schl\u00fcter Onlineshop","description":"Ihr Getr\u00e4nke-Partner in Hannover","potentialAction":[{"@type":"SearchAction","target":{"@type":"EntryPoint","urlTemplate":"https:\/\/shop.merolution.de\/?s={search_term_string}"},"query-input":"required name=search_term_string"}],"inLanguage":"de"}]}},"_links":{"self":[{"href":"https:\/\/shop.merolution.de\/index.php\/wp-json\/wp\/v2\/product\/4426"}],"collection":[{"href":"https:\/\/shop.merolution.de\/index.php\/wp-json\/wp\/v2\/product"}],"about":[{"href":"https:\/\/shop.merolution.de\/index.php\/wp-json\/wp\/v2\/types\/product"}],"replies":[{"embeddable":true,"href":"https:\/\/shop.merolution.de\/index.php\/wp-json\/wp\/v2\/comments?post=4426"}],"wp:attachment":[{"href":"https:\/\/shop.merolution.de\/index.php\/wp-json\/wp\/v2\/media?parent=4426"}],"wp:term":[{"taxonomy":"product_cat","embeddable":true,"href":"https:\/\/shop.merolution.de\/index.php\/wp-json\/wp\/v2\/product_cat?post=4426"},{"taxonomy":"product_tag","embeddable":true,"href":"https:\/\/shop.merolution.de\/index.php\/wp-json\/wp\/v2\/product_tag?post=4426"}],"curies":[{"name":"wp","href":"https:\/\/api.w.org\/{rel}","templated":true}]}}