{"id":4467,"date":"2020-05-28T10:05:23","date_gmt":"2020-05-28T10:05:23","guid":{"rendered":"https:\/\/shop.merolution.de\/index.php\/product\/hopf-helle-weisse\/"},"modified":"2020-05-28T10:05:23","modified_gmt":"2020-05-28T10:05:23","slug":"hopf-helle-weisse","status":"publish","type":"product","link":"https:\/\/shop.merolution.de\/index.php\/product\/hopf-helle-weisse\/","title":{"rendered":"Hopf helle Weisse"},"content":{"rendered":"<p>20\/0,50 &#8211; Der Klassiker aus Miesbach in Bayern: Wei\u00dfbierkenner sch\u00e4tzen ihre unverwechselbare Charakteristik, hellgold gl\u00e4nzend, erfrischend und spritzig mit einer feinen Hefetr\u00fcbung. Unser typisches Wei\u00dfbieraroma mit einer dezent fruchtigen Note \u0096 ein besonderer Genuss. Echtes Hefewei\u00dfbier unfiltriert, aus 2\/3 Weizenmalz und 1\/3 Gerstenmalz, typisch oberg\u00e4rig. Alc. 5,3 % Vol., Stammw\u00fcrze 12,7 % So schmeckt\u0092s am besten: Hervorragend passend zu allen bayerischen Schmankerln, zu vegetarischen Gerichten, aber auch zu wei\u00dfem Gefl\u00fcgel oder Fisch.\u0080 3,10 Pfand<\/p>\n","protected":false},"excerpt":{"rendered":"<p>20\/0,50 &#8211; Der Klassiker aus Miesbach in Bayern: Wei\u00dfbierkenner sch\u00e4tzen ihre unverwechselbare Charakteristik, hellgold gl\u00e4nzend, erfrischend und spritzig mit einer feinen Hefetr\u00fcbung. Alc. 5,3 % Vol., Stammw\u00fcrze 12,7 % &#8211; \u0080 3,10 Pfand<\/p>\n","protected":false},"featured_media":4468,"comment_status":"open","ping_status":"closed","template":"","meta":[],"product_cat":[111],"product_tag":[],"yoast_head":"<!-- This site is optimized with the Yoast SEO plugin v19.14 - https:\/\/yoast.com\/wordpress\/plugins\/seo\/ -->\n<title>Hopf helle Weisse - Getr\u00e4nke Schl\u00fcter Onlineshop<\/title>\n<meta name=\"robots\" content=\"noindex, follow, max-snippet:-1, max-image-preview:large, max-video-preview:-1\" \/>\n<meta property=\"og:locale\" content=\"de_DE\" \/>\n<meta property=\"og:type\" content=\"article\" \/>\n<meta property=\"og:title\" content=\"Hopf helle Weisse - Getr\u00e4nke Schl\u00fcter Onlineshop\" \/>\n<meta property=\"og:description\" content=\"20\/0,50 - Der Klassiker aus Miesbach in Bayern: Wei\u00dfbierkenner sch\u00e4tzen ihre unverwechselbare Charakteristik, hellgold gl\u00e4nzend, erfrischend und spritzig mit einer feinen Hefetr\u00fcbung. Alc. 5,3 % Vol., Stammw\u00fcrze 12,7 % - \u0080 3,10 Pfand\" \/>\n<meta property=\"og:url\" content=\"https:\/\/shop.merolution.de\/index.php\/product\/hopf-helle-weisse\/\" \/>\n<meta property=\"og:site_name\" content=\"Getr\u00e4nke Schl\u00fcter Onlineshop\" \/>\n<meta property=\"og:image\" content=\"https:\/\/shop.merolution.de\/wp-content\/uploads\/2020\/05\/hopf-kiste-und-flasche.jpg\" \/>\n\t<meta property=\"og:image:width\" content=\"150\" \/>\n\t<meta property=\"og:image:height\" content=\"213\" \/>\n\t<meta property=\"og:image:type\" content=\"image\/jpeg\" \/>\n<meta name=\"twitter:card\" content=\"summary_large_image\" \/>\n<script type=\"application\/ld+json\" class=\"yoast-schema-graph\">{\"@context\":\"https:\/\/schema.org\",\"@graph\":[{\"@type\":\"WebPage\",\"@id\":\"https:\/\/shop.merolution.de\/index.php\/product\/hopf-helle-weisse\/\",\"url\":\"https:\/\/shop.merolution.de\/index.php\/product\/hopf-helle-weisse\/\",\"name\":\"Hopf helle Weisse - Getr\u00e4nke Schl\u00fcter Onlineshop\",\"isPartOf\":{\"@id\":\"https:\/\/shop.merolution.de\/#website\"},\"datePublished\":\"2020-05-28T10:05:23+00:00\",\"dateModified\":\"2020-05-28T10:05:23+00:00\",\"breadcrumb\":{\"@id\":\"https:\/\/shop.merolution.de\/index.php\/product\/hopf-helle-weisse\/#breadcrumb\"},\"inLanguage\":\"de\",\"potentialAction\":[{\"@type\":\"ReadAction\",\"target\":[\"https:\/\/shop.merolution.de\/index.php\/product\/hopf-helle-weisse\/\"]}]},{\"@type\":\"BreadcrumbList\",\"@id\":\"https:\/\/shop.merolution.de\/index.php\/product\/hopf-helle-weisse\/#breadcrumb\",\"itemListElement\":[{\"@type\":\"ListItem\",\"position\":1,\"name\":\"Home\",\"item\":\"https:\/\/shop.merolution.de\/\"},{\"@type\":\"ListItem\",\"position\":2,\"name\":\"Shop\",\"item\":\"https:\/\/shop.merolution.de\/\"},{\"@type\":\"ListItem\",\"position\":3,\"name\":\"Hopf helle Weisse\"}]},{\"@type\":\"WebSite\",\"@id\":\"https:\/\/shop.merolution.de\/#website\",\"url\":\"https:\/\/shop.merolution.de\/\",\"name\":\"Getr\u00e4nke Schl\u00fcter Onlineshop\",\"description\":\"Ihr Getr\u00e4nke-Partner in Hannover\",\"potentialAction\":[{\"@type\":\"SearchAction\",\"target\":{\"@type\":\"EntryPoint\",\"urlTemplate\":\"https:\/\/shop.merolution.de\/?s={search_term_string}\"},\"query-input\":\"required name=search_term_string\"}],\"inLanguage\":\"de\"}]}<\/script>\n<!-- \/ Yoast SEO plugin. -->","yoast_head_json":{"title":"Hopf helle Weisse - Getr\u00e4nke Schl\u00fcter Onlineshop","robots":{"index":"noindex","follow":"follow","max-snippet":"max-snippet:-1","max-image-preview":"max-image-preview:large","max-video-preview":"max-video-preview:-1"},"og_locale":"de_DE","og_type":"article","og_title":"Hopf helle Weisse - Getr\u00e4nke Schl\u00fcter Onlineshop","og_description":"20\/0,50 - Der Klassiker aus Miesbach in Bayern: Wei\u00dfbierkenner sch\u00e4tzen ihre unverwechselbare Charakteristik, hellgold gl\u00e4nzend, erfrischend und spritzig mit einer feinen Hefetr\u00fcbung. Alc. 5,3 % Vol., Stammw\u00fcrze 12,7 % - \u0080 3,10 Pfand","og_url":"https:\/\/shop.merolution.de\/index.php\/product\/hopf-helle-weisse\/","og_site_name":"Getr\u00e4nke Schl\u00fcter Onlineshop","og_image":[{"width":150,"height":213,"url":"https:\/\/shop.merolution.de\/wp-content\/uploads\/2020\/05\/hopf-kiste-und-flasche.jpg","type":"image\/jpeg"}],"twitter_card":"summary_large_image","schema":{"@context":"https:\/\/schema.org","@graph":[{"@type":"WebPage","@id":"https:\/\/shop.merolution.de\/index.php\/product\/hopf-helle-weisse\/","url":"https:\/\/shop.merolution.de\/index.php\/product\/hopf-helle-weisse\/","name":"Hopf helle Weisse - Getr\u00e4nke Schl\u00fcter Onlineshop","isPartOf":{"@id":"https:\/\/shop.merolution.de\/#website"},"datePublished":"2020-05-28T10:05:23+00:00","dateModified":"2020-05-28T10:05:23+00:00","breadcrumb":{"@id":"https:\/\/shop.merolution.de\/index.php\/product\/hopf-helle-weisse\/#breadcrumb"},"inLanguage":"de","potentialAction":[{"@type":"ReadAction","target":["https:\/\/shop.merolution.de\/index.php\/product\/hopf-helle-weisse\/"]}]},{"@type":"BreadcrumbList","@id":"https:\/\/shop.merolution.de\/index.php\/product\/hopf-helle-weisse\/#breadcrumb","itemListElement":[{"@type":"ListItem","position":1,"name":"Home","item":"https:\/\/shop.merolution.de\/"},{"@type":"ListItem","position":2,"name":"Shop","item":"https:\/\/shop.merolution.de\/"},{"@type":"ListItem","position":3,"name":"Hopf helle Weisse"}]},{"@type":"WebSite","@id":"https:\/\/shop.merolution.de\/#website","url":"https:\/\/shop.merolution.de\/","name":"Getr\u00e4nke Schl\u00fcter Onlineshop","description":"Ihr Getr\u00e4nke-Partner in Hannover","potentialAction":[{"@type":"SearchAction","target":{"@type":"EntryPoint","urlTemplate":"https:\/\/shop.merolution.de\/?s={search_term_string}"},"query-input":"required name=search_term_string"}],"inLanguage":"de"}]}},"_links":{"self":[{"href":"https:\/\/shop.merolution.de\/index.php\/wp-json\/wp\/v2\/product\/4467"}],"collection":[{"href":"https:\/\/shop.merolution.de\/index.php\/wp-json\/wp\/v2\/product"}],"about":[{"href":"https:\/\/shop.merolution.de\/index.php\/wp-json\/wp\/v2\/types\/product"}],"replies":[{"embeddable":true,"href":"https:\/\/shop.merolution.de\/index.php\/wp-json\/wp\/v2\/comments?post=4467"}],"wp:featuredmedia":[{"embeddable":true,"href":"https:\/\/shop.merolution.de\/index.php\/wp-json\/wp\/v2\/media\/4468"}],"wp:attachment":[{"href":"https:\/\/shop.merolution.de\/index.php\/wp-json\/wp\/v2\/media?parent=4467"}],"wp:term":[{"taxonomy":"product_cat","embeddable":true,"href":"https:\/\/shop.merolution.de\/index.php\/wp-json\/wp\/v2\/product_cat?post=4467"},{"taxonomy":"product_tag","embeddable":true,"href":"https:\/\/shop.merolution.de\/index.php\/wp-json\/wp\/v2\/product_tag?post=4467"}],"curies":[{"name":"wp","href":"https:\/\/api.w.org\/{rel}","templated":true}]}}