{"id":4483,"date":"2020-05-28T10:05:26","date_gmt":"2020-05-28T10:05:26","guid":{"rendered":"https:\/\/shop.merolution.de\/index.php\/product\/karg-weissbier-hefe-hell\/"},"modified":"2020-05-28T10:05:26","modified_gmt":"2020-05-28T10:05:26","slug":"karg-weissbier-hefe-hell","status":"publish","type":"product","link":"https:\/\/shop.merolution.de\/index.php\/product\/karg-weissbier-hefe-hell\/","title":{"rendered":"Karg Weissbier (Hefe hell) **"},"content":{"rendered":"<p>20\/0,50 &#8211; Das Gold-gelbe Wei\u00dfbier aus Murnau erscheint mit sch\u00f6ner Hefetr\u00fcbung, zarte Kohlens\u00e4ure und wei\u00dfem, feinporigem Schaum. Im Duft bestechen besonders die weichen Bananen und Nelkenaromen abgestimmt mit einer leichten Fruchtnote. Im Antrunk nicht allzu viel Kohlens\u00e4ure schmiegt sich perfekt am Gaumen an. Auf der Zunge bleiben die Hefearomen und der leichte Geschmack von Beeren zur\u00fcck.5,0vol% &#8211; \u0080 3,10 Pfand<\/p>\n","protected":false},"excerpt":{"rendered":"<p>20\/0,50 &#8211; Gold-gelbes Wei\u00dfbier aus Murnau am Staffelsee mit 5,0vol% &#8211; \u0080 3,10 Pfand<\/p>\n","protected":false},"featured_media":4484,"comment_status":"open","ping_status":"closed","template":"","meta":[],"product_cat":[111],"product_tag":[],"yoast_head":"<!-- This site is optimized with the Yoast SEO plugin v19.14 - https:\/\/yoast.com\/wordpress\/plugins\/seo\/ -->\n<title>Karg Weissbier (Hefe hell) ** - Getr\u00e4nke Schl\u00fcter Onlineshop<\/title>\n<meta name=\"robots\" content=\"noindex, follow, max-snippet:-1, max-image-preview:large, max-video-preview:-1\" \/>\n<meta property=\"og:locale\" content=\"de_DE\" \/>\n<meta property=\"og:type\" content=\"article\" \/>\n<meta property=\"og:title\" content=\"Karg Weissbier (Hefe hell) ** - Getr\u00e4nke Schl\u00fcter Onlineshop\" \/>\n<meta property=\"og:description\" content=\"20\/0,50 - Gold-gelbes Wei\u00dfbier aus Murnau am Staffelsee mit 5,0vol% - \u0080 3,10 Pfand\" \/>\n<meta property=\"og:url\" content=\"https:\/\/shop.merolution.de\/index.php\/product\/karg-weissbier-hefe-hell\/\" \/>\n<meta property=\"og:site_name\" content=\"Getr\u00e4nke Schl\u00fcter Onlineshop\" \/>\n<meta property=\"og:image\" content=\"https:\/\/shop.merolution.de\/wp-content\/uploads\/2020\/05\/karg-kasten-mit-flaschen1.jpg\" \/>\n\t<meta property=\"og:image:width\" content=\"150\" \/>\n\t<meta property=\"og:image:height\" content=\"100\" \/>\n\t<meta property=\"og:image:type\" content=\"image\/jpeg\" \/>\n<meta name=\"twitter:card\" content=\"summary_large_image\" \/>\n<script type=\"application\/ld+json\" class=\"yoast-schema-graph\">{\"@context\":\"https:\/\/schema.org\",\"@graph\":[{\"@type\":\"WebPage\",\"@id\":\"https:\/\/shop.merolution.de\/index.php\/product\/karg-weissbier-hefe-hell\/\",\"url\":\"https:\/\/shop.merolution.de\/index.php\/product\/karg-weissbier-hefe-hell\/\",\"name\":\"Karg Weissbier (Hefe hell) ** - Getr\u00e4nke Schl\u00fcter Onlineshop\",\"isPartOf\":{\"@id\":\"https:\/\/shop.merolution.de\/#website\"},\"datePublished\":\"2020-05-28T10:05:26+00:00\",\"dateModified\":\"2020-05-28T10:05:26+00:00\",\"breadcrumb\":{\"@id\":\"https:\/\/shop.merolution.de\/index.php\/product\/karg-weissbier-hefe-hell\/#breadcrumb\"},\"inLanguage\":\"de\",\"potentialAction\":[{\"@type\":\"ReadAction\",\"target\":[\"https:\/\/shop.merolution.de\/index.php\/product\/karg-weissbier-hefe-hell\/\"]}]},{\"@type\":\"BreadcrumbList\",\"@id\":\"https:\/\/shop.merolution.de\/index.php\/product\/karg-weissbier-hefe-hell\/#breadcrumb\",\"itemListElement\":[{\"@type\":\"ListItem\",\"position\":1,\"name\":\"Home\",\"item\":\"https:\/\/shop.merolution.de\/\"},{\"@type\":\"ListItem\",\"position\":2,\"name\":\"Shop\",\"item\":\"https:\/\/shop.merolution.de\/\"},{\"@type\":\"ListItem\",\"position\":3,\"name\":\"Karg Weissbier (Hefe hell) **\"}]},{\"@type\":\"WebSite\",\"@id\":\"https:\/\/shop.merolution.de\/#website\",\"url\":\"https:\/\/shop.merolution.de\/\",\"name\":\"Getr\u00e4nke Schl\u00fcter Onlineshop\",\"description\":\"Ihr Getr\u00e4nke-Partner in Hannover\",\"potentialAction\":[{\"@type\":\"SearchAction\",\"target\":{\"@type\":\"EntryPoint\",\"urlTemplate\":\"https:\/\/shop.merolution.de\/?s={search_term_string}\"},\"query-input\":\"required name=search_term_string\"}],\"inLanguage\":\"de\"}]}<\/script>\n<!-- \/ Yoast SEO plugin. -->","yoast_head_json":{"title":"Karg Weissbier (Hefe hell) ** - Getr\u00e4nke Schl\u00fcter Onlineshop","robots":{"index":"noindex","follow":"follow","max-snippet":"max-snippet:-1","max-image-preview":"max-image-preview:large","max-video-preview":"max-video-preview:-1"},"og_locale":"de_DE","og_type":"article","og_title":"Karg Weissbier (Hefe hell) ** - Getr\u00e4nke Schl\u00fcter Onlineshop","og_description":"20\/0,50 - Gold-gelbes Wei\u00dfbier aus Murnau am Staffelsee mit 5,0vol% - \u0080 3,10 Pfand","og_url":"https:\/\/shop.merolution.de\/index.php\/product\/karg-weissbier-hefe-hell\/","og_site_name":"Getr\u00e4nke Schl\u00fcter Onlineshop","og_image":[{"width":150,"height":100,"url":"https:\/\/shop.merolution.de\/wp-content\/uploads\/2020\/05\/karg-kasten-mit-flaschen1.jpg","type":"image\/jpeg"}],"twitter_card":"summary_large_image","schema":{"@context":"https:\/\/schema.org","@graph":[{"@type":"WebPage","@id":"https:\/\/shop.merolution.de\/index.php\/product\/karg-weissbier-hefe-hell\/","url":"https:\/\/shop.merolution.de\/index.php\/product\/karg-weissbier-hefe-hell\/","name":"Karg Weissbier (Hefe hell) ** - Getr\u00e4nke Schl\u00fcter Onlineshop","isPartOf":{"@id":"https:\/\/shop.merolution.de\/#website"},"datePublished":"2020-05-28T10:05:26+00:00","dateModified":"2020-05-28T10:05:26+00:00","breadcrumb":{"@id":"https:\/\/shop.merolution.de\/index.php\/product\/karg-weissbier-hefe-hell\/#breadcrumb"},"inLanguage":"de","potentialAction":[{"@type":"ReadAction","target":["https:\/\/shop.merolution.de\/index.php\/product\/karg-weissbier-hefe-hell\/"]}]},{"@type":"BreadcrumbList","@id":"https:\/\/shop.merolution.de\/index.php\/product\/karg-weissbier-hefe-hell\/#breadcrumb","itemListElement":[{"@type":"ListItem","position":1,"name":"Home","item":"https:\/\/shop.merolution.de\/"},{"@type":"ListItem","position":2,"name":"Shop","item":"https:\/\/shop.merolution.de\/"},{"@type":"ListItem","position":3,"name":"Karg Weissbier (Hefe hell) **"}]},{"@type":"WebSite","@id":"https:\/\/shop.merolution.de\/#website","url":"https:\/\/shop.merolution.de\/","name":"Getr\u00e4nke Schl\u00fcter Onlineshop","description":"Ihr Getr\u00e4nke-Partner in Hannover","potentialAction":[{"@type":"SearchAction","target":{"@type":"EntryPoint","urlTemplate":"https:\/\/shop.merolution.de\/?s={search_term_string}"},"query-input":"required name=search_term_string"}],"inLanguage":"de"}]}},"_links":{"self":[{"href":"https:\/\/shop.merolution.de\/index.php\/wp-json\/wp\/v2\/product\/4483"}],"collection":[{"href":"https:\/\/shop.merolution.de\/index.php\/wp-json\/wp\/v2\/product"}],"about":[{"href":"https:\/\/shop.merolution.de\/index.php\/wp-json\/wp\/v2\/types\/product"}],"replies":[{"embeddable":true,"href":"https:\/\/shop.merolution.de\/index.php\/wp-json\/wp\/v2\/comments?post=4483"}],"wp:featuredmedia":[{"embeddable":true,"href":"https:\/\/shop.merolution.de\/index.php\/wp-json\/wp\/v2\/media\/4484"}],"wp:attachment":[{"href":"https:\/\/shop.merolution.de\/index.php\/wp-json\/wp\/v2\/media?parent=4483"}],"wp:term":[{"taxonomy":"product_cat","embeddable":true,"href":"https:\/\/shop.merolution.de\/index.php\/wp-json\/wp\/v2\/product_cat?post=4483"},{"taxonomy":"product_tag","embeddable":true,"href":"https:\/\/shop.merolution.de\/index.php\/wp-json\/wp\/v2\/product_tag?post=4483"}],"curies":[{"name":"wp","href":"https:\/\/api.w.org\/{rel}","templated":true}]}}