{"id":4508,"date":"2020-05-28T10:05:30","date_gmt":"2020-05-28T10:05:30","guid":{"rendered":"https:\/\/shop.merolution.de\/index.php\/product\/schneider-kristallweizen-tap-2\/"},"modified":"2020-05-28T10:05:30","modified_gmt":"2020-05-28T10:05:30","slug":"schneider-kristallweizen-tap-2","status":"publish","type":"product","link":"https:\/\/shop.merolution.de\/index.php\/product\/schneider-kristallweizen-tap-2\/","title":{"rendered":"Schneider Kristallweizen TAP-2"},"content":{"rendered":"<p>20\/0,50 &#8211; Schneider Kristallweisse &#8211; Perfekt f\u00fcr sch\u00f6ne Anl\u00e4sse: \u0084Kristall klar\u0093 \u0096 das prickelnd kristallklare Weissbier ohne Hefe, ideal als Aperitif im schlanken Prosecco-Glas. Seine feine Kohlens\u00e4ure stimuliert und stimmt genussvoll ein. Schmeckt \u00fcberraschend k\u00f6stlich zu Fischgerichten. Und nat\u00fcrlich \u0096 wenn man mag \u0096 auch ganz klassisch, im Weissbierglas. 5,3vol% &#8211; \u0080 3,10 Pfand<\/p>\n","protected":false},"excerpt":{"rendered":"<p>20\/0,50 &#8211; Schneider Kristallweisse TAP 2 &#8211; klar und prickelnd mit 5,3vol% &#8211; \u0080 3,10 Pfand<\/p>\n","protected":false},"featured_media":4509,"comment_status":"open","ping_status":"closed","template":"","meta":[],"product_cat":[111],"product_tag":[],"yoast_head":"<!-- This site is optimized with the Yoast SEO plugin v19.14 - https:\/\/yoast.com\/wordpress\/plugins\/seo\/ -->\n<title>Schneider Kristallweizen TAP-2 - Getr\u00e4nke Schl\u00fcter Onlineshop<\/title>\n<meta name=\"robots\" content=\"noindex, follow, max-snippet:-1, max-image-preview:large, max-video-preview:-1\" \/>\n<meta property=\"og:locale\" content=\"de_DE\" \/>\n<meta property=\"og:type\" content=\"article\" \/>\n<meta property=\"og:title\" content=\"Schneider Kristallweizen TAP-2 - Getr\u00e4nke Schl\u00fcter Onlineshop\" \/>\n<meta property=\"og:description\" content=\"20\/0,50 - Schneider Kristallweisse TAP 2 - klar und prickelnd mit 5,3vol% - \u0080 3,10 Pfand\" \/>\n<meta property=\"og:url\" content=\"https:\/\/shop.merolution.de\/index.php\/product\/schneider-kristallweizen-tap-2\/\" \/>\n<meta property=\"og:site_name\" content=\"Getr\u00e4nke Schl\u00fcter Onlineshop\" \/>\n<meta property=\"og:image\" content=\"https:\/\/shop.merolution.de\/wp-content\/uploads\/2020\/05\/schneider-kristall-neu-20219.jpg\" \/>\n\t<meta property=\"og:image:width\" content=\"150\" \/>\n\t<meta property=\"og:image:height\" content=\"251\" \/>\n\t<meta property=\"og:image:type\" content=\"image\/jpeg\" \/>\n<meta name=\"twitter:card\" content=\"summary_large_image\" \/>\n<script type=\"application\/ld+json\" class=\"yoast-schema-graph\">{\"@context\":\"https:\/\/schema.org\",\"@graph\":[{\"@type\":\"WebPage\",\"@id\":\"https:\/\/shop.merolution.de\/index.php\/product\/schneider-kristallweizen-tap-2\/\",\"url\":\"https:\/\/shop.merolution.de\/index.php\/product\/schneider-kristallweizen-tap-2\/\",\"name\":\"Schneider Kristallweizen TAP-2 - Getr\u00e4nke Schl\u00fcter Onlineshop\",\"isPartOf\":{\"@id\":\"https:\/\/shop.merolution.de\/#website\"},\"datePublished\":\"2020-05-28T10:05:30+00:00\",\"dateModified\":\"2020-05-28T10:05:30+00:00\",\"breadcrumb\":{\"@id\":\"https:\/\/shop.merolution.de\/index.php\/product\/schneider-kristallweizen-tap-2\/#breadcrumb\"},\"inLanguage\":\"de\",\"potentialAction\":[{\"@type\":\"ReadAction\",\"target\":[\"https:\/\/shop.merolution.de\/index.php\/product\/schneider-kristallweizen-tap-2\/\"]}]},{\"@type\":\"BreadcrumbList\",\"@id\":\"https:\/\/shop.merolution.de\/index.php\/product\/schneider-kristallweizen-tap-2\/#breadcrumb\",\"itemListElement\":[{\"@type\":\"ListItem\",\"position\":1,\"name\":\"Home\",\"item\":\"https:\/\/shop.merolution.de\/\"},{\"@type\":\"ListItem\",\"position\":2,\"name\":\"Shop\",\"item\":\"https:\/\/shop.merolution.de\/\"},{\"@type\":\"ListItem\",\"position\":3,\"name\":\"Schneider Kristallweizen TAP-2\"}]},{\"@type\":\"WebSite\",\"@id\":\"https:\/\/shop.merolution.de\/#website\",\"url\":\"https:\/\/shop.merolution.de\/\",\"name\":\"Getr\u00e4nke Schl\u00fcter Onlineshop\",\"description\":\"Ihr Getr\u00e4nke-Partner in Hannover\",\"potentialAction\":[{\"@type\":\"SearchAction\",\"target\":{\"@type\":\"EntryPoint\",\"urlTemplate\":\"https:\/\/shop.merolution.de\/?s={search_term_string}\"},\"query-input\":\"required name=search_term_string\"}],\"inLanguage\":\"de\"}]}<\/script>\n<!-- \/ Yoast SEO plugin. -->","yoast_head_json":{"title":"Schneider Kristallweizen TAP-2 - Getr\u00e4nke Schl\u00fcter Onlineshop","robots":{"index":"noindex","follow":"follow","max-snippet":"max-snippet:-1","max-image-preview":"max-image-preview:large","max-video-preview":"max-video-preview:-1"},"og_locale":"de_DE","og_type":"article","og_title":"Schneider Kristallweizen TAP-2 - Getr\u00e4nke Schl\u00fcter Onlineshop","og_description":"20\/0,50 - Schneider Kristallweisse TAP 2 - klar und prickelnd mit 5,3vol% - \u0080 3,10 Pfand","og_url":"https:\/\/shop.merolution.de\/index.php\/product\/schneider-kristallweizen-tap-2\/","og_site_name":"Getr\u00e4nke Schl\u00fcter Onlineshop","og_image":[{"width":150,"height":251,"url":"https:\/\/shop.merolution.de\/wp-content\/uploads\/2020\/05\/schneider-kristall-neu-20219.jpg","type":"image\/jpeg"}],"twitter_card":"summary_large_image","schema":{"@context":"https:\/\/schema.org","@graph":[{"@type":"WebPage","@id":"https:\/\/shop.merolution.de\/index.php\/product\/schneider-kristallweizen-tap-2\/","url":"https:\/\/shop.merolution.de\/index.php\/product\/schneider-kristallweizen-tap-2\/","name":"Schneider Kristallweizen TAP-2 - Getr\u00e4nke Schl\u00fcter Onlineshop","isPartOf":{"@id":"https:\/\/shop.merolution.de\/#website"},"datePublished":"2020-05-28T10:05:30+00:00","dateModified":"2020-05-28T10:05:30+00:00","breadcrumb":{"@id":"https:\/\/shop.merolution.de\/index.php\/product\/schneider-kristallweizen-tap-2\/#breadcrumb"},"inLanguage":"de","potentialAction":[{"@type":"ReadAction","target":["https:\/\/shop.merolution.de\/index.php\/product\/schneider-kristallweizen-tap-2\/"]}]},{"@type":"BreadcrumbList","@id":"https:\/\/shop.merolution.de\/index.php\/product\/schneider-kristallweizen-tap-2\/#breadcrumb","itemListElement":[{"@type":"ListItem","position":1,"name":"Home","item":"https:\/\/shop.merolution.de\/"},{"@type":"ListItem","position":2,"name":"Shop","item":"https:\/\/shop.merolution.de\/"},{"@type":"ListItem","position":3,"name":"Schneider Kristallweizen TAP-2"}]},{"@type":"WebSite","@id":"https:\/\/shop.merolution.de\/#website","url":"https:\/\/shop.merolution.de\/","name":"Getr\u00e4nke Schl\u00fcter Onlineshop","description":"Ihr Getr\u00e4nke-Partner in Hannover","potentialAction":[{"@type":"SearchAction","target":{"@type":"EntryPoint","urlTemplate":"https:\/\/shop.merolution.de\/?s={search_term_string}"},"query-input":"required name=search_term_string"}],"inLanguage":"de"}]}},"_links":{"self":[{"href":"https:\/\/shop.merolution.de\/index.php\/wp-json\/wp\/v2\/product\/4508"}],"collection":[{"href":"https:\/\/shop.merolution.de\/index.php\/wp-json\/wp\/v2\/product"}],"about":[{"href":"https:\/\/shop.merolution.de\/index.php\/wp-json\/wp\/v2\/types\/product"}],"replies":[{"embeddable":true,"href":"https:\/\/shop.merolution.de\/index.php\/wp-json\/wp\/v2\/comments?post=4508"}],"wp:featuredmedia":[{"embeddable":true,"href":"https:\/\/shop.merolution.de\/index.php\/wp-json\/wp\/v2\/media\/4509"}],"wp:attachment":[{"href":"https:\/\/shop.merolution.de\/index.php\/wp-json\/wp\/v2\/media?parent=4508"}],"wp:term":[{"taxonomy":"product_cat","embeddable":true,"href":"https:\/\/shop.merolution.de\/index.php\/wp-json\/wp\/v2\/product_cat?post=4508"},{"taxonomy":"product_tag","embeddable":true,"href":"https:\/\/shop.merolution.de\/index.php\/wp-json\/wp\/v2\/product_tag?post=4508"}],"curies":[{"name":"wp","href":"https:\/\/api.w.org\/{rel}","templated":true}]}}