{"id":4510,"date":"2020-05-28T10:05:30","date_gmt":"2020-05-28T10:05:30","guid":{"rendered":"https:\/\/shop.merolution.de\/index.php\/product\/schneider-leichte-weisse-tap-11\/"},"modified":"2020-05-28T10:05:30","modified_gmt":"2020-05-28T10:05:30","slug":"schneider-leichte-weisse-tap-11","status":"publish","type":"product","link":"https:\/\/shop.merolution.de\/index.php\/product\/schneider-leichte-weisse-tap-11\/","title":{"rendered":"Schneider leichte Weisse TAP-11"},"content":{"rendered":"<p>20\/0,50 &#8211; Schneider leichte Weisse &#8211; Ganzer Genuss den ganzen Tag &#8211; Unbeschwert leicht genie\u00dfen: \u0084Leichte Weisse\u0093 \u0096 die Hefeweisse mit weniger Alkohol und dem vollen aromatischen Weissbiergeschmack. Ideal zwischendrin, zum Mittagessen oder einfach mal am Nachmittag. Ihre erfrischend spritzige Note bietet s\u00fcffigen, vollkommenen Genuss und passt zu jeder Gelegenheit \u0096 nat\u00fcrlich auch ganz regul\u00e4r am Abend, versteht sich.<\/p>\n","protected":false},"excerpt":{"rendered":"<p>20\/0,50 &#8211; die leichte Weisse TAP 11 von Schneider &#8211; nur 3,3vol% &#8211; Pfand: \u0080 3,10<\/p>\n","protected":false},"featured_media":4511,"comment_status":"open","ping_status":"closed","template":"","meta":[],"product_cat":[111],"product_tag":[],"yoast_head":"<!-- This site is optimized with the Yoast SEO plugin v19.14 - https:\/\/yoast.com\/wordpress\/plugins\/seo\/ -->\n<title>Schneider leichte Weisse TAP-11 - Getr\u00e4nke Schl\u00fcter Onlineshop<\/title>\n<meta name=\"robots\" content=\"noindex, follow, max-snippet:-1, max-image-preview:large, max-video-preview:-1\" \/>\n<meta property=\"og:locale\" content=\"de_DE\" \/>\n<meta property=\"og:type\" content=\"article\" \/>\n<meta property=\"og:title\" content=\"Schneider leichte Weisse TAP-11 - Getr\u00e4nke Schl\u00fcter Onlineshop\" \/>\n<meta property=\"og:description\" content=\"20\/0,50 - die leichte Weisse TAP 11 von Schneider - nur 3,3vol% - Pfand: \u0080 3,10\" \/>\n<meta property=\"og:url\" content=\"https:\/\/shop.merolution.de\/index.php\/product\/schneider-leichte-weisse-tap-11\/\" \/>\n<meta property=\"og:site_name\" content=\"Getr\u00e4nke Schl\u00fcter Onlineshop\" \/>\n<meta property=\"og:image\" content=\"https:\/\/shop.merolution.de\/wp-content\/uploads\/2020\/05\/schneider-leicht-neu-2019.jpg\" \/>\n\t<meta property=\"og:image:width\" content=\"150\" \/>\n\t<meta property=\"og:image:height\" content=\"268\" \/>\n\t<meta property=\"og:image:type\" content=\"image\/jpeg\" \/>\n<meta name=\"twitter:card\" content=\"summary_large_image\" \/>\n<script type=\"application\/ld+json\" class=\"yoast-schema-graph\">{\"@context\":\"https:\/\/schema.org\",\"@graph\":[{\"@type\":\"WebPage\",\"@id\":\"https:\/\/shop.merolution.de\/index.php\/product\/schneider-leichte-weisse-tap-11\/\",\"url\":\"https:\/\/shop.merolution.de\/index.php\/product\/schneider-leichte-weisse-tap-11\/\",\"name\":\"Schneider leichte Weisse TAP-11 - Getr\u00e4nke Schl\u00fcter Onlineshop\",\"isPartOf\":{\"@id\":\"https:\/\/shop.merolution.de\/#website\"},\"datePublished\":\"2020-05-28T10:05:30+00:00\",\"dateModified\":\"2020-05-28T10:05:30+00:00\",\"breadcrumb\":{\"@id\":\"https:\/\/shop.merolution.de\/index.php\/product\/schneider-leichte-weisse-tap-11\/#breadcrumb\"},\"inLanguage\":\"de\",\"potentialAction\":[{\"@type\":\"ReadAction\",\"target\":[\"https:\/\/shop.merolution.de\/index.php\/product\/schneider-leichte-weisse-tap-11\/\"]}]},{\"@type\":\"BreadcrumbList\",\"@id\":\"https:\/\/shop.merolution.de\/index.php\/product\/schneider-leichte-weisse-tap-11\/#breadcrumb\",\"itemListElement\":[{\"@type\":\"ListItem\",\"position\":1,\"name\":\"Home\",\"item\":\"https:\/\/shop.merolution.de\/\"},{\"@type\":\"ListItem\",\"position\":2,\"name\":\"Shop\",\"item\":\"https:\/\/shop.merolution.de\/\"},{\"@type\":\"ListItem\",\"position\":3,\"name\":\"Schneider leichte Weisse TAP-11\"}]},{\"@type\":\"WebSite\",\"@id\":\"https:\/\/shop.merolution.de\/#website\",\"url\":\"https:\/\/shop.merolution.de\/\",\"name\":\"Getr\u00e4nke Schl\u00fcter Onlineshop\",\"description\":\"Ihr Getr\u00e4nke-Partner in Hannover\",\"potentialAction\":[{\"@type\":\"SearchAction\",\"target\":{\"@type\":\"EntryPoint\",\"urlTemplate\":\"https:\/\/shop.merolution.de\/?s={search_term_string}\"},\"query-input\":\"required name=search_term_string\"}],\"inLanguage\":\"de\"}]}<\/script>\n<!-- \/ Yoast SEO plugin. -->","yoast_head_json":{"title":"Schneider leichte Weisse TAP-11 - Getr\u00e4nke Schl\u00fcter Onlineshop","robots":{"index":"noindex","follow":"follow","max-snippet":"max-snippet:-1","max-image-preview":"max-image-preview:large","max-video-preview":"max-video-preview:-1"},"og_locale":"de_DE","og_type":"article","og_title":"Schneider leichte Weisse TAP-11 - Getr\u00e4nke Schl\u00fcter Onlineshop","og_description":"20\/0,50 - die leichte Weisse TAP 11 von Schneider - nur 3,3vol% - Pfand: \u0080 3,10","og_url":"https:\/\/shop.merolution.de\/index.php\/product\/schneider-leichte-weisse-tap-11\/","og_site_name":"Getr\u00e4nke Schl\u00fcter Onlineshop","og_image":[{"width":150,"height":268,"url":"https:\/\/shop.merolution.de\/wp-content\/uploads\/2020\/05\/schneider-leicht-neu-2019.jpg","type":"image\/jpeg"}],"twitter_card":"summary_large_image","schema":{"@context":"https:\/\/schema.org","@graph":[{"@type":"WebPage","@id":"https:\/\/shop.merolution.de\/index.php\/product\/schneider-leichte-weisse-tap-11\/","url":"https:\/\/shop.merolution.de\/index.php\/product\/schneider-leichte-weisse-tap-11\/","name":"Schneider leichte Weisse TAP-11 - Getr\u00e4nke Schl\u00fcter Onlineshop","isPartOf":{"@id":"https:\/\/shop.merolution.de\/#website"},"datePublished":"2020-05-28T10:05:30+00:00","dateModified":"2020-05-28T10:05:30+00:00","breadcrumb":{"@id":"https:\/\/shop.merolution.de\/index.php\/product\/schneider-leichte-weisse-tap-11\/#breadcrumb"},"inLanguage":"de","potentialAction":[{"@type":"ReadAction","target":["https:\/\/shop.merolution.de\/index.php\/product\/schneider-leichte-weisse-tap-11\/"]}]},{"@type":"BreadcrumbList","@id":"https:\/\/shop.merolution.de\/index.php\/product\/schneider-leichte-weisse-tap-11\/#breadcrumb","itemListElement":[{"@type":"ListItem","position":1,"name":"Home","item":"https:\/\/shop.merolution.de\/"},{"@type":"ListItem","position":2,"name":"Shop","item":"https:\/\/shop.merolution.de\/"},{"@type":"ListItem","position":3,"name":"Schneider leichte Weisse TAP-11"}]},{"@type":"WebSite","@id":"https:\/\/shop.merolution.de\/#website","url":"https:\/\/shop.merolution.de\/","name":"Getr\u00e4nke Schl\u00fcter Onlineshop","description":"Ihr Getr\u00e4nke-Partner in Hannover","potentialAction":[{"@type":"SearchAction","target":{"@type":"EntryPoint","urlTemplate":"https:\/\/shop.merolution.de\/?s={search_term_string}"},"query-input":"required name=search_term_string"}],"inLanguage":"de"}]}},"_links":{"self":[{"href":"https:\/\/shop.merolution.de\/index.php\/wp-json\/wp\/v2\/product\/4510"}],"collection":[{"href":"https:\/\/shop.merolution.de\/index.php\/wp-json\/wp\/v2\/product"}],"about":[{"href":"https:\/\/shop.merolution.de\/index.php\/wp-json\/wp\/v2\/types\/product"}],"replies":[{"embeddable":true,"href":"https:\/\/shop.merolution.de\/index.php\/wp-json\/wp\/v2\/comments?post=4510"}],"wp:featuredmedia":[{"embeddable":true,"href":"https:\/\/shop.merolution.de\/index.php\/wp-json\/wp\/v2\/media\/4511"}],"wp:attachment":[{"href":"https:\/\/shop.merolution.de\/index.php\/wp-json\/wp\/v2\/media?parent=4510"}],"wp:term":[{"taxonomy":"product_cat","embeddable":true,"href":"https:\/\/shop.merolution.de\/index.php\/wp-json\/wp\/v2\/product_cat?post=4510"},{"taxonomy":"product_tag","embeddable":true,"href":"https:\/\/shop.merolution.de\/index.php\/wp-json\/wp\/v2\/product_tag?post=4510"}],"curies":[{"name":"wp","href":"https:\/\/api.w.org\/{rel}","templated":true}]}}