{"id":4512,"date":"2020-05-28T10:05:30","date_gmt":"2020-05-28T10:05:30","guid":{"rendered":"https:\/\/shop.merolution.de\/index.php\/product\/schneider-original-weisse-tap-7-20-050\/"},"modified":"2020-05-28T10:05:30","modified_gmt":"2020-05-28T10:05:30","slug":"schneider-original-weisse-tap-7-20-050","status":"publish","type":"product","link":"https:\/\/shop.merolution.de\/index.php\/product\/schneider-original-weisse-tap-7-20-050\/","title":{"rendered":"Schneider Original Weisse TAP-7 &#8211; 20\/0,50"},"content":{"rendered":"<p>20\/0,50 &#8211; Schneider Original Weissbier TAP 07 &#8211; Ein Weizenbier wie daheim &#8211; Braukunst f\u00fcr Weissbierkenner: \u0084Original\u0093 \u0096 das traditionelle Hefeweissbier nach dem Originalrezept von Georg I. Schneider, seit 1872 unver\u00e4ndert gebraut und beliebt. Tief bernsteinfarben, dunkel malzig, harmonisch ausgewogen und kraftvoll. So schmeckt Bayern. So schmeckt Zuhause \u0096 ob daheim oder in geselliger Stammtischrunde. 5,4vol% &#8211; \u0080 3,10 Pfand<\/p>\n","protected":false},"excerpt":{"rendered":"<p>20\/0,50 &#8211; Schneider Original Weisse TPA 7 &#8211; dunkles Weizenbier mit 5,4vol% &#8211; \u0080 3,10 Pfand<\/p>\n","protected":false},"featured_media":4513,"comment_status":"open","ping_status":"closed","template":"","meta":[],"product_cat":[111],"product_tag":[],"yoast_head":"<!-- This site is optimized with the Yoast SEO plugin v19.14 - https:\/\/yoast.com\/wordpress\/plugins\/seo\/ -->\n<title>Schneider Original Weisse TAP-7 - 20\/0,50 - Getr\u00e4nke Schl\u00fcter Onlineshop<\/title>\n<meta name=\"robots\" content=\"noindex, follow, max-snippet:-1, max-image-preview:large, max-video-preview:-1\" \/>\n<meta property=\"og:locale\" content=\"de_DE\" \/>\n<meta property=\"og:type\" content=\"article\" \/>\n<meta property=\"og:title\" content=\"Schneider Original Weisse TAP-7 - 20\/0,50 - Getr\u00e4nke Schl\u00fcter Onlineshop\" \/>\n<meta property=\"og:description\" content=\"20\/0,50 - Schneider Original Weisse TPA 7 - dunkles Weizenbier mit 5,4vol% - \u0080 3,10 Pfand\" \/>\n<meta property=\"og:url\" content=\"https:\/\/shop.merolution.de\/index.php\/product\/schneider-original-weisse-tap-7-20-050\/\" \/>\n<meta property=\"og:site_name\" content=\"Getr\u00e4nke Schl\u00fcter Onlineshop\" \/>\n<meta property=\"og:image\" content=\"https:\/\/shop.merolution.de\/wp-content\/uploads\/2020\/05\/schneider-original-neu-2019.jpg\" \/>\n\t<meta property=\"og:image:width\" content=\"150\" \/>\n\t<meta property=\"og:image:height\" content=\"275\" \/>\n\t<meta property=\"og:image:type\" content=\"image\/jpeg\" \/>\n<meta name=\"twitter:card\" content=\"summary_large_image\" \/>\n<script type=\"application\/ld+json\" class=\"yoast-schema-graph\">{\"@context\":\"https:\/\/schema.org\",\"@graph\":[{\"@type\":\"WebPage\",\"@id\":\"https:\/\/shop.merolution.de\/index.php\/product\/schneider-original-weisse-tap-7-20-050\/\",\"url\":\"https:\/\/shop.merolution.de\/index.php\/product\/schneider-original-weisse-tap-7-20-050\/\",\"name\":\"Schneider Original Weisse TAP-7 - 20\/0,50 - Getr\u00e4nke Schl\u00fcter Onlineshop\",\"isPartOf\":{\"@id\":\"https:\/\/shop.merolution.de\/#website\"},\"datePublished\":\"2020-05-28T10:05:30+00:00\",\"dateModified\":\"2020-05-28T10:05:30+00:00\",\"breadcrumb\":{\"@id\":\"https:\/\/shop.merolution.de\/index.php\/product\/schneider-original-weisse-tap-7-20-050\/#breadcrumb\"},\"inLanguage\":\"de\",\"potentialAction\":[{\"@type\":\"ReadAction\",\"target\":[\"https:\/\/shop.merolution.de\/index.php\/product\/schneider-original-weisse-tap-7-20-050\/\"]}]},{\"@type\":\"BreadcrumbList\",\"@id\":\"https:\/\/shop.merolution.de\/index.php\/product\/schneider-original-weisse-tap-7-20-050\/#breadcrumb\",\"itemListElement\":[{\"@type\":\"ListItem\",\"position\":1,\"name\":\"Home\",\"item\":\"https:\/\/shop.merolution.de\/\"},{\"@type\":\"ListItem\",\"position\":2,\"name\":\"Shop\",\"item\":\"https:\/\/shop.merolution.de\/\"},{\"@type\":\"ListItem\",\"position\":3,\"name\":\"Schneider Original Weisse TAP-7 &#8211; 20\/0,50\"}]},{\"@type\":\"WebSite\",\"@id\":\"https:\/\/shop.merolution.de\/#website\",\"url\":\"https:\/\/shop.merolution.de\/\",\"name\":\"Getr\u00e4nke Schl\u00fcter Onlineshop\",\"description\":\"Ihr Getr\u00e4nke-Partner in Hannover\",\"potentialAction\":[{\"@type\":\"SearchAction\",\"target\":{\"@type\":\"EntryPoint\",\"urlTemplate\":\"https:\/\/shop.merolution.de\/?s={search_term_string}\"},\"query-input\":\"required name=search_term_string\"}],\"inLanguage\":\"de\"}]}<\/script>\n<!-- \/ Yoast SEO plugin. -->","yoast_head_json":{"title":"Schneider Original Weisse TAP-7 - 20\/0,50 - Getr\u00e4nke Schl\u00fcter Onlineshop","robots":{"index":"noindex","follow":"follow","max-snippet":"max-snippet:-1","max-image-preview":"max-image-preview:large","max-video-preview":"max-video-preview:-1"},"og_locale":"de_DE","og_type":"article","og_title":"Schneider Original Weisse TAP-7 - 20\/0,50 - Getr\u00e4nke Schl\u00fcter Onlineshop","og_description":"20\/0,50 - Schneider Original Weisse TPA 7 - dunkles Weizenbier mit 5,4vol% - \u0080 3,10 Pfand","og_url":"https:\/\/shop.merolution.de\/index.php\/product\/schneider-original-weisse-tap-7-20-050\/","og_site_name":"Getr\u00e4nke Schl\u00fcter Onlineshop","og_image":[{"width":150,"height":275,"url":"https:\/\/shop.merolution.de\/wp-content\/uploads\/2020\/05\/schneider-original-neu-2019.jpg","type":"image\/jpeg"}],"twitter_card":"summary_large_image","schema":{"@context":"https:\/\/schema.org","@graph":[{"@type":"WebPage","@id":"https:\/\/shop.merolution.de\/index.php\/product\/schneider-original-weisse-tap-7-20-050\/","url":"https:\/\/shop.merolution.de\/index.php\/product\/schneider-original-weisse-tap-7-20-050\/","name":"Schneider Original Weisse TAP-7 - 20\/0,50 - Getr\u00e4nke Schl\u00fcter Onlineshop","isPartOf":{"@id":"https:\/\/shop.merolution.de\/#website"},"datePublished":"2020-05-28T10:05:30+00:00","dateModified":"2020-05-28T10:05:30+00:00","breadcrumb":{"@id":"https:\/\/shop.merolution.de\/index.php\/product\/schneider-original-weisse-tap-7-20-050\/#breadcrumb"},"inLanguage":"de","potentialAction":[{"@type":"ReadAction","target":["https:\/\/shop.merolution.de\/index.php\/product\/schneider-original-weisse-tap-7-20-050\/"]}]},{"@type":"BreadcrumbList","@id":"https:\/\/shop.merolution.de\/index.php\/product\/schneider-original-weisse-tap-7-20-050\/#breadcrumb","itemListElement":[{"@type":"ListItem","position":1,"name":"Home","item":"https:\/\/shop.merolution.de\/"},{"@type":"ListItem","position":2,"name":"Shop","item":"https:\/\/shop.merolution.de\/"},{"@type":"ListItem","position":3,"name":"Schneider Original Weisse TAP-7 &#8211; 20\/0,50"}]},{"@type":"WebSite","@id":"https:\/\/shop.merolution.de\/#website","url":"https:\/\/shop.merolution.de\/","name":"Getr\u00e4nke Schl\u00fcter Onlineshop","description":"Ihr Getr\u00e4nke-Partner in Hannover","potentialAction":[{"@type":"SearchAction","target":{"@type":"EntryPoint","urlTemplate":"https:\/\/shop.merolution.de\/?s={search_term_string}"},"query-input":"required name=search_term_string"}],"inLanguage":"de"}]}},"_links":{"self":[{"href":"https:\/\/shop.merolution.de\/index.php\/wp-json\/wp\/v2\/product\/4512"}],"collection":[{"href":"https:\/\/shop.merolution.de\/index.php\/wp-json\/wp\/v2\/product"}],"about":[{"href":"https:\/\/shop.merolution.de\/index.php\/wp-json\/wp\/v2\/types\/product"}],"replies":[{"embeddable":true,"href":"https:\/\/shop.merolution.de\/index.php\/wp-json\/wp\/v2\/comments?post=4512"}],"wp:featuredmedia":[{"embeddable":true,"href":"https:\/\/shop.merolution.de\/index.php\/wp-json\/wp\/v2\/media\/4513"}],"wp:attachment":[{"href":"https:\/\/shop.merolution.de\/index.php\/wp-json\/wp\/v2\/media?parent=4512"}],"wp:term":[{"taxonomy":"product_cat","embeddable":true,"href":"https:\/\/shop.merolution.de\/index.php\/wp-json\/wp\/v2\/product_cat?post=4512"},{"taxonomy":"product_tag","embeddable":true,"href":"https:\/\/shop.merolution.de\/index.php\/wp-json\/wp\/v2\/product_tag?post=4512"}],"curies":[{"name":"wp","href":"https:\/\/api.w.org\/{rel}","templated":true}]}}