{"id":4535,"date":"2020-05-28T10:05:34","date_gmt":"2020-05-28T10:05:34","guid":{"rendered":"https:\/\/shop.merolution.de\/index.php\/product\/stoertebeker-bernstein-weisse-20x050\/"},"modified":"2020-05-28T10:05:34","modified_gmt":"2020-05-28T10:05:34","slug":"stoertebeker-bernstein-weisse-20x050","status":"publish","type":"product","link":"https:\/\/shop.merolution.de\/index.php\/product\/stoertebeker-bernstein-weisse-20x050\/","title":{"rendered":"St\u00f6rtebeker Bernstein Weisse 20&#215;0,50"},"content":{"rendered":"<p>St\u00f6rtebeker Bernstein-Hefeweizen &#8211; Weizen-, Caramel- und Pilsener-Braumalze verleihen dem Bier die kr\u00e4ftige Bernsteinfarbe und schaffen die Grundlage f\u00fcr die sich ank\u00fcndigenden Fruchtaromen &#8211; Die warme G\u00e4rung mit oberg\u00e4riger Hefe sorgt f\u00fcr den satten Duft von reifen Bana\u00acnen und roten Fr\u00fcchten sowie die kr\u00e4ftig perlende Kohlens\u00e4ure Die Dezente Hopfung mit der Hopfensorte Perle l\u00e4sst den Fruchtaromen die volle Entfaltung &#8211; Pfand \u0080 3,10<\/p>\n","protected":false},"excerpt":{"rendered":"<p>St\u00f6rtebeker Bernstein Weizen 20&#215;0,50 &#8211; 5,3vol% &#8211; Schon seit der Hansezeit werden in Norddeutschland Weizenbiere gebraut. Der Rezeptwechsel von den dunklen- oder Rotbieren zu \u0084Wei\u00df-\u0093 oder Weizenbieren entstand, um so auf den umk\u00e4mpften Export-M\u00e4rkten der Hanse mit neuen Kreationen zu begeistern.Die St\u00f6rtebeker Braumanufaktur folgt noch heute der Hansetradition und braut mit dem Bernstein-Weizen das beliebteste Weizen Mecklenburg-Vorpommerns, ein naturbelassenes, oberg\u00e4riges Hefeweizen mit Stammw\u00fcrze 12,9%. Genusstemperatur 10\u00b0C. Alkoholgehalt: 5,3% vol &#8211; Pfand: \u0080 3,10<\/p>\n","protected":false},"featured_media":4536,"comment_status":"open","ping_status":"closed","template":"","meta":[],"product_cat":[111],"product_tag":[],"yoast_head":"<!-- This site is optimized with the Yoast SEO plugin v19.14 - https:\/\/yoast.com\/wordpress\/plugins\/seo\/ -->\n<title>St\u00f6rtebeker Bernstein Weisse 20x0,50 - Getr\u00e4nke Schl\u00fcter Onlineshop<\/title>\n<meta name=\"robots\" content=\"noindex, follow, max-snippet:-1, max-image-preview:large, max-video-preview:-1\" \/>\n<meta property=\"og:locale\" content=\"de_DE\" \/>\n<meta property=\"og:type\" content=\"article\" \/>\n<meta property=\"og:title\" content=\"St\u00f6rtebeker Bernstein Weisse 20x0,50 - Getr\u00e4nke Schl\u00fcter Onlineshop\" \/>\n<meta property=\"og:description\" content=\"St\u00f6rtebeker Bernstein Weizen 20x0,50 - 5,3vol% - Schon seit der Hansezeit werden in Norddeutschland Weizenbiere gebraut. Der Rezeptwechsel von den dunklen- oder Rotbieren zu \u0084Wei\u00df-\u0093 oder Weizenbieren entstand, um so auf den umk\u00e4mpften Export-M\u00e4rkten der Hanse mit neuen Kreationen zu begeistern.Die St\u00f6rtebeker Braumanufaktur folgt noch heute der Hansetradition und braut mit dem Bernstein-Weizen das beliebteste Weizen Mecklenburg-Vorpommerns, ein naturbelassenes, oberg\u00e4riges Hefeweizen mit Stammw\u00fcrze 12,9%. Genusstemperatur 10\u00b0C. Alkoholgehalt: 5,3% vol - Pfand: \u0080 3,10\" \/>\n<meta property=\"og:url\" content=\"https:\/\/shop.merolution.de\/index.php\/product\/stoertebeker-bernstein-weisse-20x050\/\" \/>\n<meta property=\"og:site_name\" content=\"Getr\u00e4nke Schl\u00fcter Onlineshop\" \/>\n<meta property=\"og:image\" content=\"https:\/\/shop.merolution.de\/wp-content\/uploads\/2020\/05\/stoertebeker-entdecker-kiste-frontal-300x330-aid-3420s.png\" \/>\n\t<meta property=\"og:image:width\" content=\"150\" \/>\n\t<meta property=\"og:image:height\" content=\"165\" \/>\n\t<meta property=\"og:image:type\" content=\"image\/png\" \/>\n<meta name=\"twitter:card\" content=\"summary_large_image\" \/>\n<script type=\"application\/ld+json\" class=\"yoast-schema-graph\">{\"@context\":\"https:\/\/schema.org\",\"@graph\":[{\"@type\":\"WebPage\",\"@id\":\"https:\/\/shop.merolution.de\/index.php\/product\/stoertebeker-bernstein-weisse-20x050\/\",\"url\":\"https:\/\/shop.merolution.de\/index.php\/product\/stoertebeker-bernstein-weisse-20x050\/\",\"name\":\"St\u00f6rtebeker Bernstein Weisse 20x0,50 - Getr\u00e4nke Schl\u00fcter Onlineshop\",\"isPartOf\":{\"@id\":\"https:\/\/shop.merolution.de\/#website\"},\"datePublished\":\"2020-05-28T10:05:34+00:00\",\"dateModified\":\"2020-05-28T10:05:34+00:00\",\"breadcrumb\":{\"@id\":\"https:\/\/shop.merolution.de\/index.php\/product\/stoertebeker-bernstein-weisse-20x050\/#breadcrumb\"},\"inLanguage\":\"de\",\"potentialAction\":[{\"@type\":\"ReadAction\",\"target\":[\"https:\/\/shop.merolution.de\/index.php\/product\/stoertebeker-bernstein-weisse-20x050\/\"]}]},{\"@type\":\"BreadcrumbList\",\"@id\":\"https:\/\/shop.merolution.de\/index.php\/product\/stoertebeker-bernstein-weisse-20x050\/#breadcrumb\",\"itemListElement\":[{\"@type\":\"ListItem\",\"position\":1,\"name\":\"Home\",\"item\":\"https:\/\/shop.merolution.de\/\"},{\"@type\":\"ListItem\",\"position\":2,\"name\":\"Shop\",\"item\":\"https:\/\/shop.merolution.de\/\"},{\"@type\":\"ListItem\",\"position\":3,\"name\":\"St\u00f6rtebeker Bernstein Weisse 20&#215;0,50\"}]},{\"@type\":\"WebSite\",\"@id\":\"https:\/\/shop.merolution.de\/#website\",\"url\":\"https:\/\/shop.merolution.de\/\",\"name\":\"Getr\u00e4nke Schl\u00fcter Onlineshop\",\"description\":\"Ihr Getr\u00e4nke-Partner in Hannover\",\"potentialAction\":[{\"@type\":\"SearchAction\",\"target\":{\"@type\":\"EntryPoint\",\"urlTemplate\":\"https:\/\/shop.merolution.de\/?s={search_term_string}\"},\"query-input\":\"required name=search_term_string\"}],\"inLanguage\":\"de\"}]}<\/script>\n<!-- \/ Yoast SEO plugin. -->","yoast_head_json":{"title":"St\u00f6rtebeker Bernstein Weisse 20x0,50 - Getr\u00e4nke Schl\u00fcter Onlineshop","robots":{"index":"noindex","follow":"follow","max-snippet":"max-snippet:-1","max-image-preview":"max-image-preview:large","max-video-preview":"max-video-preview:-1"},"og_locale":"de_DE","og_type":"article","og_title":"St\u00f6rtebeker Bernstein Weisse 20x0,50 - Getr\u00e4nke Schl\u00fcter Onlineshop","og_description":"St\u00f6rtebeker Bernstein Weizen 20x0,50 - 5,3vol% - Schon seit der Hansezeit werden in Norddeutschland Weizenbiere gebraut. Der Rezeptwechsel von den dunklen- oder Rotbieren zu \u0084Wei\u00df-\u0093 oder Weizenbieren entstand, um so auf den umk\u00e4mpften Export-M\u00e4rkten der Hanse mit neuen Kreationen zu begeistern.Die St\u00f6rtebeker Braumanufaktur folgt noch heute der Hansetradition und braut mit dem Bernstein-Weizen das beliebteste Weizen Mecklenburg-Vorpommerns, ein naturbelassenes, oberg\u00e4riges Hefeweizen mit Stammw\u00fcrze 12,9%. Genusstemperatur 10\u00b0C. Alkoholgehalt: 5,3% vol - Pfand: \u0080 3,10","og_url":"https:\/\/shop.merolution.de\/index.php\/product\/stoertebeker-bernstein-weisse-20x050\/","og_site_name":"Getr\u00e4nke Schl\u00fcter Onlineshop","og_image":[{"width":150,"height":165,"url":"https:\/\/shop.merolution.de\/wp-content\/uploads\/2020\/05\/stoertebeker-entdecker-kiste-frontal-300x330-aid-3420s.png","type":"image\/png"}],"twitter_card":"summary_large_image","schema":{"@context":"https:\/\/schema.org","@graph":[{"@type":"WebPage","@id":"https:\/\/shop.merolution.de\/index.php\/product\/stoertebeker-bernstein-weisse-20x050\/","url":"https:\/\/shop.merolution.de\/index.php\/product\/stoertebeker-bernstein-weisse-20x050\/","name":"St\u00f6rtebeker Bernstein Weisse 20x0,50 - Getr\u00e4nke Schl\u00fcter Onlineshop","isPartOf":{"@id":"https:\/\/shop.merolution.de\/#website"},"datePublished":"2020-05-28T10:05:34+00:00","dateModified":"2020-05-28T10:05:34+00:00","breadcrumb":{"@id":"https:\/\/shop.merolution.de\/index.php\/product\/stoertebeker-bernstein-weisse-20x050\/#breadcrumb"},"inLanguage":"de","potentialAction":[{"@type":"ReadAction","target":["https:\/\/shop.merolution.de\/index.php\/product\/stoertebeker-bernstein-weisse-20x050\/"]}]},{"@type":"BreadcrumbList","@id":"https:\/\/shop.merolution.de\/index.php\/product\/stoertebeker-bernstein-weisse-20x050\/#breadcrumb","itemListElement":[{"@type":"ListItem","position":1,"name":"Home","item":"https:\/\/shop.merolution.de\/"},{"@type":"ListItem","position":2,"name":"Shop","item":"https:\/\/shop.merolution.de\/"},{"@type":"ListItem","position":3,"name":"St\u00f6rtebeker Bernstein Weisse 20&#215;0,50"}]},{"@type":"WebSite","@id":"https:\/\/shop.merolution.de\/#website","url":"https:\/\/shop.merolution.de\/","name":"Getr\u00e4nke Schl\u00fcter Onlineshop","description":"Ihr Getr\u00e4nke-Partner in Hannover","potentialAction":[{"@type":"SearchAction","target":{"@type":"EntryPoint","urlTemplate":"https:\/\/shop.merolution.de\/?s={search_term_string}"},"query-input":"required name=search_term_string"}],"inLanguage":"de"}]}},"_links":{"self":[{"href":"https:\/\/shop.merolution.de\/index.php\/wp-json\/wp\/v2\/product\/4535"}],"collection":[{"href":"https:\/\/shop.merolution.de\/index.php\/wp-json\/wp\/v2\/product"}],"about":[{"href":"https:\/\/shop.merolution.de\/index.php\/wp-json\/wp\/v2\/types\/product"}],"replies":[{"embeddable":true,"href":"https:\/\/shop.merolution.de\/index.php\/wp-json\/wp\/v2\/comments?post=4535"}],"wp:featuredmedia":[{"embeddable":true,"href":"https:\/\/shop.merolution.de\/index.php\/wp-json\/wp\/v2\/media\/4536"}],"wp:attachment":[{"href":"https:\/\/shop.merolution.de\/index.php\/wp-json\/wp\/v2\/media?parent=4535"}],"wp:term":[{"taxonomy":"product_cat","embeddable":true,"href":"https:\/\/shop.merolution.de\/index.php\/wp-json\/wp\/v2\/product_cat?post=4535"},{"taxonomy":"product_tag","embeddable":true,"href":"https:\/\/shop.merolution.de\/index.php\/wp-json\/wp\/v2\/product_tag?post=4535"}],"curies":[{"name":"wp","href":"https:\/\/api.w.org\/{rel}","templated":true}]}}