{"id":4577,"date":"2020-05-28T10:05:41","date_gmt":"2020-05-28T10:05:41","guid":{"rendered":"https:\/\/shop.merolution.de\/index.php\/product\/bennati-cornale-pinot-grigio-igt\/"},"modified":"2020-05-28T10:05:41","modified_gmt":"2020-05-28T10:05:41","slug":"bennati-cornale-pinot-grigio-igt","status":"publish","type":"product","link":"https:\/\/shop.merolution.de\/index.php\/product\/bennati-cornale-pinot-grigio-igt\/","title":{"rendered":"Bennati Cornale Pinot Grigio IGT"},"content":{"rendered":"<p>01\/0,75 &#8211; Italienischer Weisswein aus der Grauburgunder-Traube &#8211; Anbaugebiet Veneto IGT &#8211; Korken &#8211; Glas Einweg &#8211; Dieser Weisswein besticht durch seine strohgelbe Farbe mit gr\u00fcnlichen Reflexen &#8211; Er riecht fruchtig und leicht pfanzlich nach frischem Gras &#8211; Sein erfrischender Geschmack erinnert leicht an Citrusfr\u00fcchte &#8211; Alkohol 11,5vol% &#8211; Restzucker 17g\/L &#8211; S\u00e4ure 15,2g\/L &#8211; Er passt wunderbar zu Vorspeisen, gegrilltem Fisch, Gefl\u00fcgel und Weichk\u00e4se &#8211; Ideale Trinktemperatur bei 4 bis 6 Grad C. &#8211; Beim Kauf von 2 kompletten Kartons dieser Sorte bieten wir Ihnen eine 11+1 Aktion &#8211; 11 Flaschen kaufen + eine Flasche gratis dazu.<\/p>\n","protected":false},"excerpt":{"rendered":"<p>01\/0,75 &#8211; Italienischer Weisswein aus der Grauburgunder-Traube &#8211; Anbaugebiet Veneto IGT &#8211; Korken &#8211; Glas Einweg &#8211; Dieser Weisswein besticht durch seine strohgelbe Farbe mit gr\u00fcnlichen Reflexen &#8211; Er riecht fruchtig und leicht pfanzlich nach frischem Gras &#8211; Sein erfrischender Geschmack erinnert leicht an Citrusfr\u00fcchte &#8211; Alkohol 11,5vol% &#8211; Restzucker 17g\/L &#8211; S\u00e4ure 15,2g\/L &#8211; Er passt wunderbar zu Vorspeisen, gegrilltem Fisch, Gefl\u00fcgel und Weichk\u00e4se &#8211; Ideale Trinktemperatur bei 4 bis 6 Grad C.<\/p>\n","protected":false},"featured_media":4578,"comment_status":"open","ping_status":"closed","template":"","meta":[],"product_cat":[112],"product_tag":[],"yoast_head":"<!-- This site is optimized with the Yoast SEO plugin v19.14 - https:\/\/yoast.com\/wordpress\/plugins\/seo\/ -->\n<title>Bennati Cornale Pinot Grigio IGT - Getr\u00e4nke Schl\u00fcter Onlineshop<\/title>\n<meta name=\"robots\" content=\"noindex, follow, max-snippet:-1, max-image-preview:large, max-video-preview:-1\" \/>\n<meta property=\"og:locale\" content=\"de_DE\" \/>\n<meta property=\"og:type\" content=\"article\" \/>\n<meta property=\"og:title\" content=\"Bennati Cornale Pinot Grigio IGT - Getr\u00e4nke Schl\u00fcter Onlineshop\" \/>\n<meta property=\"og:description\" content=\"01\/0,75 - Italienischer Weisswein aus der Grauburgunder-Traube - Anbaugebiet Veneto IGT - Korken - Glas Einweg - Dieser Weisswein besticht durch seine strohgelbe Farbe mit gr\u00fcnlichen Reflexen - Er riecht fruchtig und leicht pfanzlich nach frischem Gras - Sein erfrischender Geschmack erinnert leicht an Citrusfr\u00fcchte - Alkohol 11,5vol% - Restzucker 17g\/L - S\u00e4ure 15,2g\/L - Er passt wunderbar zu Vorspeisen, gegrilltem Fisch, Gefl\u00fcgel und Weichk\u00e4se - Ideale Trinktemperatur bei 4 bis 6 Grad C.\" \/>\n<meta property=\"og:url\" content=\"https:\/\/shop.merolution.de\/index.php\/product\/bennati-cornale-pinot-grigio-igt\/\" \/>\n<meta property=\"og:site_name\" content=\"Getr\u00e4nke Schl\u00fcter Onlineshop\" \/>\n<meta property=\"og:image\" content=\"https:\/\/shop.merolution.de\/wp-content\/uploads\/2020\/05\/pinot-grigio-aid-3245s.png\" \/>\n\t<meta property=\"og:image:width\" content=\"150\" \/>\n\t<meta property=\"og:image:height\" content=\"470\" \/>\n\t<meta property=\"og:image:type\" content=\"image\/png\" \/>\n<meta name=\"twitter:card\" content=\"summary_large_image\" \/>\n<script type=\"application\/ld+json\" class=\"yoast-schema-graph\">{\"@context\":\"https:\/\/schema.org\",\"@graph\":[{\"@type\":\"WebPage\",\"@id\":\"https:\/\/shop.merolution.de\/index.php\/product\/bennati-cornale-pinot-grigio-igt\/\",\"url\":\"https:\/\/shop.merolution.de\/index.php\/product\/bennati-cornale-pinot-grigio-igt\/\",\"name\":\"Bennati Cornale Pinot Grigio IGT - Getr\u00e4nke Schl\u00fcter Onlineshop\",\"isPartOf\":{\"@id\":\"https:\/\/shop.merolution.de\/#website\"},\"datePublished\":\"2020-05-28T10:05:41+00:00\",\"dateModified\":\"2020-05-28T10:05:41+00:00\",\"breadcrumb\":{\"@id\":\"https:\/\/shop.merolution.de\/index.php\/product\/bennati-cornale-pinot-grigio-igt\/#breadcrumb\"},\"inLanguage\":\"de\",\"potentialAction\":[{\"@type\":\"ReadAction\",\"target\":[\"https:\/\/shop.merolution.de\/index.php\/product\/bennati-cornale-pinot-grigio-igt\/\"]}]},{\"@type\":\"BreadcrumbList\",\"@id\":\"https:\/\/shop.merolution.de\/index.php\/product\/bennati-cornale-pinot-grigio-igt\/#breadcrumb\",\"itemListElement\":[{\"@type\":\"ListItem\",\"position\":1,\"name\":\"Home\",\"item\":\"https:\/\/shop.merolution.de\/\"},{\"@type\":\"ListItem\",\"position\":2,\"name\":\"Shop\",\"item\":\"https:\/\/shop.merolution.de\/\"},{\"@type\":\"ListItem\",\"position\":3,\"name\":\"Bennati Cornale Pinot Grigio IGT\"}]},{\"@type\":\"WebSite\",\"@id\":\"https:\/\/shop.merolution.de\/#website\",\"url\":\"https:\/\/shop.merolution.de\/\",\"name\":\"Getr\u00e4nke Schl\u00fcter Onlineshop\",\"description\":\"Ihr Getr\u00e4nke-Partner in Hannover\",\"potentialAction\":[{\"@type\":\"SearchAction\",\"target\":{\"@type\":\"EntryPoint\",\"urlTemplate\":\"https:\/\/shop.merolution.de\/?s={search_term_string}\"},\"query-input\":\"required name=search_term_string\"}],\"inLanguage\":\"de\"}]}<\/script>\n<!-- \/ Yoast SEO plugin. -->","yoast_head_json":{"title":"Bennati Cornale Pinot Grigio IGT - Getr\u00e4nke Schl\u00fcter Onlineshop","robots":{"index":"noindex","follow":"follow","max-snippet":"max-snippet:-1","max-image-preview":"max-image-preview:large","max-video-preview":"max-video-preview:-1"},"og_locale":"de_DE","og_type":"article","og_title":"Bennati Cornale Pinot Grigio IGT - Getr\u00e4nke Schl\u00fcter Onlineshop","og_description":"01\/0,75 - Italienischer Weisswein aus der Grauburgunder-Traube - Anbaugebiet Veneto IGT - Korken - Glas Einweg - Dieser Weisswein besticht durch seine strohgelbe Farbe mit gr\u00fcnlichen Reflexen - Er riecht fruchtig und leicht pfanzlich nach frischem Gras - Sein erfrischender Geschmack erinnert leicht an Citrusfr\u00fcchte - Alkohol 11,5vol% - Restzucker 17g\/L - S\u00e4ure 15,2g\/L - Er passt wunderbar zu Vorspeisen, gegrilltem Fisch, Gefl\u00fcgel und Weichk\u00e4se - Ideale Trinktemperatur bei 4 bis 6 Grad C.","og_url":"https:\/\/shop.merolution.de\/index.php\/product\/bennati-cornale-pinot-grigio-igt\/","og_site_name":"Getr\u00e4nke Schl\u00fcter Onlineshop","og_image":[{"width":150,"height":470,"url":"https:\/\/shop.merolution.de\/wp-content\/uploads\/2020\/05\/pinot-grigio-aid-3245s.png","type":"image\/png"}],"twitter_card":"summary_large_image","schema":{"@context":"https:\/\/schema.org","@graph":[{"@type":"WebPage","@id":"https:\/\/shop.merolution.de\/index.php\/product\/bennati-cornale-pinot-grigio-igt\/","url":"https:\/\/shop.merolution.de\/index.php\/product\/bennati-cornale-pinot-grigio-igt\/","name":"Bennati Cornale Pinot Grigio IGT - Getr\u00e4nke Schl\u00fcter Onlineshop","isPartOf":{"@id":"https:\/\/shop.merolution.de\/#website"},"datePublished":"2020-05-28T10:05:41+00:00","dateModified":"2020-05-28T10:05:41+00:00","breadcrumb":{"@id":"https:\/\/shop.merolution.de\/index.php\/product\/bennati-cornale-pinot-grigio-igt\/#breadcrumb"},"inLanguage":"de","potentialAction":[{"@type":"ReadAction","target":["https:\/\/shop.merolution.de\/index.php\/product\/bennati-cornale-pinot-grigio-igt\/"]}]},{"@type":"BreadcrumbList","@id":"https:\/\/shop.merolution.de\/index.php\/product\/bennati-cornale-pinot-grigio-igt\/#breadcrumb","itemListElement":[{"@type":"ListItem","position":1,"name":"Home","item":"https:\/\/shop.merolution.de\/"},{"@type":"ListItem","position":2,"name":"Shop","item":"https:\/\/shop.merolution.de\/"},{"@type":"ListItem","position":3,"name":"Bennati Cornale Pinot Grigio IGT"}]},{"@type":"WebSite","@id":"https:\/\/shop.merolution.de\/#website","url":"https:\/\/shop.merolution.de\/","name":"Getr\u00e4nke Schl\u00fcter Onlineshop","description":"Ihr Getr\u00e4nke-Partner in Hannover","potentialAction":[{"@type":"SearchAction","target":{"@type":"EntryPoint","urlTemplate":"https:\/\/shop.merolution.de\/?s={search_term_string}"},"query-input":"required name=search_term_string"}],"inLanguage":"de"}]}},"_links":{"self":[{"href":"https:\/\/shop.merolution.de\/index.php\/wp-json\/wp\/v2\/product\/4577"}],"collection":[{"href":"https:\/\/shop.merolution.de\/index.php\/wp-json\/wp\/v2\/product"}],"about":[{"href":"https:\/\/shop.merolution.de\/index.php\/wp-json\/wp\/v2\/types\/product"}],"replies":[{"embeddable":true,"href":"https:\/\/shop.merolution.de\/index.php\/wp-json\/wp\/v2\/comments?post=4577"}],"wp:featuredmedia":[{"embeddable":true,"href":"https:\/\/shop.merolution.de\/index.php\/wp-json\/wp\/v2\/media\/4578"}],"wp:attachment":[{"href":"https:\/\/shop.merolution.de\/index.php\/wp-json\/wp\/v2\/media?parent=4577"}],"wp:term":[{"taxonomy":"product_cat","embeddable":true,"href":"https:\/\/shop.merolution.de\/index.php\/wp-json\/wp\/v2\/product_cat?post=4577"},{"taxonomy":"product_tag","embeddable":true,"href":"https:\/\/shop.merolution.de\/index.php\/wp-json\/wp\/v2\/product_tag?post=4577"}],"curies":[{"name":"wp","href":"https:\/\/api.w.org\/{rel}","templated":true}]}}