{"id":4579,"date":"2020-05-28T10:05:41","date_gmt":"2020-05-28T10:05:41","guid":{"rendered":"https:\/\/shop.merolution.de\/index.php\/product\/bennati-cornale-merlot-veneto\/"},"modified":"2020-05-28T10:05:41","modified_gmt":"2020-05-28T10:05:41","slug":"bennati-cornale-merlot-veneto","status":"publish","type":"product","link":"https:\/\/shop.merolution.de\/index.php\/product\/bennati-cornale-merlot-veneto\/","title":{"rendered":"Bennati Cornale Merlot Veneto"},"content":{"rendered":"<p>01\/0,75 &#8211; Italienischer Rotwein aus dem Veneto &#8211; Korken &#8211; Glas Einweg &#8211; Dieser Rotwein pr\u00e4sentiert sich in einem intensiven Rot und besticht durch seinen intensiven Geruch nach Heidelbeeren und blumigen Noten. Sein Geschmack erinnert an Johannisbeeren, Heidelbeeren und Veilchen. Die Tannine sind gut eingebunden und runden den Wein angenehm ab &#8211; Alkohol 12vol% &#8211; Restzucker 17 g\/L &#8211; S\u00e4ure 15,2 g\/L &#8211; Ideal zu Pasta und Pizza sowie mildem K\u00e4se &#8211; Beim Kauf von 2 kompletten Kartons dieser Sorte bieten wir Ihnen eine 11+1 Aktion &#8211; 11 Flaschen kaufen + eine Flasche gratis dazu.<\/p>\n","protected":false},"excerpt":{"rendered":"<p>01\/0,75 &#8211; Italienischer Rotwein aus dem Veneto &#8211; Korken &#8211; Glas Einweg &#8211; Dieser Rotwein pr\u00e4sentiert sich in einem intensiven Rot und besticht durch seinen intensiven Geruch nach Heidelbeeren und blumigen Noten. Sein Geschmack erinnert an Johannisbeeren, Heidelbeeren und Veilchen. Die Tannine sind gut eingebunden und runden den Wein angenehm ab &#8211; Alkohol 12vol% &#8211; Restzucker 17 g\/L &#8211; S\u00e4ure 15,2 g\/L &#8211; Ideal zu Pasta und Pizza sowie mildem K\u00e4se &#8211;<\/p>\n","protected":false},"featured_media":4580,"comment_status":"open","ping_status":"closed","template":"","meta":[],"product_cat":[112],"product_tag":[],"yoast_head":"<!-- This site is optimized with the Yoast SEO plugin v19.14 - https:\/\/yoast.com\/wordpress\/plugins\/seo\/ -->\n<title>Bennati Cornale Merlot Veneto - Getr\u00e4nke Schl\u00fcter Onlineshop<\/title>\n<meta name=\"robots\" content=\"noindex, follow, max-snippet:-1, max-image-preview:large, max-video-preview:-1\" \/>\n<meta property=\"og:locale\" content=\"de_DE\" \/>\n<meta property=\"og:type\" content=\"article\" \/>\n<meta property=\"og:title\" content=\"Bennati Cornale Merlot Veneto - Getr\u00e4nke Schl\u00fcter Onlineshop\" \/>\n<meta property=\"og:description\" content=\"01\/0,75 - Italienischer Rotwein aus dem Veneto - Korken - Glas Einweg - Dieser Rotwein pr\u00e4sentiert sich in einem intensiven Rot und besticht durch seinen intensiven Geruch nach Heidelbeeren und blumigen Noten. Sein Geschmack erinnert an Johannisbeeren, Heidelbeeren und Veilchen. Die Tannine sind gut eingebunden und runden den Wein angenehm ab - Alkohol 12vol% - Restzucker 17 g\/L - S\u00e4ure 15,2 g\/L - Ideal zu Pasta und Pizza sowie mildem K\u00e4se -\" \/>\n<meta property=\"og:url\" content=\"https:\/\/shop.merolution.de\/index.php\/product\/bennati-cornale-merlot-veneto\/\" \/>\n<meta property=\"og:site_name\" content=\"Getr\u00e4nke Schl\u00fcter Onlineshop\" \/>\n<meta property=\"og:image\" content=\"https:\/\/shop.merolution.de\/wp-content\/uploads\/2020\/05\/merlot-aid-3246s.png\" \/>\n\t<meta property=\"og:image:width\" content=\"150\" \/>\n\t<meta property=\"og:image:height\" content=\"470\" \/>\n\t<meta property=\"og:image:type\" content=\"image\/png\" \/>\n<meta name=\"twitter:card\" content=\"summary_large_image\" \/>\n<script type=\"application\/ld+json\" class=\"yoast-schema-graph\">{\"@context\":\"https:\/\/schema.org\",\"@graph\":[{\"@type\":\"WebPage\",\"@id\":\"https:\/\/shop.merolution.de\/index.php\/product\/bennati-cornale-merlot-veneto\/\",\"url\":\"https:\/\/shop.merolution.de\/index.php\/product\/bennati-cornale-merlot-veneto\/\",\"name\":\"Bennati Cornale Merlot Veneto - Getr\u00e4nke Schl\u00fcter Onlineshop\",\"isPartOf\":{\"@id\":\"https:\/\/shop.merolution.de\/#website\"},\"datePublished\":\"2020-05-28T10:05:41+00:00\",\"dateModified\":\"2020-05-28T10:05:41+00:00\",\"breadcrumb\":{\"@id\":\"https:\/\/shop.merolution.de\/index.php\/product\/bennati-cornale-merlot-veneto\/#breadcrumb\"},\"inLanguage\":\"de\",\"potentialAction\":[{\"@type\":\"ReadAction\",\"target\":[\"https:\/\/shop.merolution.de\/index.php\/product\/bennati-cornale-merlot-veneto\/\"]}]},{\"@type\":\"BreadcrumbList\",\"@id\":\"https:\/\/shop.merolution.de\/index.php\/product\/bennati-cornale-merlot-veneto\/#breadcrumb\",\"itemListElement\":[{\"@type\":\"ListItem\",\"position\":1,\"name\":\"Home\",\"item\":\"https:\/\/shop.merolution.de\/\"},{\"@type\":\"ListItem\",\"position\":2,\"name\":\"Shop\",\"item\":\"https:\/\/shop.merolution.de\/\"},{\"@type\":\"ListItem\",\"position\":3,\"name\":\"Bennati Cornale Merlot Veneto\"}]},{\"@type\":\"WebSite\",\"@id\":\"https:\/\/shop.merolution.de\/#website\",\"url\":\"https:\/\/shop.merolution.de\/\",\"name\":\"Getr\u00e4nke Schl\u00fcter Onlineshop\",\"description\":\"Ihr Getr\u00e4nke-Partner in Hannover\",\"potentialAction\":[{\"@type\":\"SearchAction\",\"target\":{\"@type\":\"EntryPoint\",\"urlTemplate\":\"https:\/\/shop.merolution.de\/?s={search_term_string}\"},\"query-input\":\"required name=search_term_string\"}],\"inLanguage\":\"de\"}]}<\/script>\n<!-- \/ Yoast SEO plugin. -->","yoast_head_json":{"title":"Bennati Cornale Merlot Veneto - Getr\u00e4nke Schl\u00fcter Onlineshop","robots":{"index":"noindex","follow":"follow","max-snippet":"max-snippet:-1","max-image-preview":"max-image-preview:large","max-video-preview":"max-video-preview:-1"},"og_locale":"de_DE","og_type":"article","og_title":"Bennati Cornale Merlot Veneto - Getr\u00e4nke Schl\u00fcter Onlineshop","og_description":"01\/0,75 - Italienischer Rotwein aus dem Veneto - Korken - Glas Einweg - Dieser Rotwein pr\u00e4sentiert sich in einem intensiven Rot und besticht durch seinen intensiven Geruch nach Heidelbeeren und blumigen Noten. Sein Geschmack erinnert an Johannisbeeren, Heidelbeeren und Veilchen. Die Tannine sind gut eingebunden und runden den Wein angenehm ab - Alkohol 12vol% - Restzucker 17 g\/L - S\u00e4ure 15,2 g\/L - Ideal zu Pasta und Pizza sowie mildem K\u00e4se -","og_url":"https:\/\/shop.merolution.de\/index.php\/product\/bennati-cornale-merlot-veneto\/","og_site_name":"Getr\u00e4nke Schl\u00fcter Onlineshop","og_image":[{"width":150,"height":470,"url":"https:\/\/shop.merolution.de\/wp-content\/uploads\/2020\/05\/merlot-aid-3246s.png","type":"image\/png"}],"twitter_card":"summary_large_image","schema":{"@context":"https:\/\/schema.org","@graph":[{"@type":"WebPage","@id":"https:\/\/shop.merolution.de\/index.php\/product\/bennati-cornale-merlot-veneto\/","url":"https:\/\/shop.merolution.de\/index.php\/product\/bennati-cornale-merlot-veneto\/","name":"Bennati Cornale Merlot Veneto - Getr\u00e4nke Schl\u00fcter Onlineshop","isPartOf":{"@id":"https:\/\/shop.merolution.de\/#website"},"datePublished":"2020-05-28T10:05:41+00:00","dateModified":"2020-05-28T10:05:41+00:00","breadcrumb":{"@id":"https:\/\/shop.merolution.de\/index.php\/product\/bennati-cornale-merlot-veneto\/#breadcrumb"},"inLanguage":"de","potentialAction":[{"@type":"ReadAction","target":["https:\/\/shop.merolution.de\/index.php\/product\/bennati-cornale-merlot-veneto\/"]}]},{"@type":"BreadcrumbList","@id":"https:\/\/shop.merolution.de\/index.php\/product\/bennati-cornale-merlot-veneto\/#breadcrumb","itemListElement":[{"@type":"ListItem","position":1,"name":"Home","item":"https:\/\/shop.merolution.de\/"},{"@type":"ListItem","position":2,"name":"Shop","item":"https:\/\/shop.merolution.de\/"},{"@type":"ListItem","position":3,"name":"Bennati Cornale Merlot Veneto"}]},{"@type":"WebSite","@id":"https:\/\/shop.merolution.de\/#website","url":"https:\/\/shop.merolution.de\/","name":"Getr\u00e4nke Schl\u00fcter Onlineshop","description":"Ihr Getr\u00e4nke-Partner in Hannover","potentialAction":[{"@type":"SearchAction","target":{"@type":"EntryPoint","urlTemplate":"https:\/\/shop.merolution.de\/?s={search_term_string}"},"query-input":"required name=search_term_string"}],"inLanguage":"de"}]}},"_links":{"self":[{"href":"https:\/\/shop.merolution.de\/index.php\/wp-json\/wp\/v2\/product\/4579"}],"collection":[{"href":"https:\/\/shop.merolution.de\/index.php\/wp-json\/wp\/v2\/product"}],"about":[{"href":"https:\/\/shop.merolution.de\/index.php\/wp-json\/wp\/v2\/types\/product"}],"replies":[{"embeddable":true,"href":"https:\/\/shop.merolution.de\/index.php\/wp-json\/wp\/v2\/comments?post=4579"}],"wp:featuredmedia":[{"embeddable":true,"href":"https:\/\/shop.merolution.de\/index.php\/wp-json\/wp\/v2\/media\/4580"}],"wp:attachment":[{"href":"https:\/\/shop.merolution.de\/index.php\/wp-json\/wp\/v2\/media?parent=4579"}],"wp:term":[{"taxonomy":"product_cat","embeddable":true,"href":"https:\/\/shop.merolution.de\/index.php\/wp-json\/wp\/v2\/product_cat?post=4579"},{"taxonomy":"product_tag","embeddable":true,"href":"https:\/\/shop.merolution.de\/index.php\/wp-json\/wp\/v2\/product_tag?post=4579"}],"curies":[{"name":"wp","href":"https:\/\/api.w.org\/{rel}","templated":true}]}}