{"id":4589,"date":"2020-05-28T10:05:43","date_gmt":"2020-05-28T10:05:43","guid":{"rendered":"https:\/\/shop.merolution.de\/index.php\/product\/bennati-cornale-bardolino-doc\/"},"modified":"2020-05-28T10:05:43","modified_gmt":"2020-05-28T10:05:43","slug":"bennati-cornale-bardolino-doc","status":"publish","type":"product","link":"https:\/\/shop.merolution.de\/index.php\/product\/bennati-cornale-bardolino-doc\/","title":{"rendered":"Bennati Cornale Bardolino DOC"},"content":{"rendered":"<p>01\/0,75 &#8211; Italienischer Rotwein aus dem Bardolino bereitet aus den Rebsorten Corvina, Rondinella und Molinara &#8211; Korken &#8211; Glas-Einweg &#8211; Dieser Rotwein pr\u00e4sentiert sich in einem hellen Rubinrot riecht sehr fruchtig und schmeckt vollmundig und fruchtig &#8211; Alkohol 11,5vol% &#8211; Restzucker 17,0 g\/L &#8211; S\u00e4uregehalt 15,3 g\/L &#8211; Ideal zu Risotto, Wild und bei Grillabenden &#8211; Beim Kauf von 2 kompletten Kartons dieser Sorte bieten wir Ihnen eine 11+1 Aktion &#8211; 11 Flaschen kaufen + eine Flasche gratis dazu.<\/p>\n","protected":false},"excerpt":{"rendered":"<p>01\/0,75 &#8211; Italienischer Rotwein aus dem Bardolino bereitet aus den Rebsorten Corvina, Rondinella und Molinara &#8211; Korken &#8211; Glas-Einweg &#8211; Dieser Rotwein pr\u00e4sentiert sich in einem hellen Rubinrot riecht sehr fruchtig und schmeckt vollmundig und fruchtig &#8211; Alkohol 11,5vol% &#8211; Restzucker 17,0 g\/L &#8211; S\u00e4uregehalt 15,3 g\/L &#8211; Ideal zu Risotto, Wild und bei Grillabenden.<\/p>\n","protected":false},"featured_media":4590,"comment_status":"open","ping_status":"closed","template":"","meta":[],"product_cat":[112],"product_tag":[],"yoast_head":"<!-- This site is optimized with the Yoast SEO plugin v19.14 - https:\/\/yoast.com\/wordpress\/plugins\/seo\/ -->\n<title>Bennati Cornale Bardolino DOC - Getr\u00e4nke Schl\u00fcter Onlineshop<\/title>\n<meta name=\"robots\" content=\"noindex, follow, max-snippet:-1, max-image-preview:large, max-video-preview:-1\" \/>\n<meta property=\"og:locale\" content=\"de_DE\" \/>\n<meta property=\"og:type\" content=\"article\" \/>\n<meta property=\"og:title\" content=\"Bennati Cornale Bardolino DOC - Getr\u00e4nke Schl\u00fcter Onlineshop\" \/>\n<meta property=\"og:description\" content=\"01\/0,75 - Italienischer Rotwein aus dem Bardolino bereitet aus den Rebsorten Corvina, Rondinella und Molinara - Korken - Glas-Einweg - Dieser Rotwein pr\u00e4sentiert sich in einem hellen Rubinrot riecht sehr fruchtig und schmeckt vollmundig und fruchtig - Alkohol 11,5vol% - Restzucker 17,0 g\/L - S\u00e4uregehalt 15,3 g\/L - Ideal zu Risotto, Wild und bei Grillabenden.\" \/>\n<meta property=\"og:url\" content=\"https:\/\/shop.merolution.de\/index.php\/product\/bennati-cornale-bardolino-doc\/\" \/>\n<meta property=\"og:site_name\" content=\"Getr\u00e4nke Schl\u00fcter Onlineshop\" \/>\n<meta property=\"og:image\" content=\"https:\/\/shop.merolution.de\/wp-content\/uploads\/2020\/05\/bardolino-aid-3251s.png\" \/>\n\t<meta property=\"og:image:width\" content=\"150\" \/>\n\t<meta property=\"og:image:height\" content=\"470\" \/>\n\t<meta property=\"og:image:type\" content=\"image\/png\" \/>\n<meta name=\"twitter:card\" content=\"summary_large_image\" \/>\n<script type=\"application\/ld+json\" class=\"yoast-schema-graph\">{\"@context\":\"https:\/\/schema.org\",\"@graph\":[{\"@type\":\"WebPage\",\"@id\":\"https:\/\/shop.merolution.de\/index.php\/product\/bennati-cornale-bardolino-doc\/\",\"url\":\"https:\/\/shop.merolution.de\/index.php\/product\/bennati-cornale-bardolino-doc\/\",\"name\":\"Bennati Cornale Bardolino DOC - Getr\u00e4nke Schl\u00fcter Onlineshop\",\"isPartOf\":{\"@id\":\"https:\/\/shop.merolution.de\/#website\"},\"datePublished\":\"2020-05-28T10:05:43+00:00\",\"dateModified\":\"2020-05-28T10:05:43+00:00\",\"breadcrumb\":{\"@id\":\"https:\/\/shop.merolution.de\/index.php\/product\/bennati-cornale-bardolino-doc\/#breadcrumb\"},\"inLanguage\":\"de\",\"potentialAction\":[{\"@type\":\"ReadAction\",\"target\":[\"https:\/\/shop.merolution.de\/index.php\/product\/bennati-cornale-bardolino-doc\/\"]}]},{\"@type\":\"BreadcrumbList\",\"@id\":\"https:\/\/shop.merolution.de\/index.php\/product\/bennati-cornale-bardolino-doc\/#breadcrumb\",\"itemListElement\":[{\"@type\":\"ListItem\",\"position\":1,\"name\":\"Home\",\"item\":\"https:\/\/shop.merolution.de\/\"},{\"@type\":\"ListItem\",\"position\":2,\"name\":\"Shop\",\"item\":\"https:\/\/shop.merolution.de\/\"},{\"@type\":\"ListItem\",\"position\":3,\"name\":\"Bennati Cornale Bardolino DOC\"}]},{\"@type\":\"WebSite\",\"@id\":\"https:\/\/shop.merolution.de\/#website\",\"url\":\"https:\/\/shop.merolution.de\/\",\"name\":\"Getr\u00e4nke Schl\u00fcter Onlineshop\",\"description\":\"Ihr Getr\u00e4nke-Partner in Hannover\",\"potentialAction\":[{\"@type\":\"SearchAction\",\"target\":{\"@type\":\"EntryPoint\",\"urlTemplate\":\"https:\/\/shop.merolution.de\/?s={search_term_string}\"},\"query-input\":\"required name=search_term_string\"}],\"inLanguage\":\"de\"}]}<\/script>\n<!-- \/ Yoast SEO plugin. -->","yoast_head_json":{"title":"Bennati Cornale Bardolino DOC - Getr\u00e4nke Schl\u00fcter Onlineshop","robots":{"index":"noindex","follow":"follow","max-snippet":"max-snippet:-1","max-image-preview":"max-image-preview:large","max-video-preview":"max-video-preview:-1"},"og_locale":"de_DE","og_type":"article","og_title":"Bennati Cornale Bardolino DOC - Getr\u00e4nke Schl\u00fcter Onlineshop","og_description":"01\/0,75 - Italienischer Rotwein aus dem Bardolino bereitet aus den Rebsorten Corvina, Rondinella und Molinara - Korken - Glas-Einweg - Dieser Rotwein pr\u00e4sentiert sich in einem hellen Rubinrot riecht sehr fruchtig und schmeckt vollmundig und fruchtig - Alkohol 11,5vol% - Restzucker 17,0 g\/L - S\u00e4uregehalt 15,3 g\/L - Ideal zu Risotto, Wild und bei Grillabenden.","og_url":"https:\/\/shop.merolution.de\/index.php\/product\/bennati-cornale-bardolino-doc\/","og_site_name":"Getr\u00e4nke Schl\u00fcter Onlineshop","og_image":[{"width":150,"height":470,"url":"https:\/\/shop.merolution.de\/wp-content\/uploads\/2020\/05\/bardolino-aid-3251s.png","type":"image\/png"}],"twitter_card":"summary_large_image","schema":{"@context":"https:\/\/schema.org","@graph":[{"@type":"WebPage","@id":"https:\/\/shop.merolution.de\/index.php\/product\/bennati-cornale-bardolino-doc\/","url":"https:\/\/shop.merolution.de\/index.php\/product\/bennati-cornale-bardolino-doc\/","name":"Bennati Cornale Bardolino DOC - Getr\u00e4nke Schl\u00fcter Onlineshop","isPartOf":{"@id":"https:\/\/shop.merolution.de\/#website"},"datePublished":"2020-05-28T10:05:43+00:00","dateModified":"2020-05-28T10:05:43+00:00","breadcrumb":{"@id":"https:\/\/shop.merolution.de\/index.php\/product\/bennati-cornale-bardolino-doc\/#breadcrumb"},"inLanguage":"de","potentialAction":[{"@type":"ReadAction","target":["https:\/\/shop.merolution.de\/index.php\/product\/bennati-cornale-bardolino-doc\/"]}]},{"@type":"BreadcrumbList","@id":"https:\/\/shop.merolution.de\/index.php\/product\/bennati-cornale-bardolino-doc\/#breadcrumb","itemListElement":[{"@type":"ListItem","position":1,"name":"Home","item":"https:\/\/shop.merolution.de\/"},{"@type":"ListItem","position":2,"name":"Shop","item":"https:\/\/shop.merolution.de\/"},{"@type":"ListItem","position":3,"name":"Bennati Cornale Bardolino DOC"}]},{"@type":"WebSite","@id":"https:\/\/shop.merolution.de\/#website","url":"https:\/\/shop.merolution.de\/","name":"Getr\u00e4nke Schl\u00fcter Onlineshop","description":"Ihr Getr\u00e4nke-Partner in Hannover","potentialAction":[{"@type":"SearchAction","target":{"@type":"EntryPoint","urlTemplate":"https:\/\/shop.merolution.de\/?s={search_term_string}"},"query-input":"required name=search_term_string"}],"inLanguage":"de"}]}},"_links":{"self":[{"href":"https:\/\/shop.merolution.de\/index.php\/wp-json\/wp\/v2\/product\/4589"}],"collection":[{"href":"https:\/\/shop.merolution.de\/index.php\/wp-json\/wp\/v2\/product"}],"about":[{"href":"https:\/\/shop.merolution.de\/index.php\/wp-json\/wp\/v2\/types\/product"}],"replies":[{"embeddable":true,"href":"https:\/\/shop.merolution.de\/index.php\/wp-json\/wp\/v2\/comments?post=4589"}],"wp:featuredmedia":[{"embeddable":true,"href":"https:\/\/shop.merolution.de\/index.php\/wp-json\/wp\/v2\/media\/4590"}],"wp:attachment":[{"href":"https:\/\/shop.merolution.de\/index.php\/wp-json\/wp\/v2\/media?parent=4589"}],"wp:term":[{"taxonomy":"product_cat","embeddable":true,"href":"https:\/\/shop.merolution.de\/index.php\/wp-json\/wp\/v2\/product_cat?post=4589"},{"taxonomy":"product_tag","embeddable":true,"href":"https:\/\/shop.merolution.de\/index.php\/wp-json\/wp\/v2\/product_tag?post=4589"}],"curies":[{"name":"wp","href":"https:\/\/api.w.org\/{rel}","templated":true}]}}