{"id":4595,"date":"2020-05-28T10:05:44","date_gmt":"2020-05-28T10:05:44","guid":{"rendered":"https:\/\/shop.merolution.de\/index.php\/product\/bennati-soraighe-lugana-doc\/"},"modified":"2020-05-28T10:05:44","modified_gmt":"2020-05-28T10:05:44","slug":"bennati-soraighe-lugana-doc","status":"publish","type":"product","link":"https:\/\/shop.merolution.de\/index.php\/product\/bennati-soraighe-lugana-doc\/","title":{"rendered":"Bennati Soraighe Lugana DOC"},"content":{"rendered":"<p>01\/0,75REBSORTE: Trebbiano di LuganaHERSTELLUNGSGEBIET:Huegellagen an der Suedoestlichen Seite des Gardasees. Pergel oder Spalier Zuchtform der Weinberge Herstellung per Hektar: 125 DoppelzentnerWEINLESE:von Hand im September und OktoberWEINERZEUGUNG:als Weisswein in Stahlbecken bei kontrollierter Temperatur. Er bleibt einige Monate lang auf seinen eigenen Weintrester und dann noch fuer kurzer Zeit in Barriques.ORGANOLEPTISCHE KENNZEICHEN:Farbe: etwas gruenliches strohgelbGeruch: leicht aromatisch und fruchtigGeschmack: wuerzig, zart und fein, duftend.GASTRONOMISCHE EMPFEHLUNG:Ausgezeichnet zu Fisch Vorgerichten. Ideal mit Risotto-Vorspeisen und weissem Fleisch.Ideal Serviertemperatur: 10\u00b0 &#8211; 12\u00b0 C.Alcoholgehalt: 13 % Vol.Gesamts\u00e4uregehalt: 5,7 %PH: 3,30Trocken Extrakt: 25 Gramm per Liter<\/p>\n","protected":false},"excerpt":{"rendered":"<p>01\/0,75Alcoholgehalt: 13 % Vol.Gesamts\u00e4uregehalt: 5,7 %PH: 3,30Trocken Extrakt: 25 Gramm per Liter<\/p>\n","protected":false},"featured_media":4596,"comment_status":"open","ping_status":"closed","template":"","meta":[],"product_cat":[113],"product_tag":[],"yoast_head":"<!-- This site is optimized with the Yoast SEO plugin v19.14 - https:\/\/yoast.com\/wordpress\/plugins\/seo\/ -->\n<title>Bennati Soraighe Lugana DOC - Getr\u00e4nke Schl\u00fcter Onlineshop<\/title>\n<meta name=\"robots\" content=\"noindex, follow, max-snippet:-1, max-image-preview:large, max-video-preview:-1\" \/>\n<meta property=\"og:locale\" content=\"de_DE\" \/>\n<meta property=\"og:type\" content=\"article\" \/>\n<meta property=\"og:title\" content=\"Bennati Soraighe Lugana DOC - Getr\u00e4nke Schl\u00fcter Onlineshop\" \/>\n<meta property=\"og:description\" content=\"01\/0,75Alcoholgehalt: 13 % Vol.Gesamts\u00e4uregehalt: 5,7 %PH: 3,30Trocken Extrakt: 25 Gramm per Liter\" \/>\n<meta property=\"og:url\" content=\"https:\/\/shop.merolution.de\/index.php\/product\/bennati-soraighe-lugana-doc\/\" \/>\n<meta property=\"og:site_name\" content=\"Getr\u00e4nke Schl\u00fcter Onlineshop\" \/>\n<meta property=\"og:image\" content=\"https:\/\/shop.merolution.de\/wp-content\/uploads\/2020\/05\/3258aPic1S1500055904_zz_soraighe-lugana.gif\" \/>\n\t<meta property=\"og:image:width\" content=\"147\" \/>\n\t<meta property=\"og:image:height\" content=\"646\" \/>\n\t<meta property=\"og:image:type\" content=\"image\/gif\" \/>\n<meta name=\"twitter:card\" content=\"summary_large_image\" \/>\n<script type=\"application\/ld+json\" class=\"yoast-schema-graph\">{\"@context\":\"https:\/\/schema.org\",\"@graph\":[{\"@type\":\"WebPage\",\"@id\":\"https:\/\/shop.merolution.de\/index.php\/product\/bennati-soraighe-lugana-doc\/\",\"url\":\"https:\/\/shop.merolution.de\/index.php\/product\/bennati-soraighe-lugana-doc\/\",\"name\":\"Bennati Soraighe Lugana DOC - Getr\u00e4nke Schl\u00fcter Onlineshop\",\"isPartOf\":{\"@id\":\"https:\/\/shop.merolution.de\/#website\"},\"datePublished\":\"2020-05-28T10:05:44+00:00\",\"dateModified\":\"2020-05-28T10:05:44+00:00\",\"breadcrumb\":{\"@id\":\"https:\/\/shop.merolution.de\/index.php\/product\/bennati-soraighe-lugana-doc\/#breadcrumb\"},\"inLanguage\":\"de\",\"potentialAction\":[{\"@type\":\"ReadAction\",\"target\":[\"https:\/\/shop.merolution.de\/index.php\/product\/bennati-soraighe-lugana-doc\/\"]}]},{\"@type\":\"BreadcrumbList\",\"@id\":\"https:\/\/shop.merolution.de\/index.php\/product\/bennati-soraighe-lugana-doc\/#breadcrumb\",\"itemListElement\":[{\"@type\":\"ListItem\",\"position\":1,\"name\":\"Home\",\"item\":\"https:\/\/shop.merolution.de\/\"},{\"@type\":\"ListItem\",\"position\":2,\"name\":\"Shop\",\"item\":\"https:\/\/shop.merolution.de\/\"},{\"@type\":\"ListItem\",\"position\":3,\"name\":\"Bennati Soraighe Lugana DOC\"}]},{\"@type\":\"WebSite\",\"@id\":\"https:\/\/shop.merolution.de\/#website\",\"url\":\"https:\/\/shop.merolution.de\/\",\"name\":\"Getr\u00e4nke Schl\u00fcter Onlineshop\",\"description\":\"Ihr Getr\u00e4nke-Partner in Hannover\",\"potentialAction\":[{\"@type\":\"SearchAction\",\"target\":{\"@type\":\"EntryPoint\",\"urlTemplate\":\"https:\/\/shop.merolution.de\/?s={search_term_string}\"},\"query-input\":\"required name=search_term_string\"}],\"inLanguage\":\"de\"}]}<\/script>\n<!-- \/ Yoast SEO plugin. -->","yoast_head_json":{"title":"Bennati Soraighe Lugana DOC - Getr\u00e4nke Schl\u00fcter Onlineshop","robots":{"index":"noindex","follow":"follow","max-snippet":"max-snippet:-1","max-image-preview":"max-image-preview:large","max-video-preview":"max-video-preview:-1"},"og_locale":"de_DE","og_type":"article","og_title":"Bennati Soraighe Lugana DOC - Getr\u00e4nke Schl\u00fcter Onlineshop","og_description":"01\/0,75Alcoholgehalt: 13 % Vol.Gesamts\u00e4uregehalt: 5,7 %PH: 3,30Trocken Extrakt: 25 Gramm per Liter","og_url":"https:\/\/shop.merolution.de\/index.php\/product\/bennati-soraighe-lugana-doc\/","og_site_name":"Getr\u00e4nke Schl\u00fcter Onlineshop","og_image":[{"width":147,"height":646,"url":"https:\/\/shop.merolution.de\/wp-content\/uploads\/2020\/05\/3258aPic1S1500055904_zz_soraighe-lugana.gif","type":"image\/gif"}],"twitter_card":"summary_large_image","schema":{"@context":"https:\/\/schema.org","@graph":[{"@type":"WebPage","@id":"https:\/\/shop.merolution.de\/index.php\/product\/bennati-soraighe-lugana-doc\/","url":"https:\/\/shop.merolution.de\/index.php\/product\/bennati-soraighe-lugana-doc\/","name":"Bennati Soraighe Lugana DOC - Getr\u00e4nke Schl\u00fcter Onlineshop","isPartOf":{"@id":"https:\/\/shop.merolution.de\/#website"},"datePublished":"2020-05-28T10:05:44+00:00","dateModified":"2020-05-28T10:05:44+00:00","breadcrumb":{"@id":"https:\/\/shop.merolution.de\/index.php\/product\/bennati-soraighe-lugana-doc\/#breadcrumb"},"inLanguage":"de","potentialAction":[{"@type":"ReadAction","target":["https:\/\/shop.merolution.de\/index.php\/product\/bennati-soraighe-lugana-doc\/"]}]},{"@type":"BreadcrumbList","@id":"https:\/\/shop.merolution.de\/index.php\/product\/bennati-soraighe-lugana-doc\/#breadcrumb","itemListElement":[{"@type":"ListItem","position":1,"name":"Home","item":"https:\/\/shop.merolution.de\/"},{"@type":"ListItem","position":2,"name":"Shop","item":"https:\/\/shop.merolution.de\/"},{"@type":"ListItem","position":3,"name":"Bennati Soraighe Lugana DOC"}]},{"@type":"WebSite","@id":"https:\/\/shop.merolution.de\/#website","url":"https:\/\/shop.merolution.de\/","name":"Getr\u00e4nke Schl\u00fcter Onlineshop","description":"Ihr Getr\u00e4nke-Partner in Hannover","potentialAction":[{"@type":"SearchAction","target":{"@type":"EntryPoint","urlTemplate":"https:\/\/shop.merolution.de\/?s={search_term_string}"},"query-input":"required name=search_term_string"}],"inLanguage":"de"}]}},"_links":{"self":[{"href":"https:\/\/shop.merolution.de\/index.php\/wp-json\/wp\/v2\/product\/4595"}],"collection":[{"href":"https:\/\/shop.merolution.de\/index.php\/wp-json\/wp\/v2\/product"}],"about":[{"href":"https:\/\/shop.merolution.de\/index.php\/wp-json\/wp\/v2\/types\/product"}],"replies":[{"embeddable":true,"href":"https:\/\/shop.merolution.de\/index.php\/wp-json\/wp\/v2\/comments?post=4595"}],"wp:featuredmedia":[{"embeddable":true,"href":"https:\/\/shop.merolution.de\/index.php\/wp-json\/wp\/v2\/media\/4596"}],"wp:attachment":[{"href":"https:\/\/shop.merolution.de\/index.php\/wp-json\/wp\/v2\/media?parent=4595"}],"wp:term":[{"taxonomy":"product_cat","embeddable":true,"href":"https:\/\/shop.merolution.de\/index.php\/wp-json\/wp\/v2\/product_cat?post=4595"},{"taxonomy":"product_tag","embeddable":true,"href":"https:\/\/shop.merolution.de\/index.php\/wp-json\/wp\/v2\/product_tag?post=4595"}],"curies":[{"name":"wp","href":"https:\/\/api.w.org\/{rel}","templated":true}]}}