{"id":4599,"date":"2020-05-28T10:05:44","date_gmt":"2020-05-28T10:05:44","guid":{"rendered":"https:\/\/shop.merolution.de\/index.php\/product\/bennati-elite-amarone-del-valpolicella\/"},"modified":"2020-05-28T10:05:44","modified_gmt":"2020-05-28T10:05:44","slug":"bennati-elite-amarone-del-valpolicella","status":"publish","type":"product","link":"https:\/\/shop.merolution.de\/index.php\/product\/bennati-elite-amarone-del-valpolicella\/","title":{"rendered":"Bennati Elite Amarone del Valpolicella"},"content":{"rendered":"<p>01\/0,75 &#8211; Italienischer Rotwein der Extraklasse aus der Region Verona &#8211; Rebsorten: Corvina, Rondinella, Molinaria &#8211; Ein Wein von undurchsichtigem Rot mit violetten Nuancen. Duft nach gekochtem Obst und Marmelade und Geschmack nach Kirsch-, Himbeer- und Brombeermarmelade. Sehr w\u00fcrzig, scharf. &#8211; Alkohol 15 vol% &#8211; Rests\u00fc\u00dfe 18g\/L &#8211; S\u00e4ure 15,6 g\/L &#8211; Ideal zu intensiven Gerichten, rotem Fleisch und scharfem K\u00e4se &#8211; Gerne auch solo zur Zigarre &#8211; lagerf\u00e4hig<\/p>\n","protected":false},"excerpt":{"rendered":"<p>01\/0,75 &#8211; Italienischer Rotwein der Extraklasse aus der Region Verona &#8211; Rebsorten: Corvina, Rondinella, Molinaria &#8211; Ein Wein von undurchsichtigem Rot mit violetten Nuancen. Duft nach gekochtem Obst und Marmelade und Geschmack nach Kirsch-, Himbeer- und Brombeermarmelade. Sehr w\u00fcrzig, scharf. &#8211; Alkohol 15 vol% &#8211; Rests\u00fc\u00dfe 18g\/L &#8211; S\u00e4ure 15,6 g\/L &#8211; Ideal zu intensiven Gerichten, rotem Fleisch und scharfem K\u00e4se &#8211; Gerne auch solo zur Zigarre<\/p>\n","protected":false},"featured_media":4600,"comment_status":"open","ping_status":"closed","template":"","meta":[],"product_cat":[113],"product_tag":[],"yoast_head":"<!-- This site is optimized with the Yoast SEO plugin v19.14 - https:\/\/yoast.com\/wordpress\/plugins\/seo\/ -->\n<title>Bennati Elite Amarone del Valpolicella - Getr\u00e4nke Schl\u00fcter Onlineshop<\/title>\n<meta name=\"robots\" content=\"noindex, follow, max-snippet:-1, max-image-preview:large, max-video-preview:-1\" \/>\n<meta property=\"og:locale\" content=\"de_DE\" \/>\n<meta property=\"og:type\" content=\"article\" \/>\n<meta property=\"og:title\" content=\"Bennati Elite Amarone del Valpolicella - Getr\u00e4nke Schl\u00fcter Onlineshop\" \/>\n<meta property=\"og:description\" content=\"01\/0,75 - Italienischer Rotwein der Extraklasse aus der Region Verona - Rebsorten: Corvina, Rondinella, Molinaria - Ein Wein von undurchsichtigem Rot mit violetten Nuancen. Duft nach gekochtem Obst und Marmelade und Geschmack nach Kirsch-, Himbeer- und Brombeermarmelade. Sehr w\u00fcrzig, scharf. - Alkohol 15 vol% - Rests\u00fc\u00dfe 18g\/L - S\u00e4ure 15,6 g\/L - Ideal zu intensiven Gerichten, rotem Fleisch und scharfem K\u00e4se - Gerne auch solo zur Zigarre\" \/>\n<meta property=\"og:url\" content=\"https:\/\/shop.merolution.de\/index.php\/product\/bennati-elite-amarone-del-valpolicella\/\" \/>\n<meta property=\"og:site_name\" content=\"Getr\u00e4nke Schl\u00fcter Onlineshop\" \/>\n<meta property=\"og:image\" content=\"https:\/\/shop.merolution.de\/wp-content\/uploads\/2020\/05\/amarone-aid-3262s.png\" \/>\n\t<meta property=\"og:image:width\" content=\"150\" \/>\n\t<meta property=\"og:image:height\" content=\"470\" \/>\n\t<meta property=\"og:image:type\" content=\"image\/png\" \/>\n<meta name=\"twitter:card\" content=\"summary_large_image\" \/>\n<script type=\"application\/ld+json\" class=\"yoast-schema-graph\">{\"@context\":\"https:\/\/schema.org\",\"@graph\":[{\"@type\":\"WebPage\",\"@id\":\"https:\/\/shop.merolution.de\/index.php\/product\/bennati-elite-amarone-del-valpolicella\/\",\"url\":\"https:\/\/shop.merolution.de\/index.php\/product\/bennati-elite-amarone-del-valpolicella\/\",\"name\":\"Bennati Elite Amarone del Valpolicella - Getr\u00e4nke Schl\u00fcter Onlineshop\",\"isPartOf\":{\"@id\":\"https:\/\/shop.merolution.de\/#website\"},\"datePublished\":\"2020-05-28T10:05:44+00:00\",\"dateModified\":\"2020-05-28T10:05:44+00:00\",\"breadcrumb\":{\"@id\":\"https:\/\/shop.merolution.de\/index.php\/product\/bennati-elite-amarone-del-valpolicella\/#breadcrumb\"},\"inLanguage\":\"de\",\"potentialAction\":[{\"@type\":\"ReadAction\",\"target\":[\"https:\/\/shop.merolution.de\/index.php\/product\/bennati-elite-amarone-del-valpolicella\/\"]}]},{\"@type\":\"BreadcrumbList\",\"@id\":\"https:\/\/shop.merolution.de\/index.php\/product\/bennati-elite-amarone-del-valpolicella\/#breadcrumb\",\"itemListElement\":[{\"@type\":\"ListItem\",\"position\":1,\"name\":\"Home\",\"item\":\"https:\/\/shop.merolution.de\/\"},{\"@type\":\"ListItem\",\"position\":2,\"name\":\"Shop\",\"item\":\"https:\/\/shop.merolution.de\/\"},{\"@type\":\"ListItem\",\"position\":3,\"name\":\"Bennati Elite Amarone del Valpolicella\"}]},{\"@type\":\"WebSite\",\"@id\":\"https:\/\/shop.merolution.de\/#website\",\"url\":\"https:\/\/shop.merolution.de\/\",\"name\":\"Getr\u00e4nke Schl\u00fcter Onlineshop\",\"description\":\"Ihr Getr\u00e4nke-Partner in Hannover\",\"potentialAction\":[{\"@type\":\"SearchAction\",\"target\":{\"@type\":\"EntryPoint\",\"urlTemplate\":\"https:\/\/shop.merolution.de\/?s={search_term_string}\"},\"query-input\":\"required name=search_term_string\"}],\"inLanguage\":\"de\"}]}<\/script>\n<!-- \/ Yoast SEO plugin. -->","yoast_head_json":{"title":"Bennati Elite Amarone del Valpolicella - Getr\u00e4nke Schl\u00fcter Onlineshop","robots":{"index":"noindex","follow":"follow","max-snippet":"max-snippet:-1","max-image-preview":"max-image-preview:large","max-video-preview":"max-video-preview:-1"},"og_locale":"de_DE","og_type":"article","og_title":"Bennati Elite Amarone del Valpolicella - Getr\u00e4nke Schl\u00fcter Onlineshop","og_description":"01\/0,75 - Italienischer Rotwein der Extraklasse aus der Region Verona - Rebsorten: Corvina, Rondinella, Molinaria - Ein Wein von undurchsichtigem Rot mit violetten Nuancen. Duft nach gekochtem Obst und Marmelade und Geschmack nach Kirsch-, Himbeer- und Brombeermarmelade. Sehr w\u00fcrzig, scharf. - Alkohol 15 vol% - Rests\u00fc\u00dfe 18g\/L - S\u00e4ure 15,6 g\/L - Ideal zu intensiven Gerichten, rotem Fleisch und scharfem K\u00e4se - Gerne auch solo zur Zigarre","og_url":"https:\/\/shop.merolution.de\/index.php\/product\/bennati-elite-amarone-del-valpolicella\/","og_site_name":"Getr\u00e4nke Schl\u00fcter Onlineshop","og_image":[{"width":150,"height":470,"url":"https:\/\/shop.merolution.de\/wp-content\/uploads\/2020\/05\/amarone-aid-3262s.png","type":"image\/png"}],"twitter_card":"summary_large_image","schema":{"@context":"https:\/\/schema.org","@graph":[{"@type":"WebPage","@id":"https:\/\/shop.merolution.de\/index.php\/product\/bennati-elite-amarone-del-valpolicella\/","url":"https:\/\/shop.merolution.de\/index.php\/product\/bennati-elite-amarone-del-valpolicella\/","name":"Bennati Elite Amarone del Valpolicella - Getr\u00e4nke Schl\u00fcter Onlineshop","isPartOf":{"@id":"https:\/\/shop.merolution.de\/#website"},"datePublished":"2020-05-28T10:05:44+00:00","dateModified":"2020-05-28T10:05:44+00:00","breadcrumb":{"@id":"https:\/\/shop.merolution.de\/index.php\/product\/bennati-elite-amarone-del-valpolicella\/#breadcrumb"},"inLanguage":"de","potentialAction":[{"@type":"ReadAction","target":["https:\/\/shop.merolution.de\/index.php\/product\/bennati-elite-amarone-del-valpolicella\/"]}]},{"@type":"BreadcrumbList","@id":"https:\/\/shop.merolution.de\/index.php\/product\/bennati-elite-amarone-del-valpolicella\/#breadcrumb","itemListElement":[{"@type":"ListItem","position":1,"name":"Home","item":"https:\/\/shop.merolution.de\/"},{"@type":"ListItem","position":2,"name":"Shop","item":"https:\/\/shop.merolution.de\/"},{"@type":"ListItem","position":3,"name":"Bennati Elite Amarone del Valpolicella"}]},{"@type":"WebSite","@id":"https:\/\/shop.merolution.de\/#website","url":"https:\/\/shop.merolution.de\/","name":"Getr\u00e4nke Schl\u00fcter Onlineshop","description":"Ihr Getr\u00e4nke-Partner in Hannover","potentialAction":[{"@type":"SearchAction","target":{"@type":"EntryPoint","urlTemplate":"https:\/\/shop.merolution.de\/?s={search_term_string}"},"query-input":"required name=search_term_string"}],"inLanguage":"de"}]}},"_links":{"self":[{"href":"https:\/\/shop.merolution.de\/index.php\/wp-json\/wp\/v2\/product\/4599"}],"collection":[{"href":"https:\/\/shop.merolution.de\/index.php\/wp-json\/wp\/v2\/product"}],"about":[{"href":"https:\/\/shop.merolution.de\/index.php\/wp-json\/wp\/v2\/types\/product"}],"replies":[{"embeddable":true,"href":"https:\/\/shop.merolution.de\/index.php\/wp-json\/wp\/v2\/comments?post=4599"}],"wp:featuredmedia":[{"embeddable":true,"href":"https:\/\/shop.merolution.de\/index.php\/wp-json\/wp\/v2\/media\/4600"}],"wp:attachment":[{"href":"https:\/\/shop.merolution.de\/index.php\/wp-json\/wp\/v2\/media?parent=4599"}],"wp:term":[{"taxonomy":"product_cat","embeddable":true,"href":"https:\/\/shop.merolution.de\/index.php\/wp-json\/wp\/v2\/product_cat?post=4599"},{"taxonomy":"product_tag","embeddable":true,"href":"https:\/\/shop.merolution.de\/index.php\/wp-json\/wp\/v2\/product_tag?post=4599"}],"curies":[{"name":"wp","href":"https:\/\/api.w.org\/{rel}","templated":true}]}}