{"id":4607,"date":"2020-05-28T10:05:45","date_gmt":"2020-05-28T10:05:45","guid":{"rendered":"https:\/\/shop.merolution.de\/index.php\/product\/bennati-gadi-cabernet-franc\/"},"modified":"2020-05-28T10:05:45","modified_gmt":"2020-05-28T10:05:45","slug":"bennati-gadi-cabernet-franc","status":"publish","type":"product","link":"https:\/\/shop.merolution.de\/index.php\/product\/bennati-gadi-cabernet-franc\/","title":{"rendered":"Bennati Gadi Cabernet Franc"},"content":{"rendered":"<p>01\/0,75REBSORTE: CabernetHERSTELLUNGSGEBIET:Huegellagen auf mittelschwerem Boden in den Provinzen von Verona und TrevisoPergel oder Spalier Zuchtform der Weinberge Herstellung per Hektar: 160 DoppelzentnerWEINLESE:von Hand im September &#8211; OktoberWEINERZEUGUNG: Gaerung in Stahltanks mit dauerndem Wiederaufguss des Mostes (rimontaggio). Veredelung folgt mit einer kurzen Lagerung in Eichenfaessern.ORGANOLEPTISCHE KENNZEICHEN:Farbe: RubinrotGeruch: charakteristisch, grasigGeschmack: trocken, mit aromatischem KoerperGASTRONOMISCHE EMPFEHLUNG:Ausgezeichnet zu allen Fleischgerichten und besonders gut zu rotem Fleisch.Ideal Serviertemperatur: 18\u00b0 &#8211; 20\u00b0 C.Alcoholgehalt: 12 % Vol.Gesamts\u00e4uregehalt: 5,4%PH: 3,50Trocken Extrakt: 30 Gramm per Liter<\/p>\n","protected":false},"excerpt":{"rendered":"<p>01\/0,75Alcoholgehalt: 12 % Vol.Gesamts\u00e4uregehalt: 5,4%PH: 3,50Trocken Extrakt: 30 Gramm per Liter<\/p>\n","protected":false},"featured_media":4608,"comment_status":"open","ping_status":"closed","template":"","meta":[],"product_cat":[114],"product_tag":[],"yoast_head":"<!-- This site is optimized with the Yoast SEO plugin v19.14 - https:\/\/yoast.com\/wordpress\/plugins\/seo\/ -->\n<title>Bennati Gadi Cabernet Franc - Getr\u00e4nke Schl\u00fcter Onlineshop<\/title>\n<meta name=\"robots\" content=\"noindex, follow, max-snippet:-1, max-image-preview:large, max-video-preview:-1\" \/>\n<meta property=\"og:locale\" content=\"de_DE\" \/>\n<meta property=\"og:type\" content=\"article\" \/>\n<meta property=\"og:title\" content=\"Bennati Gadi Cabernet Franc - Getr\u00e4nke Schl\u00fcter Onlineshop\" \/>\n<meta property=\"og:description\" content=\"01\/0,75Alcoholgehalt: 12 % Vol.Gesamts\u00e4uregehalt: 5,4%PH: 3,50Trocken Extrakt: 30 Gramm per Liter\" \/>\n<meta property=\"og:url\" content=\"https:\/\/shop.merolution.de\/index.php\/product\/bennati-gadi-cabernet-franc\/\" \/>\n<meta property=\"og:site_name\" content=\"Getr\u00e4nke Schl\u00fcter Onlineshop\" \/>\n<meta property=\"og:image\" content=\"https:\/\/shop.merolution.de\/wp-content\/uploads\/2020\/05\/cabernetfranc-aid-3256s.png\" \/>\n\t<meta property=\"og:image:width\" content=\"150\" \/>\n\t<meta property=\"og:image:height\" content=\"470\" \/>\n\t<meta property=\"og:image:type\" content=\"image\/png\" \/>\n<meta name=\"twitter:card\" content=\"summary_large_image\" \/>\n<script type=\"application\/ld+json\" class=\"yoast-schema-graph\">{\"@context\":\"https:\/\/schema.org\",\"@graph\":[{\"@type\":\"WebPage\",\"@id\":\"https:\/\/shop.merolution.de\/index.php\/product\/bennati-gadi-cabernet-franc\/\",\"url\":\"https:\/\/shop.merolution.de\/index.php\/product\/bennati-gadi-cabernet-franc\/\",\"name\":\"Bennati Gadi Cabernet Franc - Getr\u00e4nke Schl\u00fcter Onlineshop\",\"isPartOf\":{\"@id\":\"https:\/\/shop.merolution.de\/#website\"},\"datePublished\":\"2020-05-28T10:05:45+00:00\",\"dateModified\":\"2020-05-28T10:05:45+00:00\",\"breadcrumb\":{\"@id\":\"https:\/\/shop.merolution.de\/index.php\/product\/bennati-gadi-cabernet-franc\/#breadcrumb\"},\"inLanguage\":\"de\",\"potentialAction\":[{\"@type\":\"ReadAction\",\"target\":[\"https:\/\/shop.merolution.de\/index.php\/product\/bennati-gadi-cabernet-franc\/\"]}]},{\"@type\":\"BreadcrumbList\",\"@id\":\"https:\/\/shop.merolution.de\/index.php\/product\/bennati-gadi-cabernet-franc\/#breadcrumb\",\"itemListElement\":[{\"@type\":\"ListItem\",\"position\":1,\"name\":\"Home\",\"item\":\"https:\/\/shop.merolution.de\/\"},{\"@type\":\"ListItem\",\"position\":2,\"name\":\"Shop\",\"item\":\"https:\/\/shop.merolution.de\/\"},{\"@type\":\"ListItem\",\"position\":3,\"name\":\"Bennati Gadi Cabernet Franc\"}]},{\"@type\":\"WebSite\",\"@id\":\"https:\/\/shop.merolution.de\/#website\",\"url\":\"https:\/\/shop.merolution.de\/\",\"name\":\"Getr\u00e4nke Schl\u00fcter Onlineshop\",\"description\":\"Ihr Getr\u00e4nke-Partner in Hannover\",\"potentialAction\":[{\"@type\":\"SearchAction\",\"target\":{\"@type\":\"EntryPoint\",\"urlTemplate\":\"https:\/\/shop.merolution.de\/?s={search_term_string}\"},\"query-input\":\"required name=search_term_string\"}],\"inLanguage\":\"de\"}]}<\/script>\n<!-- \/ Yoast SEO plugin. -->","yoast_head_json":{"title":"Bennati Gadi Cabernet Franc - Getr\u00e4nke Schl\u00fcter Onlineshop","robots":{"index":"noindex","follow":"follow","max-snippet":"max-snippet:-1","max-image-preview":"max-image-preview:large","max-video-preview":"max-video-preview:-1"},"og_locale":"de_DE","og_type":"article","og_title":"Bennati Gadi Cabernet Franc - Getr\u00e4nke Schl\u00fcter Onlineshop","og_description":"01\/0,75Alcoholgehalt: 12 % Vol.Gesamts\u00e4uregehalt: 5,4%PH: 3,50Trocken Extrakt: 30 Gramm per Liter","og_url":"https:\/\/shop.merolution.de\/index.php\/product\/bennati-gadi-cabernet-franc\/","og_site_name":"Getr\u00e4nke Schl\u00fcter Onlineshop","og_image":[{"width":150,"height":470,"url":"https:\/\/shop.merolution.de\/wp-content\/uploads\/2020\/05\/cabernetfranc-aid-3256s.png","type":"image\/png"}],"twitter_card":"summary_large_image","schema":{"@context":"https:\/\/schema.org","@graph":[{"@type":"WebPage","@id":"https:\/\/shop.merolution.de\/index.php\/product\/bennati-gadi-cabernet-franc\/","url":"https:\/\/shop.merolution.de\/index.php\/product\/bennati-gadi-cabernet-franc\/","name":"Bennati Gadi Cabernet Franc - Getr\u00e4nke Schl\u00fcter Onlineshop","isPartOf":{"@id":"https:\/\/shop.merolution.de\/#website"},"datePublished":"2020-05-28T10:05:45+00:00","dateModified":"2020-05-28T10:05:45+00:00","breadcrumb":{"@id":"https:\/\/shop.merolution.de\/index.php\/product\/bennati-gadi-cabernet-franc\/#breadcrumb"},"inLanguage":"de","potentialAction":[{"@type":"ReadAction","target":["https:\/\/shop.merolution.de\/index.php\/product\/bennati-gadi-cabernet-franc\/"]}]},{"@type":"BreadcrumbList","@id":"https:\/\/shop.merolution.de\/index.php\/product\/bennati-gadi-cabernet-franc\/#breadcrumb","itemListElement":[{"@type":"ListItem","position":1,"name":"Home","item":"https:\/\/shop.merolution.de\/"},{"@type":"ListItem","position":2,"name":"Shop","item":"https:\/\/shop.merolution.de\/"},{"@type":"ListItem","position":3,"name":"Bennati Gadi Cabernet Franc"}]},{"@type":"WebSite","@id":"https:\/\/shop.merolution.de\/#website","url":"https:\/\/shop.merolution.de\/","name":"Getr\u00e4nke Schl\u00fcter Onlineshop","description":"Ihr Getr\u00e4nke-Partner in Hannover","potentialAction":[{"@type":"SearchAction","target":{"@type":"EntryPoint","urlTemplate":"https:\/\/shop.merolution.de\/?s={search_term_string}"},"query-input":"required name=search_term_string"}],"inLanguage":"de"}]}},"_links":{"self":[{"href":"https:\/\/shop.merolution.de\/index.php\/wp-json\/wp\/v2\/product\/4607"}],"collection":[{"href":"https:\/\/shop.merolution.de\/index.php\/wp-json\/wp\/v2\/product"}],"about":[{"href":"https:\/\/shop.merolution.de\/index.php\/wp-json\/wp\/v2\/types\/product"}],"replies":[{"embeddable":true,"href":"https:\/\/shop.merolution.de\/index.php\/wp-json\/wp\/v2\/comments?post=4607"}],"wp:featuredmedia":[{"embeddable":true,"href":"https:\/\/shop.merolution.de\/index.php\/wp-json\/wp\/v2\/media\/4608"}],"wp:attachment":[{"href":"https:\/\/shop.merolution.de\/index.php\/wp-json\/wp\/v2\/media?parent=4607"}],"wp:term":[{"taxonomy":"product_cat","embeddable":true,"href":"https:\/\/shop.merolution.de\/index.php\/wp-json\/wp\/v2\/product_cat?post=4607"},{"taxonomy":"product_tag","embeddable":true,"href":"https:\/\/shop.merolution.de\/index.php\/wp-json\/wp\/v2\/product_tag?post=4607"}],"curies":[{"name":"wp","href":"https:\/\/api.w.org\/{rel}","templated":true}]}}