{"id":4625,"date":"2020-05-28T10:05:49","date_gmt":"2020-05-28T10:05:49","guid":{"rendered":"https:\/\/shop.merolution.de\/index.php\/product\/teatro-latino-100-rosso-merlot-veneto\/"},"modified":"2020-05-28T10:05:49","modified_gmt":"2020-05-28T10:05:49","slug":"teatro-latino-100-rosso-merlot-veneto","status":"publish","type":"product","link":"https:\/\/shop.merolution.de\/index.php\/product\/teatro-latino-100-rosso-merlot-veneto\/","title":{"rendered":"Teatro Latino 1,00 rosso Merlot Veneto"},"content":{"rendered":"<p>01\/1,00 &#8211; Italienischer Rotwein der Rebsorte Merlot aus dem Veneto &#8211; Schraubverschluss &#8211; Glas Einweg &#8211; Dieser Rote Wein in der Literflasche pr\u00e4sentiert sich in einem intensiven Rot und besticht durch seinen intensiven Geruch nach Heidelbeeren und blumigen Noten. Sein Geschmack erinnert an Johannisbeeren, Heidelbeeren und Veilchen. Die Tannine sind gut eingebunden und runden den Wein angenehm ab &#8211; Alkohol 12vol% &#8211; Restzucker 17 g\/L &#8211; S\u00e4ure 15,2 g\/L &#8211; Ideal zu Pasta und Pizza sowie mildem K\u00e4se<\/p>\n","protected":false},"excerpt":{"rendered":"<p>01\/1,00 &#8211; Italienischer Rotwein der Rebsorte Merlot aus dem Veneto &#8211; Schraubverschluss &#8211; Glas Einweg &#8211; Dieser Rote Wein in der Literflasche pr\u00e4sentiert sich in einem intensiven Rot und besticht durch seinen intensiven Geruch nach Heidelbeeren und blumigen Noten. Sein Geschmack erinnert an Johannisbeeren, Heidelbeeren und Veilchen. Die Tannine sind gut eingebunden und runden den Wein angenehm ab &#8211; Alkohol 12vol% &#8211; Restzucker 17 g\/L &#8211; S\u00e4ure 15,2 g\/L &#8211; Ideal zu Pasta und Pizza sowie mildem K\u00e4se<\/p>\n","protected":false},"featured_media":4626,"comment_status":"open","ping_status":"closed","template":"","meta":[],"product_cat":[116],"product_tag":[],"yoast_head":"<!-- This site is optimized with the Yoast SEO plugin v19.14 - https:\/\/yoast.com\/wordpress\/plugins\/seo\/ -->\n<title>Teatro Latino 1,00 rosso Merlot Veneto - Getr\u00e4nke Schl\u00fcter Onlineshop<\/title>\n<meta name=\"robots\" content=\"noindex, follow, max-snippet:-1, max-image-preview:large, max-video-preview:-1\" \/>\n<meta property=\"og:locale\" content=\"de_DE\" \/>\n<meta property=\"og:type\" content=\"article\" \/>\n<meta property=\"og:title\" content=\"Teatro Latino 1,00 rosso Merlot Veneto - Getr\u00e4nke Schl\u00fcter Onlineshop\" \/>\n<meta property=\"og:description\" content=\"01\/1,00 - Italienischer Rotwein der Rebsorte Merlot aus dem Veneto - Schraubverschluss - Glas Einweg - Dieser Rote Wein in der Literflasche pr\u00e4sentiert sich in einem intensiven Rot und besticht durch seinen intensiven Geruch nach Heidelbeeren und blumigen Noten. Sein Geschmack erinnert an Johannisbeeren, Heidelbeeren und Veilchen. Die Tannine sind gut eingebunden und runden den Wein angenehm ab - Alkohol 12vol% - Restzucker 17 g\/L - S\u00e4ure 15,2 g\/L - Ideal zu Pasta und Pizza sowie mildem K\u00e4se\" \/>\n<meta property=\"og:url\" content=\"https:\/\/shop.merolution.de\/index.php\/product\/teatro-latino-100-rosso-merlot-veneto\/\" \/>\n<meta property=\"og:site_name\" content=\"Getr\u00e4nke Schl\u00fcter Onlineshop\" \/>\n<meta property=\"og:image\" content=\"https:\/\/shop.merolution.de\/wp-content\/uploads\/2020\/05\/merlot-aid-4520s.png\" \/>\n\t<meta property=\"og:image:width\" content=\"150\" \/>\n\t<meta property=\"og:image:height\" content=\"150\" \/>\n\t<meta property=\"og:image:type\" content=\"image\/png\" \/>\n<meta name=\"twitter:card\" content=\"summary_large_image\" \/>\n<script type=\"application\/ld+json\" class=\"yoast-schema-graph\">{\"@context\":\"https:\/\/schema.org\",\"@graph\":[{\"@type\":\"WebPage\",\"@id\":\"https:\/\/shop.merolution.de\/index.php\/product\/teatro-latino-100-rosso-merlot-veneto\/\",\"url\":\"https:\/\/shop.merolution.de\/index.php\/product\/teatro-latino-100-rosso-merlot-veneto\/\",\"name\":\"Teatro Latino 1,00 rosso Merlot Veneto - Getr\u00e4nke Schl\u00fcter Onlineshop\",\"isPartOf\":{\"@id\":\"https:\/\/shop.merolution.de\/#website\"},\"datePublished\":\"2020-05-28T10:05:49+00:00\",\"dateModified\":\"2020-05-28T10:05:49+00:00\",\"breadcrumb\":{\"@id\":\"https:\/\/shop.merolution.de\/index.php\/product\/teatro-latino-100-rosso-merlot-veneto\/#breadcrumb\"},\"inLanguage\":\"de\",\"potentialAction\":[{\"@type\":\"ReadAction\",\"target\":[\"https:\/\/shop.merolution.de\/index.php\/product\/teatro-latino-100-rosso-merlot-veneto\/\"]}]},{\"@type\":\"BreadcrumbList\",\"@id\":\"https:\/\/shop.merolution.de\/index.php\/product\/teatro-latino-100-rosso-merlot-veneto\/#breadcrumb\",\"itemListElement\":[{\"@type\":\"ListItem\",\"position\":1,\"name\":\"Home\",\"item\":\"https:\/\/shop.merolution.de\/\"},{\"@type\":\"ListItem\",\"position\":2,\"name\":\"Shop\",\"item\":\"https:\/\/shop.merolution.de\/\"},{\"@type\":\"ListItem\",\"position\":3,\"name\":\"Teatro Latino 1,00 rosso Merlot Veneto\"}]},{\"@type\":\"WebSite\",\"@id\":\"https:\/\/shop.merolution.de\/#website\",\"url\":\"https:\/\/shop.merolution.de\/\",\"name\":\"Getr\u00e4nke Schl\u00fcter Onlineshop\",\"description\":\"Ihr Getr\u00e4nke-Partner in Hannover\",\"potentialAction\":[{\"@type\":\"SearchAction\",\"target\":{\"@type\":\"EntryPoint\",\"urlTemplate\":\"https:\/\/shop.merolution.de\/?s={search_term_string}\"},\"query-input\":\"required name=search_term_string\"}],\"inLanguage\":\"de\"}]}<\/script>\n<!-- \/ Yoast SEO plugin. -->","yoast_head_json":{"title":"Teatro Latino 1,00 rosso Merlot Veneto - Getr\u00e4nke Schl\u00fcter Onlineshop","robots":{"index":"noindex","follow":"follow","max-snippet":"max-snippet:-1","max-image-preview":"max-image-preview:large","max-video-preview":"max-video-preview:-1"},"og_locale":"de_DE","og_type":"article","og_title":"Teatro Latino 1,00 rosso Merlot Veneto - Getr\u00e4nke Schl\u00fcter Onlineshop","og_description":"01\/1,00 - Italienischer Rotwein der Rebsorte Merlot aus dem Veneto - Schraubverschluss - Glas Einweg - Dieser Rote Wein in der Literflasche pr\u00e4sentiert sich in einem intensiven Rot und besticht durch seinen intensiven Geruch nach Heidelbeeren und blumigen Noten. Sein Geschmack erinnert an Johannisbeeren, Heidelbeeren und Veilchen. Die Tannine sind gut eingebunden und runden den Wein angenehm ab - Alkohol 12vol% - Restzucker 17 g\/L - S\u00e4ure 15,2 g\/L - Ideal zu Pasta und Pizza sowie mildem K\u00e4se","og_url":"https:\/\/shop.merolution.de\/index.php\/product\/teatro-latino-100-rosso-merlot-veneto\/","og_site_name":"Getr\u00e4nke Schl\u00fcter Onlineshop","og_image":[{"width":150,"height":150,"url":"https:\/\/shop.merolution.de\/wp-content\/uploads\/2020\/05\/merlot-aid-4520s.png","type":"image\/png"}],"twitter_card":"summary_large_image","schema":{"@context":"https:\/\/schema.org","@graph":[{"@type":"WebPage","@id":"https:\/\/shop.merolution.de\/index.php\/product\/teatro-latino-100-rosso-merlot-veneto\/","url":"https:\/\/shop.merolution.de\/index.php\/product\/teatro-latino-100-rosso-merlot-veneto\/","name":"Teatro Latino 1,00 rosso Merlot Veneto - Getr\u00e4nke Schl\u00fcter Onlineshop","isPartOf":{"@id":"https:\/\/shop.merolution.de\/#website"},"datePublished":"2020-05-28T10:05:49+00:00","dateModified":"2020-05-28T10:05:49+00:00","breadcrumb":{"@id":"https:\/\/shop.merolution.de\/index.php\/product\/teatro-latino-100-rosso-merlot-veneto\/#breadcrumb"},"inLanguage":"de","potentialAction":[{"@type":"ReadAction","target":["https:\/\/shop.merolution.de\/index.php\/product\/teatro-latino-100-rosso-merlot-veneto\/"]}]},{"@type":"BreadcrumbList","@id":"https:\/\/shop.merolution.de\/index.php\/product\/teatro-latino-100-rosso-merlot-veneto\/#breadcrumb","itemListElement":[{"@type":"ListItem","position":1,"name":"Home","item":"https:\/\/shop.merolution.de\/"},{"@type":"ListItem","position":2,"name":"Shop","item":"https:\/\/shop.merolution.de\/"},{"@type":"ListItem","position":3,"name":"Teatro Latino 1,00 rosso Merlot Veneto"}]},{"@type":"WebSite","@id":"https:\/\/shop.merolution.de\/#website","url":"https:\/\/shop.merolution.de\/","name":"Getr\u00e4nke Schl\u00fcter Onlineshop","description":"Ihr Getr\u00e4nke-Partner in Hannover","potentialAction":[{"@type":"SearchAction","target":{"@type":"EntryPoint","urlTemplate":"https:\/\/shop.merolution.de\/?s={search_term_string}"},"query-input":"required name=search_term_string"}],"inLanguage":"de"}]}},"_links":{"self":[{"href":"https:\/\/shop.merolution.de\/index.php\/wp-json\/wp\/v2\/product\/4625"}],"collection":[{"href":"https:\/\/shop.merolution.de\/index.php\/wp-json\/wp\/v2\/product"}],"about":[{"href":"https:\/\/shop.merolution.de\/index.php\/wp-json\/wp\/v2\/types\/product"}],"replies":[{"embeddable":true,"href":"https:\/\/shop.merolution.de\/index.php\/wp-json\/wp\/v2\/comments?post=4625"}],"wp:featuredmedia":[{"embeddable":true,"href":"https:\/\/shop.merolution.de\/index.php\/wp-json\/wp\/v2\/media\/4626"}],"wp:attachment":[{"href":"https:\/\/shop.merolution.de\/index.php\/wp-json\/wp\/v2\/media?parent=4625"}],"wp:term":[{"taxonomy":"product_cat","embeddable":true,"href":"https:\/\/shop.merolution.de\/index.php\/wp-json\/wp\/v2\/product_cat?post=4625"},{"taxonomy":"product_tag","embeddable":true,"href":"https:\/\/shop.merolution.de\/index.php\/wp-json\/wp\/v2\/product_tag?post=4625"}],"curies":[{"name":"wp","href":"https:\/\/api.w.org\/{rel}","templated":true}]}}