{"id":4811,"date":"2020-05-28T10:06:18","date_gmt":"2020-05-28T10:06:18","guid":{"rendered":"https:\/\/shop.merolution.de\/index.php\/product\/bad-pyrmonter-075-medium-glas-12-075\/"},"modified":"2020-05-28T10:06:18","modified_gmt":"2020-05-28T10:06:18","slug":"bad-pyrmonter-075-medium-glas-12-075","status":"publish","type":"product","link":"https:\/\/shop.merolution.de\/index.php\/product\/bad-pyrmonter-075-medium-glas-12-075\/","title":{"rendered":"Bad Pyrmonter 0,75 medium GLAS &#8211; 12\/0,75"},"content":{"rendered":"<p>12\/0,75 &#8211; Kationen:Natrium 5,2 mg \/ lKalium 0,9 mg \/ lMagnesium 24,5 mg \/ lCalcium 53,0 mg \/ lAnionen:Chlorid 14,1 mg \/ lSulfat 9,0 mg \/ lHydrogencarbonat 253,0 mg \/ lCo2 &#8211; Gehalt 4,5 g \/ lQuellname: Bad PyrmonterQuellort: Bad Pyrmont &#8211; Mineralwasser mit wenig Kohlens\u00e4ure Glasflasche Mehrweg &#8211; Pfand: \u0080 3,30<\/p>\n","protected":false},"excerpt":{"rendered":"<p>12\/0,75 &#8211; BAD PYRMONTER nat\u00fcrliches Mineralwasser mit wenig Kohlens\u00e4ure versetzt, natriumarm, leicht und bek\u00f6mmlich &#8211; Mineralwasser mit wenig Kohlens\u00e4ure &#8211; f\u00fcr die Zubereitung von S\u00e4uglings-\/Babynahrung geeignet &#8211; Glasflasche &#8211; Mehrweg &#8211; Pfand: \u0080 3,30<\/p>\n","protected":false},"featured_media":4812,"comment_status":"open","ping_status":"closed","template":"","meta":[],"product_cat":[129],"product_tag":[],"yoast_head":"<!-- This site is optimized with the Yoast SEO plugin v19.14 - https:\/\/yoast.com\/wordpress\/plugins\/seo\/ -->\n<title>Bad Pyrmonter 0,75 medium GLAS - 12\/0,75 - Getr\u00e4nke Schl\u00fcter Onlineshop<\/title>\n<meta name=\"robots\" content=\"noindex, follow, max-snippet:-1, max-image-preview:large, max-video-preview:-1\" \/>\n<meta property=\"og:locale\" content=\"de_DE\" \/>\n<meta property=\"og:type\" content=\"article\" \/>\n<meta property=\"og:title\" content=\"Bad Pyrmonter 0,75 medium GLAS - 12\/0,75 - Getr\u00e4nke Schl\u00fcter Onlineshop\" \/>\n<meta property=\"og:description\" content=\"12\/0,75 - BAD PYRMONTER nat\u00fcrliches Mineralwasser mit wenig Kohlens\u00e4ure versetzt, natriumarm, leicht und bek\u00f6mmlich - Mineralwasser mit wenig Kohlens\u00e4ure - f\u00fcr die Zubereitung von S\u00e4uglings-\/Babynahrung geeignet - Glasflasche - Mehrweg - Pfand: \u0080 3,30\" \/>\n<meta property=\"og:url\" content=\"https:\/\/shop.merolution.de\/index.php\/product\/bad-pyrmonter-075-medium-glas-12-075\/\" \/>\n<meta property=\"og:site_name\" content=\"Getr\u00e4nke Schl\u00fcter Onlineshop\" \/>\n<meta property=\"og:image\" content=\"https:\/\/shop.merolution.de\/wp-content\/uploads\/2020\/05\/bpy_glas_medium_12x0.75_mw.jpg\" \/>\n\t<meta property=\"og:image:width\" content=\"150\" \/>\n\t<meta property=\"og:image:height\" content=\"108\" \/>\n\t<meta property=\"og:image:type\" content=\"image\/jpeg\" \/>\n<meta name=\"twitter:card\" content=\"summary_large_image\" \/>\n<script type=\"application\/ld+json\" class=\"yoast-schema-graph\">{\"@context\":\"https:\/\/schema.org\",\"@graph\":[{\"@type\":\"WebPage\",\"@id\":\"https:\/\/shop.merolution.de\/index.php\/product\/bad-pyrmonter-075-medium-glas-12-075\/\",\"url\":\"https:\/\/shop.merolution.de\/index.php\/product\/bad-pyrmonter-075-medium-glas-12-075\/\",\"name\":\"Bad Pyrmonter 0,75 medium GLAS - 12\/0,75 - Getr\u00e4nke Schl\u00fcter Onlineshop\",\"isPartOf\":{\"@id\":\"https:\/\/shop.merolution.de\/#website\"},\"datePublished\":\"2020-05-28T10:06:18+00:00\",\"dateModified\":\"2020-05-28T10:06:18+00:00\",\"breadcrumb\":{\"@id\":\"https:\/\/shop.merolution.de\/index.php\/product\/bad-pyrmonter-075-medium-glas-12-075\/#breadcrumb\"},\"inLanguage\":\"de\",\"potentialAction\":[{\"@type\":\"ReadAction\",\"target\":[\"https:\/\/shop.merolution.de\/index.php\/product\/bad-pyrmonter-075-medium-glas-12-075\/\"]}]},{\"@type\":\"BreadcrumbList\",\"@id\":\"https:\/\/shop.merolution.de\/index.php\/product\/bad-pyrmonter-075-medium-glas-12-075\/#breadcrumb\",\"itemListElement\":[{\"@type\":\"ListItem\",\"position\":1,\"name\":\"Home\",\"item\":\"https:\/\/shop.merolution.de\/\"},{\"@type\":\"ListItem\",\"position\":2,\"name\":\"Shop\",\"item\":\"https:\/\/shop.merolution.de\/\"},{\"@type\":\"ListItem\",\"position\":3,\"name\":\"Bad Pyrmonter 0,75 medium GLAS &#8211; 12\/0,75\"}]},{\"@type\":\"WebSite\",\"@id\":\"https:\/\/shop.merolution.de\/#website\",\"url\":\"https:\/\/shop.merolution.de\/\",\"name\":\"Getr\u00e4nke Schl\u00fcter Onlineshop\",\"description\":\"Ihr Getr\u00e4nke-Partner in Hannover\",\"potentialAction\":[{\"@type\":\"SearchAction\",\"target\":{\"@type\":\"EntryPoint\",\"urlTemplate\":\"https:\/\/shop.merolution.de\/?s={search_term_string}\"},\"query-input\":\"required name=search_term_string\"}],\"inLanguage\":\"de\"}]}<\/script>\n<!-- \/ Yoast SEO plugin. -->","yoast_head_json":{"title":"Bad Pyrmonter 0,75 medium GLAS - 12\/0,75 - Getr\u00e4nke Schl\u00fcter Onlineshop","robots":{"index":"noindex","follow":"follow","max-snippet":"max-snippet:-1","max-image-preview":"max-image-preview:large","max-video-preview":"max-video-preview:-1"},"og_locale":"de_DE","og_type":"article","og_title":"Bad Pyrmonter 0,75 medium GLAS - 12\/0,75 - Getr\u00e4nke Schl\u00fcter Onlineshop","og_description":"12\/0,75 - BAD PYRMONTER nat\u00fcrliches Mineralwasser mit wenig Kohlens\u00e4ure versetzt, natriumarm, leicht und bek\u00f6mmlich - Mineralwasser mit wenig Kohlens\u00e4ure - f\u00fcr die Zubereitung von S\u00e4uglings-\/Babynahrung geeignet - Glasflasche - Mehrweg - Pfand: \u0080 3,30","og_url":"https:\/\/shop.merolution.de\/index.php\/product\/bad-pyrmonter-075-medium-glas-12-075\/","og_site_name":"Getr\u00e4nke Schl\u00fcter Onlineshop","og_image":[{"width":150,"height":108,"url":"https:\/\/shop.merolution.de\/wp-content\/uploads\/2020\/05\/bpy_glas_medium_12x0.75_mw.jpg","type":"image\/jpeg"}],"twitter_card":"summary_large_image","schema":{"@context":"https:\/\/schema.org","@graph":[{"@type":"WebPage","@id":"https:\/\/shop.merolution.de\/index.php\/product\/bad-pyrmonter-075-medium-glas-12-075\/","url":"https:\/\/shop.merolution.de\/index.php\/product\/bad-pyrmonter-075-medium-glas-12-075\/","name":"Bad Pyrmonter 0,75 medium GLAS - 12\/0,75 - Getr\u00e4nke Schl\u00fcter Onlineshop","isPartOf":{"@id":"https:\/\/shop.merolution.de\/#website"},"datePublished":"2020-05-28T10:06:18+00:00","dateModified":"2020-05-28T10:06:18+00:00","breadcrumb":{"@id":"https:\/\/shop.merolution.de\/index.php\/product\/bad-pyrmonter-075-medium-glas-12-075\/#breadcrumb"},"inLanguage":"de","potentialAction":[{"@type":"ReadAction","target":["https:\/\/shop.merolution.de\/index.php\/product\/bad-pyrmonter-075-medium-glas-12-075\/"]}]},{"@type":"BreadcrumbList","@id":"https:\/\/shop.merolution.de\/index.php\/product\/bad-pyrmonter-075-medium-glas-12-075\/#breadcrumb","itemListElement":[{"@type":"ListItem","position":1,"name":"Home","item":"https:\/\/shop.merolution.de\/"},{"@type":"ListItem","position":2,"name":"Shop","item":"https:\/\/shop.merolution.de\/"},{"@type":"ListItem","position":3,"name":"Bad Pyrmonter 0,75 medium GLAS &#8211; 12\/0,75"}]},{"@type":"WebSite","@id":"https:\/\/shop.merolution.de\/#website","url":"https:\/\/shop.merolution.de\/","name":"Getr\u00e4nke Schl\u00fcter Onlineshop","description":"Ihr Getr\u00e4nke-Partner in Hannover","potentialAction":[{"@type":"SearchAction","target":{"@type":"EntryPoint","urlTemplate":"https:\/\/shop.merolution.de\/?s={search_term_string}"},"query-input":"required name=search_term_string"}],"inLanguage":"de"}]}},"_links":{"self":[{"href":"https:\/\/shop.merolution.de\/index.php\/wp-json\/wp\/v2\/product\/4811"}],"collection":[{"href":"https:\/\/shop.merolution.de\/index.php\/wp-json\/wp\/v2\/product"}],"about":[{"href":"https:\/\/shop.merolution.de\/index.php\/wp-json\/wp\/v2\/types\/product"}],"replies":[{"embeddable":true,"href":"https:\/\/shop.merolution.de\/index.php\/wp-json\/wp\/v2\/comments?post=4811"}],"wp:featuredmedia":[{"embeddable":true,"href":"https:\/\/shop.merolution.de\/index.php\/wp-json\/wp\/v2\/media\/4812"}],"wp:attachment":[{"href":"https:\/\/shop.merolution.de\/index.php\/wp-json\/wp\/v2\/media?parent=4811"}],"wp:term":[{"taxonomy":"product_cat","embeddable":true,"href":"https:\/\/shop.merolution.de\/index.php\/wp-json\/wp\/v2\/product_cat?post=4811"},{"taxonomy":"product_tag","embeddable":true,"href":"https:\/\/shop.merolution.de\/index.php\/wp-json\/wp\/v2\/product_tag?post=4811"}],"curies":[{"name":"wp","href":"https:\/\/api.w.org\/{rel}","templated":true}]}}