{"id":679,"date":"2020-05-28T09:55:07","date_gmt":"2020-05-28T09:55:07","guid":{"rendered":"https:\/\/shop.merolution.de\/index.php\/product\/flensburger-mineralwasser-20-033\/"},"modified":"2020-05-28T09:55:07","modified_gmt":"2020-05-28T09:55:07","slug":"flensburger-mineralwasser-20-033","status":"publish","type":"product","link":"https:\/\/shop.merolution.de\/index.php\/product\/flensburger-mineralwasser-20-033\/","title":{"rendered":"Flensburger Mineralwasser &#8211; 20\/0,33"},"content":{"rendered":"<p>20\/0,33 &#8211; Original Brauwasser mit Kohlens\u00e4ure versetzt &#8211; Flensburger Gletscherquelle &#8211; Ein plopfrisch prickelnder Genuss. Mit Kohlens\u00e4ure versetzt und enteisent. Natriumarm, v\u00f6llig frei von Umweltbelastungen und f\u00fcr die Zubereitung von S\u00e4uglingsnahrung geeignet.W\u00e4hrend der Eiszeit vor etwa 8.000 Jahren entstanden in Nordskandinavien riesige Gletschermassive, deren kristallklares Schmelzwasser sich seinen Weg durch die Felsschichten bahnte, um Tausende Kilometer weiter aus \u00fcber 200 Metern Tiefe emporzusprudeln. Ein ebenso frisches wie au\u00dfergew\u00f6hnliches Mineralwasser also, auf das wir ganz besonders stolz sind &#8211; B\u00fcgelverschluss &#8211; Plopp &#8211; Pfand \u0080 4,50<\/p>\n","protected":false},"excerpt":{"rendered":"<p>20\/0,33 &#8211; Original Brauwasser mit Kohlens\u00e4ure versetzt &#8211; Flensburger Gletscherquelle &#8211; Ein plopfrisch prickelnder Genuss. Mit Kohlens\u00e4ure versetzt und enteisent. Natriumarm, v\u00f6llig frei von Umweltbelastungen und f\u00fcr die Zubereitung von S\u00e4uglingsnahrung geeignet.W\u00e4hrend der Eiszeit vor etwa 8.000 Jahren entstanden in Nordskandinavien riesige Gletschermassive, deren kristallklares Schmelzwasser sich seinen Weg durch die Felsschichten bahnte, um Tausende Kilometer weiter aus \u00fcber 200 Metern Tiefe emporzusprudeln. Ein ebenso frisches wie au\u00dfergew\u00f6hnliches Mineralwasser also, auf das wir ganz besonders stolz sind &#8211; B\u00fcgelverschluss &#8211; Plopp &#8211; Pfand \u0080 4,50<\/p>\n","protected":false},"featured_media":680,"comment_status":"open","ping_status":"closed","template":"","meta":[],"product_cat":[33],"product_tag":[],"yoast_head":"<!-- This site is optimized with the Yoast SEO plugin v19.14 - https:\/\/yoast.com\/wordpress\/plugins\/seo\/ -->\n<title>Flensburger Mineralwasser - 20\/0,33 - Getr\u00e4nke Schl\u00fcter Onlineshop<\/title>\n<meta name=\"robots\" content=\"noindex, follow, max-snippet:-1, max-image-preview:large, max-video-preview:-1\" \/>\n<meta property=\"og:locale\" content=\"de_DE\" \/>\n<meta property=\"og:type\" content=\"article\" \/>\n<meta property=\"og:title\" content=\"Flensburger Mineralwasser - 20\/0,33 - Getr\u00e4nke Schl\u00fcter Onlineshop\" \/>\n<meta property=\"og:description\" content=\"20\/0,33 - Original Brauwasser mit Kohlens\u00e4ure versetzt - Flensburger Gletscherquelle - Ein plopfrisch prickelnder Genuss. Mit Kohlens\u00e4ure versetzt und enteisent. Natriumarm, v\u00f6llig frei von Umweltbelastungen und f\u00fcr die Zubereitung von S\u00e4uglingsnahrung geeignet.W\u00e4hrend der Eiszeit vor etwa 8.000 Jahren entstanden in Nordskandinavien riesige Gletschermassive, deren kristallklares Schmelzwasser sich seinen Weg durch die Felsschichten bahnte, um Tausende Kilometer weiter aus \u00fcber 200 Metern Tiefe emporzusprudeln. Ein ebenso frisches wie au\u00dfergew\u00f6hnliches Mineralwasser also, auf das wir ganz besonders stolz sind - B\u00fcgelverschluss - Plopp - Pfand \u0080 4,50\" \/>\n<meta property=\"og:url\" content=\"https:\/\/shop.merolution.de\/index.php\/product\/flensburger-mineralwasser-20-033\/\" \/>\n<meta property=\"og:site_name\" content=\"Getr\u00e4nke Schl\u00fcter Onlineshop\" \/>\n<meta property=\"og:image\" content=\"https:\/\/shop.merolution.de\/wp-content\/uploads\/2020\/05\/3330aPic1S459124032_zz_wasser_logo.jpg\" \/>\n\t<meta property=\"og:image:width\" content=\"110\" \/>\n\t<meta property=\"og:image:height\" content=\"128\" \/>\n\t<meta property=\"og:image:type\" content=\"image\/jpeg\" \/>\n<meta name=\"twitter:card\" content=\"summary_large_image\" \/>\n<script type=\"application\/ld+json\" class=\"yoast-schema-graph\">{\"@context\":\"https:\/\/schema.org\",\"@graph\":[{\"@type\":\"WebPage\",\"@id\":\"https:\/\/shop.merolution.de\/index.php\/product\/flensburger-mineralwasser-20-033\/\",\"url\":\"https:\/\/shop.merolution.de\/index.php\/product\/flensburger-mineralwasser-20-033\/\",\"name\":\"Flensburger Mineralwasser - 20\/0,33 - Getr\u00e4nke Schl\u00fcter Onlineshop\",\"isPartOf\":{\"@id\":\"https:\/\/shop.merolution.de\/#website\"},\"datePublished\":\"2020-05-28T09:55:07+00:00\",\"dateModified\":\"2020-05-28T09:55:07+00:00\",\"breadcrumb\":{\"@id\":\"https:\/\/shop.merolution.de\/index.php\/product\/flensburger-mineralwasser-20-033\/#breadcrumb\"},\"inLanguage\":\"de\",\"potentialAction\":[{\"@type\":\"ReadAction\",\"target\":[\"https:\/\/shop.merolution.de\/index.php\/product\/flensburger-mineralwasser-20-033\/\"]}]},{\"@type\":\"BreadcrumbList\",\"@id\":\"https:\/\/shop.merolution.de\/index.php\/product\/flensburger-mineralwasser-20-033\/#breadcrumb\",\"itemListElement\":[{\"@type\":\"ListItem\",\"position\":1,\"name\":\"Home\",\"item\":\"https:\/\/shop.merolution.de\/\"},{\"@type\":\"ListItem\",\"position\":2,\"name\":\"Shop\",\"item\":\"https:\/\/shop.merolution.de\/\"},{\"@type\":\"ListItem\",\"position\":3,\"name\":\"Flensburger Mineralwasser &#8211; 20\/0,33\"}]},{\"@type\":\"WebSite\",\"@id\":\"https:\/\/shop.merolution.de\/#website\",\"url\":\"https:\/\/shop.merolution.de\/\",\"name\":\"Getr\u00e4nke Schl\u00fcter Onlineshop\",\"description\":\"Ihr Getr\u00e4nke-Partner in Hannover\",\"potentialAction\":[{\"@type\":\"SearchAction\",\"target\":{\"@type\":\"EntryPoint\",\"urlTemplate\":\"https:\/\/shop.merolution.de\/?s={search_term_string}\"},\"query-input\":\"required name=search_term_string\"}],\"inLanguage\":\"de\"}]}<\/script>\n<!-- \/ Yoast SEO plugin. -->","yoast_head_json":{"title":"Flensburger Mineralwasser - 20\/0,33 - Getr\u00e4nke Schl\u00fcter Onlineshop","robots":{"index":"noindex","follow":"follow","max-snippet":"max-snippet:-1","max-image-preview":"max-image-preview:large","max-video-preview":"max-video-preview:-1"},"og_locale":"de_DE","og_type":"article","og_title":"Flensburger Mineralwasser - 20\/0,33 - Getr\u00e4nke Schl\u00fcter Onlineshop","og_description":"20\/0,33 - Original Brauwasser mit Kohlens\u00e4ure versetzt - Flensburger Gletscherquelle - Ein plopfrisch prickelnder Genuss. Mit Kohlens\u00e4ure versetzt und enteisent. Natriumarm, v\u00f6llig frei von Umweltbelastungen und f\u00fcr die Zubereitung von S\u00e4uglingsnahrung geeignet.W\u00e4hrend der Eiszeit vor etwa 8.000 Jahren entstanden in Nordskandinavien riesige Gletschermassive, deren kristallklares Schmelzwasser sich seinen Weg durch die Felsschichten bahnte, um Tausende Kilometer weiter aus \u00fcber 200 Metern Tiefe emporzusprudeln. Ein ebenso frisches wie au\u00dfergew\u00f6hnliches Mineralwasser also, auf das wir ganz besonders stolz sind - B\u00fcgelverschluss - Plopp - Pfand \u0080 4,50","og_url":"https:\/\/shop.merolution.de\/index.php\/product\/flensburger-mineralwasser-20-033\/","og_site_name":"Getr\u00e4nke Schl\u00fcter Onlineshop","og_image":[{"width":110,"height":128,"url":"https:\/\/shop.merolution.de\/wp-content\/uploads\/2020\/05\/3330aPic1S459124032_zz_wasser_logo.jpg","type":"image\/jpeg"}],"twitter_card":"summary_large_image","schema":{"@context":"https:\/\/schema.org","@graph":[{"@type":"WebPage","@id":"https:\/\/shop.merolution.de\/index.php\/product\/flensburger-mineralwasser-20-033\/","url":"https:\/\/shop.merolution.de\/index.php\/product\/flensburger-mineralwasser-20-033\/","name":"Flensburger Mineralwasser - 20\/0,33 - Getr\u00e4nke Schl\u00fcter Onlineshop","isPartOf":{"@id":"https:\/\/shop.merolution.de\/#website"},"datePublished":"2020-05-28T09:55:07+00:00","dateModified":"2020-05-28T09:55:07+00:00","breadcrumb":{"@id":"https:\/\/shop.merolution.de\/index.php\/product\/flensburger-mineralwasser-20-033\/#breadcrumb"},"inLanguage":"de","potentialAction":[{"@type":"ReadAction","target":["https:\/\/shop.merolution.de\/index.php\/product\/flensburger-mineralwasser-20-033\/"]}]},{"@type":"BreadcrumbList","@id":"https:\/\/shop.merolution.de\/index.php\/product\/flensburger-mineralwasser-20-033\/#breadcrumb","itemListElement":[{"@type":"ListItem","position":1,"name":"Home","item":"https:\/\/shop.merolution.de\/"},{"@type":"ListItem","position":2,"name":"Shop","item":"https:\/\/shop.merolution.de\/"},{"@type":"ListItem","position":3,"name":"Flensburger Mineralwasser &#8211; 20\/0,33"}]},{"@type":"WebSite","@id":"https:\/\/shop.merolution.de\/#website","url":"https:\/\/shop.merolution.de\/","name":"Getr\u00e4nke Schl\u00fcter Onlineshop","description":"Ihr Getr\u00e4nke-Partner in Hannover","potentialAction":[{"@type":"SearchAction","target":{"@type":"EntryPoint","urlTemplate":"https:\/\/shop.merolution.de\/?s={search_term_string}"},"query-input":"required name=search_term_string"}],"inLanguage":"de"}]}},"_links":{"self":[{"href":"https:\/\/shop.merolution.de\/index.php\/wp-json\/wp\/v2\/product\/679"}],"collection":[{"href":"https:\/\/shop.merolution.de\/index.php\/wp-json\/wp\/v2\/product"}],"about":[{"href":"https:\/\/shop.merolution.de\/index.php\/wp-json\/wp\/v2\/types\/product"}],"replies":[{"embeddable":true,"href":"https:\/\/shop.merolution.de\/index.php\/wp-json\/wp\/v2\/comments?post=679"}],"wp:featuredmedia":[{"embeddable":true,"href":"https:\/\/shop.merolution.de\/index.php\/wp-json\/wp\/v2\/media\/680"}],"wp:attachment":[{"href":"https:\/\/shop.merolution.de\/index.php\/wp-json\/wp\/v2\/media?parent=679"}],"wp:term":[{"taxonomy":"product_cat","embeddable":true,"href":"https:\/\/shop.merolution.de\/index.php\/wp-json\/wp\/v2\/product_cat?post=679"},{"taxonomy":"product_tag","embeddable":true,"href":"https:\/\/shop.merolution.de\/index.php\/wp-json\/wp\/v2\/product_tag?post=679"}],"curies":[{"name":"wp","href":"https:\/\/api.w.org\/{rel}","templated":true}]}}