{"id":728,"date":"2020-05-28T09:55:13","date_gmt":"2020-05-28T09:55:13","guid":{"rendered":"https:\/\/shop.merolution.de\/index.php\/product\/weltenburger-dunkel-barock-elfer\/"},"modified":"2020-05-28T09:55:13","modified_gmt":"2020-05-28T09:55:13","slug":"weltenburger-dunkel-barock-elfer","status":"publish","type":"product","link":"https:\/\/shop.merolution.de\/index.php\/product\/weltenburger-dunkel-barock-elfer\/","title":{"rendered":"Weltenburger dunkel Barock elfer **"},"content":{"rendered":"<p>11\/0,50 &#8211; Mit modernster Technik und mit historischer, kl\u00f6sterlicher Braukunst wird das weltweit pr\u00e4mierte Spezialbier mit besten Zutaten in der \u00e4ltesten Klosterbrauerei der Welt gebraut. Bis zu sechs Wochen reift das Barock Dunkel im Felsenkeller und entwickelt so seinen unnachahmlichen Geschmack. Es ist vollmundig, malzaromatisch, feinherb mit leichter S\u00fc\u00dfe, feincremig in der Farbe wie warmbrauner Bernstein<\/p>\n","protected":false},"excerpt":{"rendered":"<p>11\/0,50 &#8211; dunkle Bierspezialit\u00e4t aus der \u00e4ltesten Klosterbreuerei der Welt mit 4,7vol% &#8211; Kompakte Elferkiste: \u0080 2,38 Pfand<\/p>\n","protected":false},"featured_media":0,"comment_status":"open","ping_status":"closed","template":"","meta":[],"product_cat":[33],"product_tag":[],"yoast_head":"<!-- This site is optimized with the Yoast SEO plugin v19.14 - https:\/\/yoast.com\/wordpress\/plugins\/seo\/ -->\n<title>Weltenburger dunkel Barock elfer ** - Getr\u00e4nke Schl\u00fcter Onlineshop<\/title>\n<meta name=\"robots\" content=\"noindex, follow, max-snippet:-1, max-image-preview:large, max-video-preview:-1\" \/>\n<meta property=\"og:locale\" content=\"de_DE\" \/>\n<meta property=\"og:type\" content=\"article\" \/>\n<meta property=\"og:title\" content=\"Weltenburger dunkel Barock elfer ** - Getr\u00e4nke Schl\u00fcter Onlineshop\" \/>\n<meta property=\"og:description\" content=\"11\/0,50 - dunkle Bierspezialit\u00e4t aus der \u00e4ltesten Klosterbreuerei der Welt mit 4,7vol% - Kompakte Elferkiste: \u0080 2,38 Pfand\" \/>\n<meta property=\"og:url\" content=\"https:\/\/shop.merolution.de\/index.php\/product\/weltenburger-dunkel-barock-elfer\/\" \/>\n<meta property=\"og:site_name\" content=\"Getr\u00e4nke Schl\u00fcter Onlineshop\" \/>\n<meta name=\"twitter:card\" content=\"summary_large_image\" \/>\n<script type=\"application\/ld+json\" class=\"yoast-schema-graph\">{\"@context\":\"https:\/\/schema.org\",\"@graph\":[{\"@type\":\"WebPage\",\"@id\":\"https:\/\/shop.merolution.de\/index.php\/product\/weltenburger-dunkel-barock-elfer\/\",\"url\":\"https:\/\/shop.merolution.de\/index.php\/product\/weltenburger-dunkel-barock-elfer\/\",\"name\":\"Weltenburger dunkel Barock elfer ** - Getr\u00e4nke Schl\u00fcter Onlineshop\",\"isPartOf\":{\"@id\":\"https:\/\/shop.merolution.de\/#website\"},\"datePublished\":\"2020-05-28T09:55:13+00:00\",\"dateModified\":\"2020-05-28T09:55:13+00:00\",\"breadcrumb\":{\"@id\":\"https:\/\/shop.merolution.de\/index.php\/product\/weltenburger-dunkel-barock-elfer\/#breadcrumb\"},\"inLanguage\":\"de\",\"potentialAction\":[{\"@type\":\"ReadAction\",\"target\":[\"https:\/\/shop.merolution.de\/index.php\/product\/weltenburger-dunkel-barock-elfer\/\"]}]},{\"@type\":\"BreadcrumbList\",\"@id\":\"https:\/\/shop.merolution.de\/index.php\/product\/weltenburger-dunkel-barock-elfer\/#breadcrumb\",\"itemListElement\":[{\"@type\":\"ListItem\",\"position\":1,\"name\":\"Home\",\"item\":\"https:\/\/shop.merolution.de\/\"},{\"@type\":\"ListItem\",\"position\":2,\"name\":\"Shop\",\"item\":\"https:\/\/shop.merolution.de\/\"},{\"@type\":\"ListItem\",\"position\":3,\"name\":\"Weltenburger dunkel Barock elfer **\"}]},{\"@type\":\"WebSite\",\"@id\":\"https:\/\/shop.merolution.de\/#website\",\"url\":\"https:\/\/shop.merolution.de\/\",\"name\":\"Getr\u00e4nke Schl\u00fcter Onlineshop\",\"description\":\"Ihr Getr\u00e4nke-Partner in Hannover\",\"potentialAction\":[{\"@type\":\"SearchAction\",\"target\":{\"@type\":\"EntryPoint\",\"urlTemplate\":\"https:\/\/shop.merolution.de\/?s={search_term_string}\"},\"query-input\":\"required name=search_term_string\"}],\"inLanguage\":\"de\"}]}<\/script>\n<!-- \/ Yoast SEO plugin. -->","yoast_head_json":{"title":"Weltenburger dunkel Barock elfer ** - Getr\u00e4nke Schl\u00fcter Onlineshop","robots":{"index":"noindex","follow":"follow","max-snippet":"max-snippet:-1","max-image-preview":"max-image-preview:large","max-video-preview":"max-video-preview:-1"},"og_locale":"de_DE","og_type":"article","og_title":"Weltenburger dunkel Barock elfer ** - Getr\u00e4nke Schl\u00fcter Onlineshop","og_description":"11\/0,50 - dunkle Bierspezialit\u00e4t aus der \u00e4ltesten Klosterbreuerei der Welt mit 4,7vol% - Kompakte Elferkiste: \u0080 2,38 Pfand","og_url":"https:\/\/shop.merolution.de\/index.php\/product\/weltenburger-dunkel-barock-elfer\/","og_site_name":"Getr\u00e4nke Schl\u00fcter Onlineshop","twitter_card":"summary_large_image","schema":{"@context":"https:\/\/schema.org","@graph":[{"@type":"WebPage","@id":"https:\/\/shop.merolution.de\/index.php\/product\/weltenburger-dunkel-barock-elfer\/","url":"https:\/\/shop.merolution.de\/index.php\/product\/weltenburger-dunkel-barock-elfer\/","name":"Weltenburger dunkel Barock elfer ** - Getr\u00e4nke Schl\u00fcter Onlineshop","isPartOf":{"@id":"https:\/\/shop.merolution.de\/#website"},"datePublished":"2020-05-28T09:55:13+00:00","dateModified":"2020-05-28T09:55:13+00:00","breadcrumb":{"@id":"https:\/\/shop.merolution.de\/index.php\/product\/weltenburger-dunkel-barock-elfer\/#breadcrumb"},"inLanguage":"de","potentialAction":[{"@type":"ReadAction","target":["https:\/\/shop.merolution.de\/index.php\/product\/weltenburger-dunkel-barock-elfer\/"]}]},{"@type":"BreadcrumbList","@id":"https:\/\/shop.merolution.de\/index.php\/product\/weltenburger-dunkel-barock-elfer\/#breadcrumb","itemListElement":[{"@type":"ListItem","position":1,"name":"Home","item":"https:\/\/shop.merolution.de\/"},{"@type":"ListItem","position":2,"name":"Shop","item":"https:\/\/shop.merolution.de\/"},{"@type":"ListItem","position":3,"name":"Weltenburger dunkel Barock elfer **"}]},{"@type":"WebSite","@id":"https:\/\/shop.merolution.de\/#website","url":"https:\/\/shop.merolution.de\/","name":"Getr\u00e4nke Schl\u00fcter Onlineshop","description":"Ihr Getr\u00e4nke-Partner in Hannover","potentialAction":[{"@type":"SearchAction","target":{"@type":"EntryPoint","urlTemplate":"https:\/\/shop.merolution.de\/?s={search_term_string}"},"query-input":"required name=search_term_string"}],"inLanguage":"de"}]}},"_links":{"self":[{"href":"https:\/\/shop.merolution.de\/index.php\/wp-json\/wp\/v2\/product\/728"}],"collection":[{"href":"https:\/\/shop.merolution.de\/index.php\/wp-json\/wp\/v2\/product"}],"about":[{"href":"https:\/\/shop.merolution.de\/index.php\/wp-json\/wp\/v2\/types\/product"}],"replies":[{"embeddable":true,"href":"https:\/\/shop.merolution.de\/index.php\/wp-json\/wp\/v2\/comments?post=728"}],"wp:attachment":[{"href":"https:\/\/shop.merolution.de\/index.php\/wp-json\/wp\/v2\/media?parent=728"}],"wp:term":[{"taxonomy":"product_cat","embeddable":true,"href":"https:\/\/shop.merolution.de\/index.php\/wp-json\/wp\/v2\/product_cat?post=728"},{"taxonomy":"product_tag","embeddable":true,"href":"https:\/\/shop.merolution.de\/index.php\/wp-json\/wp\/v2\/product_tag?post=728"}],"curies":[{"name":"wp","href":"https:\/\/api.w.org\/{rel}","templated":true}]}}