{"id":775,"date":"2020-05-28T09:55:19","date_gmt":"2020-05-28T09:55:19","guid":{"rendered":"https:\/\/shop.merolution.de\/index.php\/product\/stoertebeker-05-atlantik-ale\/"},"modified":"2020-05-28T09:55:19","modified_gmt":"2020-05-28T09:55:19","slug":"stoertebeker-05-atlantik-ale","status":"publish","type":"product","link":"https:\/\/shop.merolution.de\/index.php\/product\/stoertebeker-05-atlantik-ale\/","title":{"rendered":"St\u00f6rtebeker 0,5 Atlantik Ale"},"content":{"rendered":"<p>Atlantik Ale von St\u00f6rtebeker &#8211; 5,1vol% &#8211; mit M\u00fcnchner-, Distilling-, Pilsener- und Weizenmalzen sorgen f\u00fcr die strohgelbe Farbe und den schlanken K\u00f6rper &#8211; Die warme G\u00e4rung mit oberg\u00e4riger Ale-Hefe l\u00e4sst den opulenten Schaum entstehen und die Kalte Hopfung mit den Sorten Perle, Amarillo, Cascade und Citra bringt ein Duftspiel aus Zitrone, Grapefruit sowie Melone und die kr\u00e4ftige Herbe hervor &#8211; \u0080 3,10 Pfand<\/p>\n","protected":false},"excerpt":{"rendered":"<p>St\u00f6rtebeker Atlantik Ale 20&#215;0,50 &#8211; ein naturbelassenes, oberg\u00e4riges, helles Ale mit Stammw\u00fcrze 11,4%. Genusstemperatur 10\u00b0C. Alkoholgehalt: 5,1% vol. \u0080 3,10 Pfand<\/p>\n","protected":false},"featured_media":776,"comment_status":"open","ping_status":"closed","template":"","meta":[],"product_cat":[33],"product_tag":[],"yoast_head":"<!-- This site is optimized with the Yoast SEO plugin v19.14 - https:\/\/yoast.com\/wordpress\/plugins\/seo\/ -->\n<title>St\u00f6rtebeker 0,5 Atlantik Ale - Getr\u00e4nke Schl\u00fcter Onlineshop<\/title>\n<meta name=\"robots\" content=\"noindex, follow, max-snippet:-1, max-image-preview:large, max-video-preview:-1\" \/>\n<meta property=\"og:locale\" content=\"de_DE\" \/>\n<meta property=\"og:type\" content=\"article\" \/>\n<meta property=\"og:title\" content=\"St\u00f6rtebeker 0,5 Atlantik Ale - Getr\u00e4nke Schl\u00fcter Onlineshop\" \/>\n<meta property=\"og:description\" content=\"St\u00f6rtebeker Atlantik Ale 20x0,50 - ein naturbelassenes, oberg\u00e4riges, helles Ale mit Stammw\u00fcrze 11,4%. Genusstemperatur 10\u00b0C. Alkoholgehalt: 5,1% vol. \u0080 3,10 Pfand\" \/>\n<meta property=\"og:url\" content=\"https:\/\/shop.merolution.de\/index.php\/product\/stoertebeker-05-atlantik-ale\/\" \/>\n<meta property=\"og:site_name\" content=\"Getr\u00e4nke Schl\u00fcter Onlineshop\" \/>\n<meta property=\"og:image\" content=\"https:\/\/shop.merolution.de\/wp-content\/uploads\/2020\/05\/stoertebeker-entdecker-kiste-frontal-300x330-1.png\" \/>\n\t<meta property=\"og:image:width\" content=\"150\" \/>\n\t<meta property=\"og:image:height\" content=\"165\" \/>\n\t<meta property=\"og:image:type\" content=\"image\/png\" \/>\n<meta name=\"twitter:card\" content=\"summary_large_image\" \/>\n<script type=\"application\/ld+json\" class=\"yoast-schema-graph\">{\"@context\":\"https:\/\/schema.org\",\"@graph\":[{\"@type\":\"WebPage\",\"@id\":\"https:\/\/shop.merolution.de\/index.php\/product\/stoertebeker-05-atlantik-ale\/\",\"url\":\"https:\/\/shop.merolution.de\/index.php\/product\/stoertebeker-05-atlantik-ale\/\",\"name\":\"St\u00f6rtebeker 0,5 Atlantik Ale - Getr\u00e4nke Schl\u00fcter Onlineshop\",\"isPartOf\":{\"@id\":\"https:\/\/shop.merolution.de\/#website\"},\"datePublished\":\"2020-05-28T09:55:19+00:00\",\"dateModified\":\"2020-05-28T09:55:19+00:00\",\"breadcrumb\":{\"@id\":\"https:\/\/shop.merolution.de\/index.php\/product\/stoertebeker-05-atlantik-ale\/#breadcrumb\"},\"inLanguage\":\"de\",\"potentialAction\":[{\"@type\":\"ReadAction\",\"target\":[\"https:\/\/shop.merolution.de\/index.php\/product\/stoertebeker-05-atlantik-ale\/\"]}]},{\"@type\":\"BreadcrumbList\",\"@id\":\"https:\/\/shop.merolution.de\/index.php\/product\/stoertebeker-05-atlantik-ale\/#breadcrumb\",\"itemListElement\":[{\"@type\":\"ListItem\",\"position\":1,\"name\":\"Home\",\"item\":\"https:\/\/shop.merolution.de\/\"},{\"@type\":\"ListItem\",\"position\":2,\"name\":\"Shop\",\"item\":\"https:\/\/shop.merolution.de\/\"},{\"@type\":\"ListItem\",\"position\":3,\"name\":\"St\u00f6rtebeker 0,5 Atlantik Ale\"}]},{\"@type\":\"WebSite\",\"@id\":\"https:\/\/shop.merolution.de\/#website\",\"url\":\"https:\/\/shop.merolution.de\/\",\"name\":\"Getr\u00e4nke Schl\u00fcter Onlineshop\",\"description\":\"Ihr Getr\u00e4nke-Partner in Hannover\",\"potentialAction\":[{\"@type\":\"SearchAction\",\"target\":{\"@type\":\"EntryPoint\",\"urlTemplate\":\"https:\/\/shop.merolution.de\/?s={search_term_string}\"},\"query-input\":\"required name=search_term_string\"}],\"inLanguage\":\"de\"}]}<\/script>\n<!-- \/ Yoast SEO plugin. -->","yoast_head_json":{"title":"St\u00f6rtebeker 0,5 Atlantik Ale - Getr\u00e4nke Schl\u00fcter Onlineshop","robots":{"index":"noindex","follow":"follow","max-snippet":"max-snippet:-1","max-image-preview":"max-image-preview:large","max-video-preview":"max-video-preview:-1"},"og_locale":"de_DE","og_type":"article","og_title":"St\u00f6rtebeker 0,5 Atlantik Ale - Getr\u00e4nke Schl\u00fcter Onlineshop","og_description":"St\u00f6rtebeker Atlantik Ale 20x0,50 - ein naturbelassenes, oberg\u00e4riges, helles Ale mit Stammw\u00fcrze 11,4%. Genusstemperatur 10\u00b0C. Alkoholgehalt: 5,1% vol. \u0080 3,10 Pfand","og_url":"https:\/\/shop.merolution.de\/index.php\/product\/stoertebeker-05-atlantik-ale\/","og_site_name":"Getr\u00e4nke Schl\u00fcter Onlineshop","og_image":[{"width":150,"height":165,"url":"https:\/\/shop.merolution.de\/wp-content\/uploads\/2020\/05\/stoertebeker-entdecker-kiste-frontal-300x330-1.png","type":"image\/png"}],"twitter_card":"summary_large_image","schema":{"@context":"https:\/\/schema.org","@graph":[{"@type":"WebPage","@id":"https:\/\/shop.merolution.de\/index.php\/product\/stoertebeker-05-atlantik-ale\/","url":"https:\/\/shop.merolution.de\/index.php\/product\/stoertebeker-05-atlantik-ale\/","name":"St\u00f6rtebeker 0,5 Atlantik Ale - Getr\u00e4nke Schl\u00fcter Onlineshop","isPartOf":{"@id":"https:\/\/shop.merolution.de\/#website"},"datePublished":"2020-05-28T09:55:19+00:00","dateModified":"2020-05-28T09:55:19+00:00","breadcrumb":{"@id":"https:\/\/shop.merolution.de\/index.php\/product\/stoertebeker-05-atlantik-ale\/#breadcrumb"},"inLanguage":"de","potentialAction":[{"@type":"ReadAction","target":["https:\/\/shop.merolution.de\/index.php\/product\/stoertebeker-05-atlantik-ale\/"]}]},{"@type":"BreadcrumbList","@id":"https:\/\/shop.merolution.de\/index.php\/product\/stoertebeker-05-atlantik-ale\/#breadcrumb","itemListElement":[{"@type":"ListItem","position":1,"name":"Home","item":"https:\/\/shop.merolution.de\/"},{"@type":"ListItem","position":2,"name":"Shop","item":"https:\/\/shop.merolution.de\/"},{"@type":"ListItem","position":3,"name":"St\u00f6rtebeker 0,5 Atlantik Ale"}]},{"@type":"WebSite","@id":"https:\/\/shop.merolution.de\/#website","url":"https:\/\/shop.merolution.de\/","name":"Getr\u00e4nke Schl\u00fcter Onlineshop","description":"Ihr Getr\u00e4nke-Partner in Hannover","potentialAction":[{"@type":"SearchAction","target":{"@type":"EntryPoint","urlTemplate":"https:\/\/shop.merolution.de\/?s={search_term_string}"},"query-input":"required name=search_term_string"}],"inLanguage":"de"}]}},"_links":{"self":[{"href":"https:\/\/shop.merolution.de\/index.php\/wp-json\/wp\/v2\/product\/775"}],"collection":[{"href":"https:\/\/shop.merolution.de\/index.php\/wp-json\/wp\/v2\/product"}],"about":[{"href":"https:\/\/shop.merolution.de\/index.php\/wp-json\/wp\/v2\/types\/product"}],"replies":[{"embeddable":true,"href":"https:\/\/shop.merolution.de\/index.php\/wp-json\/wp\/v2\/comments?post=775"}],"wp:featuredmedia":[{"embeddable":true,"href":"https:\/\/shop.merolution.de\/index.php\/wp-json\/wp\/v2\/media\/776"}],"wp:attachment":[{"href":"https:\/\/shop.merolution.de\/index.php\/wp-json\/wp\/v2\/media?parent=775"}],"wp:term":[{"taxonomy":"product_cat","embeddable":true,"href":"https:\/\/shop.merolution.de\/index.php\/wp-json\/wp\/v2\/product_cat?post=775"},{"taxonomy":"product_tag","embeddable":true,"href":"https:\/\/shop.merolution.de\/index.php\/wp-json\/wp\/v2\/product_tag?post=775"}],"curies":[{"name":"wp","href":"https:\/\/api.w.org\/{rel}","templated":true}]}}