{"id":785,"date":"2020-05-28T09:55:20","date_gmt":"2020-05-28T09:55:20","guid":{"rendered":"https:\/\/shop.merolution.de\/index.php\/product\/bayreuther-aktien-landbier-dunkel-20-050\/"},"modified":"2020-05-28T09:55:20","modified_gmt":"2020-05-28T09:55:20","slug":"bayreuther-aktien-landbier-dunkel-20-050","status":"publish","type":"product","link":"https:\/\/shop.merolution.de\/index.php\/product\/bayreuther-aktien-landbier-dunkel-20-050\/","title":{"rendered":"Bayreuther Aktien Landbier dunkel &#8211; 20\/0,50"},"content":{"rendered":"<p>20\/0,50 &#8211; AKTIEN Landbier FR\u00c4NKISCH DUNKEL ist ein unterg\u00e4riges Vollbier, vollmundig un kernig im Geschmack, von dunkler Farbe, naturbelassen. Die erlesene Auswahl von Gerstenmalzen sowie das quellfrische Fichtelgebirgswasser verleihen ihm seinen typischen Charakter und sein feines Malzaroma &#8212; Gebraut nach alter Tradition entwickelt es sich nach langer G\u00e4r- und Lagerzeit zu einem sehr ausgewogenen und \u00e4u\u00dferst s\u00fcffigen Bier &#8211;Alkoholgehalt: 5,3% volStammw\u00fcrze: 12,40\u00b0PBittereinheiten: 19 IBU &#8212; Zutaten: Wasser, Gerstenmalz, R\u00f6stmalzbier, Hopfen, Hefe &#8212; Speiseempfehlung: Bratwurst, Steaks, Spareribs, Braten und Wildgerichte<\/p>\n","protected":false},"excerpt":{"rendered":"<p>20\/0,50 &#8211; Aktien Landbier dunkel &#8211; fr\u00e4nkische Bierspezialit\u00e4t mit 5,3vol% &#8211; Pfand \u0080 4,50 (B\u00fcgelflasche)<\/p>\n","protected":false},"featured_media":786,"comment_status":"open","ping_status":"closed","template":"","meta":[],"product_cat":[33],"product_tag":[],"yoast_head":"<!-- This site is optimized with the Yoast SEO plugin v19.14 - https:\/\/yoast.com\/wordpress\/plugins\/seo\/ -->\n<title>Bayreuther Aktien Landbier dunkel - 20\/0,50 - Getr\u00e4nke Schl\u00fcter Onlineshop<\/title>\n<meta name=\"robots\" content=\"noindex, follow, max-snippet:-1, max-image-preview:large, max-video-preview:-1\" \/>\n<meta property=\"og:locale\" content=\"de_DE\" \/>\n<meta property=\"og:type\" content=\"article\" \/>\n<meta property=\"og:title\" content=\"Bayreuther Aktien Landbier dunkel - 20\/0,50 - Getr\u00e4nke Schl\u00fcter Onlineshop\" \/>\n<meta property=\"og:description\" content=\"20\/0,50 - Aktien Landbier dunkel - fr\u00e4nkische Bierspezialit\u00e4t mit 5,3vol% - Pfand \u0080 4,50 (B\u00fcgelflasche)\" \/>\n<meta property=\"og:url\" content=\"https:\/\/shop.merolution.de\/index.php\/product\/bayreuther-aktien-landbier-dunkel-20-050\/\" \/>\n<meta property=\"og:site_name\" content=\"Getr\u00e4nke Schl\u00fcter Onlineshop\" \/>\n<meta property=\"og:image\" content=\"https:\/\/shop.merolution.de\/wp-content\/uploads\/2020\/05\/al_kiste_4c.jpg\" \/>\n\t<meta property=\"og:image:width\" content=\"150\" \/>\n\t<meta property=\"og:image:height\" content=\"136\" \/>\n\t<meta property=\"og:image:type\" content=\"image\/jpeg\" \/>\n<meta name=\"twitter:card\" content=\"summary_large_image\" \/>\n<script type=\"application\/ld+json\" class=\"yoast-schema-graph\">{\"@context\":\"https:\/\/schema.org\",\"@graph\":[{\"@type\":\"WebPage\",\"@id\":\"https:\/\/shop.merolution.de\/index.php\/product\/bayreuther-aktien-landbier-dunkel-20-050\/\",\"url\":\"https:\/\/shop.merolution.de\/index.php\/product\/bayreuther-aktien-landbier-dunkel-20-050\/\",\"name\":\"Bayreuther Aktien Landbier dunkel - 20\/0,50 - Getr\u00e4nke Schl\u00fcter Onlineshop\",\"isPartOf\":{\"@id\":\"https:\/\/shop.merolution.de\/#website\"},\"datePublished\":\"2020-05-28T09:55:20+00:00\",\"dateModified\":\"2020-05-28T09:55:20+00:00\",\"breadcrumb\":{\"@id\":\"https:\/\/shop.merolution.de\/index.php\/product\/bayreuther-aktien-landbier-dunkel-20-050\/#breadcrumb\"},\"inLanguage\":\"de\",\"potentialAction\":[{\"@type\":\"ReadAction\",\"target\":[\"https:\/\/shop.merolution.de\/index.php\/product\/bayreuther-aktien-landbier-dunkel-20-050\/\"]}]},{\"@type\":\"BreadcrumbList\",\"@id\":\"https:\/\/shop.merolution.de\/index.php\/product\/bayreuther-aktien-landbier-dunkel-20-050\/#breadcrumb\",\"itemListElement\":[{\"@type\":\"ListItem\",\"position\":1,\"name\":\"Home\",\"item\":\"https:\/\/shop.merolution.de\/\"},{\"@type\":\"ListItem\",\"position\":2,\"name\":\"Shop\",\"item\":\"https:\/\/shop.merolution.de\/\"},{\"@type\":\"ListItem\",\"position\":3,\"name\":\"Bayreuther Aktien Landbier dunkel &#8211; 20\/0,50\"}]},{\"@type\":\"WebSite\",\"@id\":\"https:\/\/shop.merolution.de\/#website\",\"url\":\"https:\/\/shop.merolution.de\/\",\"name\":\"Getr\u00e4nke Schl\u00fcter Onlineshop\",\"description\":\"Ihr Getr\u00e4nke-Partner in Hannover\",\"potentialAction\":[{\"@type\":\"SearchAction\",\"target\":{\"@type\":\"EntryPoint\",\"urlTemplate\":\"https:\/\/shop.merolution.de\/?s={search_term_string}\"},\"query-input\":\"required name=search_term_string\"}],\"inLanguage\":\"de\"}]}<\/script>\n<!-- \/ Yoast SEO plugin. -->","yoast_head_json":{"title":"Bayreuther Aktien Landbier dunkel - 20\/0,50 - Getr\u00e4nke Schl\u00fcter Onlineshop","robots":{"index":"noindex","follow":"follow","max-snippet":"max-snippet:-1","max-image-preview":"max-image-preview:large","max-video-preview":"max-video-preview:-1"},"og_locale":"de_DE","og_type":"article","og_title":"Bayreuther Aktien Landbier dunkel - 20\/0,50 - Getr\u00e4nke Schl\u00fcter Onlineshop","og_description":"20\/0,50 - Aktien Landbier dunkel - fr\u00e4nkische Bierspezialit\u00e4t mit 5,3vol% - Pfand \u0080 4,50 (B\u00fcgelflasche)","og_url":"https:\/\/shop.merolution.de\/index.php\/product\/bayreuther-aktien-landbier-dunkel-20-050\/","og_site_name":"Getr\u00e4nke Schl\u00fcter Onlineshop","og_image":[{"width":150,"height":136,"url":"https:\/\/shop.merolution.de\/wp-content\/uploads\/2020\/05\/al_kiste_4c.jpg","type":"image\/jpeg"}],"twitter_card":"summary_large_image","schema":{"@context":"https:\/\/schema.org","@graph":[{"@type":"WebPage","@id":"https:\/\/shop.merolution.de\/index.php\/product\/bayreuther-aktien-landbier-dunkel-20-050\/","url":"https:\/\/shop.merolution.de\/index.php\/product\/bayreuther-aktien-landbier-dunkel-20-050\/","name":"Bayreuther Aktien Landbier dunkel - 20\/0,50 - Getr\u00e4nke Schl\u00fcter Onlineshop","isPartOf":{"@id":"https:\/\/shop.merolution.de\/#website"},"datePublished":"2020-05-28T09:55:20+00:00","dateModified":"2020-05-28T09:55:20+00:00","breadcrumb":{"@id":"https:\/\/shop.merolution.de\/index.php\/product\/bayreuther-aktien-landbier-dunkel-20-050\/#breadcrumb"},"inLanguage":"de","potentialAction":[{"@type":"ReadAction","target":["https:\/\/shop.merolution.de\/index.php\/product\/bayreuther-aktien-landbier-dunkel-20-050\/"]}]},{"@type":"BreadcrumbList","@id":"https:\/\/shop.merolution.de\/index.php\/product\/bayreuther-aktien-landbier-dunkel-20-050\/#breadcrumb","itemListElement":[{"@type":"ListItem","position":1,"name":"Home","item":"https:\/\/shop.merolution.de\/"},{"@type":"ListItem","position":2,"name":"Shop","item":"https:\/\/shop.merolution.de\/"},{"@type":"ListItem","position":3,"name":"Bayreuther Aktien Landbier dunkel &#8211; 20\/0,50"}]},{"@type":"WebSite","@id":"https:\/\/shop.merolution.de\/#website","url":"https:\/\/shop.merolution.de\/","name":"Getr\u00e4nke Schl\u00fcter Onlineshop","description":"Ihr Getr\u00e4nke-Partner in Hannover","potentialAction":[{"@type":"SearchAction","target":{"@type":"EntryPoint","urlTemplate":"https:\/\/shop.merolution.de\/?s={search_term_string}"},"query-input":"required name=search_term_string"}],"inLanguage":"de"}]}},"_links":{"self":[{"href":"https:\/\/shop.merolution.de\/index.php\/wp-json\/wp\/v2\/product\/785"}],"collection":[{"href":"https:\/\/shop.merolution.de\/index.php\/wp-json\/wp\/v2\/product"}],"about":[{"href":"https:\/\/shop.merolution.de\/index.php\/wp-json\/wp\/v2\/types\/product"}],"replies":[{"embeddable":true,"href":"https:\/\/shop.merolution.de\/index.php\/wp-json\/wp\/v2\/comments?post=785"}],"wp:featuredmedia":[{"embeddable":true,"href":"https:\/\/shop.merolution.de\/index.php\/wp-json\/wp\/v2\/media\/786"}],"wp:attachment":[{"href":"https:\/\/shop.merolution.de\/index.php\/wp-json\/wp\/v2\/media?parent=785"}],"wp:term":[{"taxonomy":"product_cat","embeddable":true,"href":"https:\/\/shop.merolution.de\/index.php\/wp-json\/wp\/v2\/product_cat?post=785"},{"taxonomy":"product_tag","embeddable":true,"href":"https:\/\/shop.merolution.de\/index.php\/wp-json\/wp\/v2\/product_tag?post=785"}],"curies":[{"name":"wp","href":"https:\/\/api.w.org\/{rel}","templated":true}]}}