{"id":811,"date":"2020-05-28T09:55:24","date_gmt":"2020-05-28T09:55:24","guid":{"rendered":"https:\/\/shop.merolution.de\/index.php\/product\/schneider-tapx-meine-porter-weisse-limitiert\/"},"modified":"2020-05-28T09:55:24","modified_gmt":"2020-05-28T09:55:24","slug":"schneider-tapx-meine-porter-weisse-limitiert","status":"publish","type":"product","link":"https:\/\/shop.merolution.de\/index.php\/product\/schneider-tapx-meine-porter-weisse-limitiert\/","title":{"rendered":"Schneider TAPX Meine Porter Weisse (limitiert)"},"content":{"rendered":"<p>01\/0,75 (Verkauf ohne Glas) Ein Weissbier kommt aus Bayern, ist oberg\u00e4rig und wird von Bierkennern durch seine meist fruchtigen Noten und die spritzige Frische gesch\u00e4tzt. Ein oberg\u00e4riges Porter stammt in der Regel aus England oder in der unterg\u00e4rigen Version aus dem Ostseeraum. Geschmacklich beeindruckt es durch ganz andere Aromen: Es ist r\u00f6stig-malzig und erinnert an N\u00fcsse und Zartbitterschokolade. Bei einem Treffen mit Brauk\u00fcnstlerkollegen in London sind Georg VI. Schneider und sein Freund Alistar auf die Idee gekommen, beide Bierstile zu vereinigen. Ein Gedanke, eine Tat. Mit dem neuen TAPX Meine Porter Weisse ist Schneider Weisse eine einzigartige Kombination zweier klassischer Bierspezialit\u00e4ten gelungen. \u0084Wenn man sich intensiv mit der Geschichte des Porters besch\u00e4ftigt, das Aromaprofil genau betrachtet und mit dem klassischen Weissbier vergleicht, erkennt man schnell, dass eine Basis f\u00fcr die Entwicklung eines ausdrucksstarken Charakters bei dieser Verbindung gegeben ist\u0093, legt Schneider Weisse-Braumeister Hans-Peter Drexler die Entstehung des neuen TAPX dar. \u0084Eine historisch gewagte, aber geschmacklich schlussendlich doch sehr passende Kombination zweier eigenwilliger Bierstile\u0093, so Drexler.<\/p>\n","protected":false},"excerpt":{"rendered":"<p>01\/0,75 (Verkauf ohne Glas) Ein Weissbier kommt aus Bayern, ist oberg\u00e4rig und wird von Bierkennern durch seine meist fruchtigen Noten und die spritzige Frische gesch\u00e4tzt. Ein oberg\u00e4riges Porter stammt in der Regel aus England oder in der unterg\u00e4rigen Version aus dem Ostseeraum. Geschmacklich beeindruckt es durch ganz andere Aromen: Es ist r\u00f6stig-malzig und erinnert an N\u00fcsse und Zartbitterschokolade. Bei einem Treffen mit Brauk\u00fcnstlerkollegen in London sind Georg VI. Schneider und sein Freund Alistar auf die Idee gekommen, beide Bierstile zu vereinigen. Ein Gedanke, eine Tat. Mit dem neuen TAPX Meine Porter Weisse ist Schneider Weisse eine einzigartige Kombination zweier klassischer Bierspezialit\u00e4ten gelungen. \u0084Wenn man sich intensiv mit der Geschichte des Porters besch\u00e4ftigt, das Aromaprofil genau betrachtet und mit dem klassischen Weissbier vergleicht, erkennt man schnell, dass eine Basis f\u00fcr die Entwicklung eines ausdrucksstarken Charakters bei dieser Verbindung gegeben ist\u0093, legt Schneider Weisse-Braumeister Hans-Peter Drexler die Entstehung des neuen TAPX dar. \u0084Eine historisch gewagte, aber geschmacklich schlussendlich doch sehr passende Kombination zweier eigenwilliger Bierstile\u0093, so Drexler.<\/p>\n","protected":false},"featured_media":812,"comment_status":"open","ping_status":"closed","template":"","meta":[],"product_cat":[33],"product_tag":[],"yoast_head":"<!-- This site is optimized with the Yoast SEO plugin v19.14 - https:\/\/yoast.com\/wordpress\/plugins\/seo\/ -->\n<title>Schneider TAPX Meine Porter Weisse (limitiert) - Getr\u00e4nke Schl\u00fcter Onlineshop<\/title>\n<meta name=\"robots\" content=\"noindex, follow, max-snippet:-1, max-image-preview:large, max-video-preview:-1\" \/>\n<meta property=\"og:locale\" content=\"de_DE\" \/>\n<meta property=\"og:type\" content=\"article\" \/>\n<meta property=\"og:title\" content=\"Schneider TAPX Meine Porter Weisse (limitiert) - Getr\u00e4nke Schl\u00fcter Onlineshop\" \/>\n<meta property=\"og:description\" content=\"01\/0,75 (Verkauf ohne Glas) Ein Weissbier kommt aus Bayern, ist oberg\u00e4rig und wird von Bierkennern durch seine meist fruchtigen Noten und die spritzige Frische gesch\u00e4tzt. Ein oberg\u00e4riges Porter stammt in der Regel aus England oder in der unterg\u00e4rigen Version aus dem Ostseeraum. Geschmacklich beeindruckt es durch ganz andere Aromen: Es ist r\u00f6stig-malzig und erinnert an N\u00fcsse und Zartbitterschokolade. Bei einem Treffen mit Brauk\u00fcnstlerkollegen in London sind Georg VI. Schneider und sein Freund Alistar auf die Idee gekommen, beide Bierstile zu vereinigen. Ein Gedanke, eine Tat. Mit dem neuen TAPX Meine Porter Weisse ist Schneider Weisse eine einzigartige Kombination zweier klassischer Bierspezialit\u00e4ten gelungen. \u0084Wenn man sich intensiv mit der Geschichte des Porters besch\u00e4ftigt, das Aromaprofil genau betrachtet und mit dem klassischen Weissbier vergleicht, erkennt man schnell, dass eine Basis f\u00fcr die Entwicklung eines ausdrucksstarken Charakters bei dieser Verbindung gegeben ist\u0093, legt Schneider Weisse-Braumeister Hans-Peter Drexler die Entstehung des neuen TAPX dar. \u0084Eine historisch gewagte, aber geschmacklich schlussendlich doch sehr passende Kombination zweier eigenwilliger Bierstile\u0093, so Drexler.\" \/>\n<meta property=\"og:url\" content=\"https:\/\/shop.merolution.de\/index.php\/product\/schneider-tapx-meine-porter-weisse-limitiert\/\" \/>\n<meta property=\"og:site_name\" content=\"Getr\u00e4nke Schl\u00fcter Onlineshop\" \/>\n<meta property=\"og:image\" content=\"https:\/\/shop.merolution.de\/wp-content\/uploads\/2020\/05\/porter-weisse.jpg\" \/>\n\t<meta property=\"og:image:width\" content=\"150\" \/>\n\t<meta property=\"og:image:height\" content=\"255\" \/>\n\t<meta property=\"og:image:type\" content=\"image\/jpeg\" \/>\n<meta name=\"twitter:card\" content=\"summary_large_image\" \/>\n<meta name=\"twitter:label1\" content=\"Gesch\u00e4tzte Lesezeit\" \/>\n\t<meta name=\"twitter:data1\" content=\"1\u00a0Minute\" \/>\n<script type=\"application\/ld+json\" class=\"yoast-schema-graph\">{\"@context\":\"https:\/\/schema.org\",\"@graph\":[{\"@type\":\"WebPage\",\"@id\":\"https:\/\/shop.merolution.de\/index.php\/product\/schneider-tapx-meine-porter-weisse-limitiert\/\",\"url\":\"https:\/\/shop.merolution.de\/index.php\/product\/schneider-tapx-meine-porter-weisse-limitiert\/\",\"name\":\"Schneider TAPX Meine Porter Weisse (limitiert) - Getr\u00e4nke Schl\u00fcter Onlineshop\",\"isPartOf\":{\"@id\":\"https:\/\/shop.merolution.de\/#website\"},\"datePublished\":\"2020-05-28T09:55:24+00:00\",\"dateModified\":\"2020-05-28T09:55:24+00:00\",\"breadcrumb\":{\"@id\":\"https:\/\/shop.merolution.de\/index.php\/product\/schneider-tapx-meine-porter-weisse-limitiert\/#breadcrumb\"},\"inLanguage\":\"de\",\"potentialAction\":[{\"@type\":\"ReadAction\",\"target\":[\"https:\/\/shop.merolution.de\/index.php\/product\/schneider-tapx-meine-porter-weisse-limitiert\/\"]}]},{\"@type\":\"BreadcrumbList\",\"@id\":\"https:\/\/shop.merolution.de\/index.php\/product\/schneider-tapx-meine-porter-weisse-limitiert\/#breadcrumb\",\"itemListElement\":[{\"@type\":\"ListItem\",\"position\":1,\"name\":\"Home\",\"item\":\"https:\/\/shop.merolution.de\/\"},{\"@type\":\"ListItem\",\"position\":2,\"name\":\"Shop\",\"item\":\"https:\/\/shop.merolution.de\/\"},{\"@type\":\"ListItem\",\"position\":3,\"name\":\"Schneider TAPX Meine Porter Weisse (limitiert)\"}]},{\"@type\":\"WebSite\",\"@id\":\"https:\/\/shop.merolution.de\/#website\",\"url\":\"https:\/\/shop.merolution.de\/\",\"name\":\"Getr\u00e4nke Schl\u00fcter Onlineshop\",\"description\":\"Ihr Getr\u00e4nke-Partner in Hannover\",\"potentialAction\":[{\"@type\":\"SearchAction\",\"target\":{\"@type\":\"EntryPoint\",\"urlTemplate\":\"https:\/\/shop.merolution.de\/?s={search_term_string}\"},\"query-input\":\"required name=search_term_string\"}],\"inLanguage\":\"de\"}]}<\/script>\n<!-- \/ Yoast SEO plugin. -->","yoast_head_json":{"title":"Schneider TAPX Meine Porter Weisse (limitiert) - Getr\u00e4nke Schl\u00fcter Onlineshop","robots":{"index":"noindex","follow":"follow","max-snippet":"max-snippet:-1","max-image-preview":"max-image-preview:large","max-video-preview":"max-video-preview:-1"},"og_locale":"de_DE","og_type":"article","og_title":"Schneider TAPX Meine Porter Weisse (limitiert) - Getr\u00e4nke Schl\u00fcter Onlineshop","og_description":"01\/0,75 (Verkauf ohne Glas) Ein Weissbier kommt aus Bayern, ist oberg\u00e4rig und wird von Bierkennern durch seine meist fruchtigen Noten und die spritzige Frische gesch\u00e4tzt. Ein oberg\u00e4riges Porter stammt in der Regel aus England oder in der unterg\u00e4rigen Version aus dem Ostseeraum. Geschmacklich beeindruckt es durch ganz andere Aromen: Es ist r\u00f6stig-malzig und erinnert an N\u00fcsse und Zartbitterschokolade. Bei einem Treffen mit Brauk\u00fcnstlerkollegen in London sind Georg VI. Schneider und sein Freund Alistar auf die Idee gekommen, beide Bierstile zu vereinigen. Ein Gedanke, eine Tat. Mit dem neuen TAPX Meine Porter Weisse ist Schneider Weisse eine einzigartige Kombination zweier klassischer Bierspezialit\u00e4ten gelungen. \u0084Wenn man sich intensiv mit der Geschichte des Porters besch\u00e4ftigt, das Aromaprofil genau betrachtet und mit dem klassischen Weissbier vergleicht, erkennt man schnell, dass eine Basis f\u00fcr die Entwicklung eines ausdrucksstarken Charakters bei dieser Verbindung gegeben ist\u0093, legt Schneider Weisse-Braumeister Hans-Peter Drexler die Entstehung des neuen TAPX dar. \u0084Eine historisch gewagte, aber geschmacklich schlussendlich doch sehr passende Kombination zweier eigenwilliger Bierstile\u0093, so Drexler.","og_url":"https:\/\/shop.merolution.de\/index.php\/product\/schneider-tapx-meine-porter-weisse-limitiert\/","og_site_name":"Getr\u00e4nke Schl\u00fcter Onlineshop","og_image":[{"width":150,"height":255,"url":"https:\/\/shop.merolution.de\/wp-content\/uploads\/2020\/05\/porter-weisse.jpg","type":"image\/jpeg"}],"twitter_card":"summary_large_image","twitter_misc":{"Gesch\u00e4tzte Lesezeit":"1\u00a0Minute"},"schema":{"@context":"https:\/\/schema.org","@graph":[{"@type":"WebPage","@id":"https:\/\/shop.merolution.de\/index.php\/product\/schneider-tapx-meine-porter-weisse-limitiert\/","url":"https:\/\/shop.merolution.de\/index.php\/product\/schneider-tapx-meine-porter-weisse-limitiert\/","name":"Schneider TAPX Meine Porter Weisse (limitiert) - Getr\u00e4nke Schl\u00fcter Onlineshop","isPartOf":{"@id":"https:\/\/shop.merolution.de\/#website"},"datePublished":"2020-05-28T09:55:24+00:00","dateModified":"2020-05-28T09:55:24+00:00","breadcrumb":{"@id":"https:\/\/shop.merolution.de\/index.php\/product\/schneider-tapx-meine-porter-weisse-limitiert\/#breadcrumb"},"inLanguage":"de","potentialAction":[{"@type":"ReadAction","target":["https:\/\/shop.merolution.de\/index.php\/product\/schneider-tapx-meine-porter-weisse-limitiert\/"]}]},{"@type":"BreadcrumbList","@id":"https:\/\/shop.merolution.de\/index.php\/product\/schneider-tapx-meine-porter-weisse-limitiert\/#breadcrumb","itemListElement":[{"@type":"ListItem","position":1,"name":"Home","item":"https:\/\/shop.merolution.de\/"},{"@type":"ListItem","position":2,"name":"Shop","item":"https:\/\/shop.merolution.de\/"},{"@type":"ListItem","position":3,"name":"Schneider TAPX Meine Porter Weisse (limitiert)"}]},{"@type":"WebSite","@id":"https:\/\/shop.merolution.de\/#website","url":"https:\/\/shop.merolution.de\/","name":"Getr\u00e4nke Schl\u00fcter Onlineshop","description":"Ihr Getr\u00e4nke-Partner in Hannover","potentialAction":[{"@type":"SearchAction","target":{"@type":"EntryPoint","urlTemplate":"https:\/\/shop.merolution.de\/?s={search_term_string}"},"query-input":"required name=search_term_string"}],"inLanguage":"de"}]}},"_links":{"self":[{"href":"https:\/\/shop.merolution.de\/index.php\/wp-json\/wp\/v2\/product\/811"}],"collection":[{"href":"https:\/\/shop.merolution.de\/index.php\/wp-json\/wp\/v2\/product"}],"about":[{"href":"https:\/\/shop.merolution.de\/index.php\/wp-json\/wp\/v2\/types\/product"}],"replies":[{"embeddable":true,"href":"https:\/\/shop.merolution.de\/index.php\/wp-json\/wp\/v2\/comments?post=811"}],"wp:featuredmedia":[{"embeddable":true,"href":"https:\/\/shop.merolution.de\/index.php\/wp-json\/wp\/v2\/media\/812"}],"wp:attachment":[{"href":"https:\/\/shop.merolution.de\/index.php\/wp-json\/wp\/v2\/media?parent=811"}],"wp:term":[{"taxonomy":"product_cat","embeddable":true,"href":"https:\/\/shop.merolution.de\/index.php\/wp-json\/wp\/v2\/product_cat?post=811"},{"taxonomy":"product_tag","embeddable":true,"href":"https:\/\/shop.merolution.de\/index.php\/wp-json\/wp\/v2\/product_tag?post=811"}],"curies":[{"name":"wp","href":"https:\/\/api.w.org\/{rel}","templated":true}]}}