{"id":847,"date":"2020-05-28T09:55:29","date_gmt":"2020-05-28T09:55:29","guid":{"rendered":"https:\/\/shop.merolution.de\/index.php\/product\/maisel-033-pale-ale-craftbier\/"},"modified":"2020-05-28T09:55:29","modified_gmt":"2020-05-28T09:55:29","slug":"maisel-033-pale-ale-craftbier","status":"publish","type":"product","link":"https:\/\/shop.merolution.de\/index.php\/product\/maisel-033-pale-ale-craftbier\/","title":{"rendered":"Maisel 0,33 Pale Ale Craftbier"},"content":{"rendered":"<p>24\/0,33 &#8211; Das Maisel &#038; Friends Pale Ale mit 5,2vol% ist ein komplexes und gleichzeitig super s\u00fcffiges Bier, das im Stil eines amerikanischen Pale Ales gebraut wurde.Es kommt goldgelb leuchtend daher, frisch und fruchtig im Geschmack, mit leichter Zitrusnote, karamelligem Malzprofil und nat\u00fcrlich Hopfen ohne Ende!Gleich f\u00fcnf verschiedene HopfensortenSie sorgen f\u00fcr ein echtes \u0084Brett\u0093 an Aroma und einen ordentlichen Kick f\u00fcr die Geschmacksnerven. Um den unvergleichlichen Geschmack unseres Pale Ales zu erreichen, wird das Verfahren der Kalthopfung eingesetzt. Durch eine zus\u00e4tzliche Hopfengabe w\u00e4hrend der Lagerung l\u00f6sen sich die hopfenspezifischen Aromen und jede Hopfenart steuert ihr ganz eigenes Geschmacksprofil bei &#8211; Glas Mehrweg &#8211; Pfand: \u0080 3,42<\/p>\n","protected":false},"excerpt":{"rendered":"<p>24\/0,33 &#8211; Das Maisel &#038; Friends Pale Ale mit 5,2vol% ist ein komplexes und gleichzeitig super s\u00fcffiges Bier, das im Stil eines amerikanischen Pale Ales gebraut wurde &#8211; Glas Mehrweg &#8211; Pfand: \u0080 3,42 >>> weiter<\/p>\n","protected":false},"featured_media":848,"comment_status":"open","ping_status":"closed","template":"","meta":[],"product_cat":[33],"product_tag":[],"yoast_head":"<!-- This site is optimized with the Yoast SEO plugin v19.14 - https:\/\/yoast.com\/wordpress\/plugins\/seo\/ -->\n<title>Maisel 0,33 Pale Ale Craftbier - Getr\u00e4nke Schl\u00fcter Onlineshop<\/title>\n<meta name=\"robots\" content=\"noindex, follow, max-snippet:-1, max-image-preview:large, max-video-preview:-1\" \/>\n<meta property=\"og:locale\" content=\"de_DE\" \/>\n<meta property=\"og:type\" content=\"article\" \/>\n<meta property=\"og:title\" content=\"Maisel 0,33 Pale Ale Craftbier - Getr\u00e4nke Schl\u00fcter Onlineshop\" \/>\n<meta property=\"og:description\" content=\"24\/0,33 - Das Maisel &amp; Friends Pale Ale mit 5,2vol% ist ein komplexes und gleichzeitig super s\u00fcffiges Bier, das im Stil eines amerikanischen Pale Ales gebraut wurde - Glas Mehrweg - Pfand: \u0080 3,42 &gt;&gt;&gt; weiter\" \/>\n<meta property=\"og:url\" content=\"https:\/\/shop.merolution.de\/index.php\/product\/maisel-033-pale-ale-craftbier\/\" \/>\n<meta property=\"og:site_name\" content=\"Getr\u00e4nke Schl\u00fcter Onlineshop\" \/>\n<meta property=\"og:image\" content=\"https:\/\/shop.merolution.de\/wp-content\/uploads\/2020\/05\/830-mf-paleale-flasche-frontal-720x600-aid-4305s.png\" \/>\n\t<meta property=\"og:image:width\" content=\"150\" \/>\n\t<meta property=\"og:image:height\" content=\"489\" \/>\n\t<meta property=\"og:image:type\" content=\"image\/png\" \/>\n<meta name=\"twitter:card\" content=\"summary_large_image\" \/>\n<meta name=\"twitter:label1\" content=\"Gesch\u00e4tzte Lesezeit\" \/>\n\t<meta name=\"twitter:data1\" content=\"1\u00a0Minute\" \/>\n<script type=\"application\/ld+json\" class=\"yoast-schema-graph\">{\"@context\":\"https:\/\/schema.org\",\"@graph\":[{\"@type\":\"WebPage\",\"@id\":\"https:\/\/shop.merolution.de\/index.php\/product\/maisel-033-pale-ale-craftbier\/\",\"url\":\"https:\/\/shop.merolution.de\/index.php\/product\/maisel-033-pale-ale-craftbier\/\",\"name\":\"Maisel 0,33 Pale Ale Craftbier - Getr\u00e4nke Schl\u00fcter Onlineshop\",\"isPartOf\":{\"@id\":\"https:\/\/shop.merolution.de\/#website\"},\"datePublished\":\"2020-05-28T09:55:29+00:00\",\"dateModified\":\"2020-05-28T09:55:29+00:00\",\"breadcrumb\":{\"@id\":\"https:\/\/shop.merolution.de\/index.php\/product\/maisel-033-pale-ale-craftbier\/#breadcrumb\"},\"inLanguage\":\"de\",\"potentialAction\":[{\"@type\":\"ReadAction\",\"target\":[\"https:\/\/shop.merolution.de\/index.php\/product\/maisel-033-pale-ale-craftbier\/\"]}]},{\"@type\":\"BreadcrumbList\",\"@id\":\"https:\/\/shop.merolution.de\/index.php\/product\/maisel-033-pale-ale-craftbier\/#breadcrumb\",\"itemListElement\":[{\"@type\":\"ListItem\",\"position\":1,\"name\":\"Home\",\"item\":\"https:\/\/shop.merolution.de\/\"},{\"@type\":\"ListItem\",\"position\":2,\"name\":\"Shop\",\"item\":\"https:\/\/shop.merolution.de\/\"},{\"@type\":\"ListItem\",\"position\":3,\"name\":\"Maisel 0,33 Pale Ale Craftbier\"}]},{\"@type\":\"WebSite\",\"@id\":\"https:\/\/shop.merolution.de\/#website\",\"url\":\"https:\/\/shop.merolution.de\/\",\"name\":\"Getr\u00e4nke Schl\u00fcter Onlineshop\",\"description\":\"Ihr Getr\u00e4nke-Partner in Hannover\",\"potentialAction\":[{\"@type\":\"SearchAction\",\"target\":{\"@type\":\"EntryPoint\",\"urlTemplate\":\"https:\/\/shop.merolution.de\/?s={search_term_string}\"},\"query-input\":\"required name=search_term_string\"}],\"inLanguage\":\"de\"}]}<\/script>\n<!-- \/ Yoast SEO plugin. -->","yoast_head_json":{"title":"Maisel 0,33 Pale Ale Craftbier - Getr\u00e4nke Schl\u00fcter Onlineshop","robots":{"index":"noindex","follow":"follow","max-snippet":"max-snippet:-1","max-image-preview":"max-image-preview:large","max-video-preview":"max-video-preview:-1"},"og_locale":"de_DE","og_type":"article","og_title":"Maisel 0,33 Pale Ale Craftbier - Getr\u00e4nke Schl\u00fcter Onlineshop","og_description":"24\/0,33 - Das Maisel & Friends Pale Ale mit 5,2vol% ist ein komplexes und gleichzeitig super s\u00fcffiges Bier, das im Stil eines amerikanischen Pale Ales gebraut wurde - Glas Mehrweg - Pfand: \u0080 3,42 >>> weiter","og_url":"https:\/\/shop.merolution.de\/index.php\/product\/maisel-033-pale-ale-craftbier\/","og_site_name":"Getr\u00e4nke Schl\u00fcter Onlineshop","og_image":[{"width":150,"height":489,"url":"https:\/\/shop.merolution.de\/wp-content\/uploads\/2020\/05\/830-mf-paleale-flasche-frontal-720x600-aid-4305s.png","type":"image\/png"}],"twitter_card":"summary_large_image","twitter_misc":{"Gesch\u00e4tzte Lesezeit":"1\u00a0Minute"},"schema":{"@context":"https:\/\/schema.org","@graph":[{"@type":"WebPage","@id":"https:\/\/shop.merolution.de\/index.php\/product\/maisel-033-pale-ale-craftbier\/","url":"https:\/\/shop.merolution.de\/index.php\/product\/maisel-033-pale-ale-craftbier\/","name":"Maisel 0,33 Pale Ale Craftbier - Getr\u00e4nke Schl\u00fcter Onlineshop","isPartOf":{"@id":"https:\/\/shop.merolution.de\/#website"},"datePublished":"2020-05-28T09:55:29+00:00","dateModified":"2020-05-28T09:55:29+00:00","breadcrumb":{"@id":"https:\/\/shop.merolution.de\/index.php\/product\/maisel-033-pale-ale-craftbier\/#breadcrumb"},"inLanguage":"de","potentialAction":[{"@type":"ReadAction","target":["https:\/\/shop.merolution.de\/index.php\/product\/maisel-033-pale-ale-craftbier\/"]}]},{"@type":"BreadcrumbList","@id":"https:\/\/shop.merolution.de\/index.php\/product\/maisel-033-pale-ale-craftbier\/#breadcrumb","itemListElement":[{"@type":"ListItem","position":1,"name":"Home","item":"https:\/\/shop.merolution.de\/"},{"@type":"ListItem","position":2,"name":"Shop","item":"https:\/\/shop.merolution.de\/"},{"@type":"ListItem","position":3,"name":"Maisel 0,33 Pale Ale Craftbier"}]},{"@type":"WebSite","@id":"https:\/\/shop.merolution.de\/#website","url":"https:\/\/shop.merolution.de\/","name":"Getr\u00e4nke Schl\u00fcter Onlineshop","description":"Ihr Getr\u00e4nke-Partner in Hannover","potentialAction":[{"@type":"SearchAction","target":{"@type":"EntryPoint","urlTemplate":"https:\/\/shop.merolution.de\/?s={search_term_string}"},"query-input":"required name=search_term_string"}],"inLanguage":"de"}]}},"_links":{"self":[{"href":"https:\/\/shop.merolution.de\/index.php\/wp-json\/wp\/v2\/product\/847"}],"collection":[{"href":"https:\/\/shop.merolution.de\/index.php\/wp-json\/wp\/v2\/product"}],"about":[{"href":"https:\/\/shop.merolution.de\/index.php\/wp-json\/wp\/v2\/types\/product"}],"replies":[{"embeddable":true,"href":"https:\/\/shop.merolution.de\/index.php\/wp-json\/wp\/v2\/comments?post=847"}],"wp:featuredmedia":[{"embeddable":true,"href":"https:\/\/shop.merolution.de\/index.php\/wp-json\/wp\/v2\/media\/848"}],"wp:attachment":[{"href":"https:\/\/shop.merolution.de\/index.php\/wp-json\/wp\/v2\/media?parent=847"}],"wp:term":[{"taxonomy":"product_cat","embeddable":true,"href":"https:\/\/shop.merolution.de\/index.php\/wp-json\/wp\/v2\/product_cat?post=847"},{"taxonomy":"product_tag","embeddable":true,"href":"https:\/\/shop.merolution.de\/index.php\/wp-json\/wp\/v2\/product_tag?post=847"}],"curies":[{"name":"wp","href":"https:\/\/api.w.org\/{rel}","templated":true}]}}