{"id":861,"date":"2020-05-28T09:55:32","date_gmt":"2020-05-28T09:55:32","guid":{"rendered":"https:\/\/shop.merolution.de\/index.php\/product\/weissenoher-klostersud-naturtrueb-dunkel-20-050\/"},"modified":"2020-05-28T09:55:32","modified_gmt":"2020-05-28T09:55:32","slug":"weissenoher-klostersud-naturtrueb-dunkel-20-050","status":"publish","type":"product","link":"https:\/\/shop.merolution.de\/index.php\/product\/weissenoher-klostersud-naturtrueb-dunkel-20-050\/","title":{"rendered":"Weissenoher Klostersud naturtr\u00fcb dunkel &#8211; 20\/0,50"},"content":{"rendered":"<p>20\/0,50 &#8211; fr\u00e4nkisches naturtr\u00fcbes Vollbier dunkel &#8211; 5,4vol% &#8211; Der Klostersud ist ein feinw\u00fcrziges, malzbetontes Meisterst\u00fcck der fr\u00e4nkischen Braukunst. Es besticht durch beste Rohstoffauswahl und ein aufw\u00e4ndiges Brauverfahren. Im Antrunk eine leichte S\u00fc\u00dfe, die dann von einem gro\u00dfen Geschmacksk\u00f6rper begleitet wird, der selbst Frauen mit der Zunge schnalzen l\u00e4sst.Passend zu: Apfelstrudel, deftigem K\u00e4se, Wildgerichten, Steak und Mehlspeisen &#8211; Glas Mehrweg &#8211; Pfand: \u0080 3,10<\/p>\n","protected":false},"excerpt":{"rendered":"<p>20\/0,50 &#8211; fr\u00e4nkisches naturtr\u00fcbes Vollbier dunkel &#8211; 5,4vol% &#8211; Glas Mehrweg &#8211; Pfand: \u0080 3,10<\/p>\n","protected":false},"featured_media":862,"comment_status":"open","ping_status":"closed","template":"","meta":[],"product_cat":[33],"product_tag":[],"yoast_head":"<!-- This site is optimized with the Yoast SEO plugin v19.14 - https:\/\/yoast.com\/wordpress\/plugins\/seo\/ -->\n<title>Weissenoher Klostersud naturtr\u00fcb dunkel - 20\/0,50 - Getr\u00e4nke Schl\u00fcter Onlineshop<\/title>\n<meta name=\"robots\" content=\"noindex, follow, max-snippet:-1, max-image-preview:large, max-video-preview:-1\" \/>\n<meta property=\"og:locale\" content=\"de_DE\" \/>\n<meta property=\"og:type\" content=\"article\" \/>\n<meta property=\"og:title\" content=\"Weissenoher Klostersud naturtr\u00fcb dunkel - 20\/0,50 - Getr\u00e4nke Schl\u00fcter Onlineshop\" \/>\n<meta property=\"og:description\" content=\"20\/0,50 - fr\u00e4nkisches naturtr\u00fcbes Vollbier dunkel - 5,4vol% - Glas Mehrweg - Pfand: \u0080 3,10\" \/>\n<meta property=\"og:url\" content=\"https:\/\/shop.merolution.de\/index.php\/product\/weissenoher-klostersud-naturtrueb-dunkel-20-050\/\" \/>\n<meta property=\"og:site_name\" content=\"Getr\u00e4nke Schl\u00fcter Onlineshop\" \/>\n<meta property=\"og:image\" content=\"https:\/\/shop.merolution.de\/wp-content\/uploads\/2020\/05\/flasche_altfraenkisch_klosterbier2___1sp-aid-4390s.jpg\" \/>\n\t<meta property=\"og:image:width\" content=\"150\" \/>\n\t<meta property=\"og:image:height\" content=\"113\" \/>\n\t<meta property=\"og:image:type\" content=\"image\/jpeg\" \/>\n<meta name=\"twitter:card\" content=\"summary_large_image\" \/>\n<script type=\"application\/ld+json\" class=\"yoast-schema-graph\">{\"@context\":\"https:\/\/schema.org\",\"@graph\":[{\"@type\":\"WebPage\",\"@id\":\"https:\/\/shop.merolution.de\/index.php\/product\/weissenoher-klostersud-naturtrueb-dunkel-20-050\/\",\"url\":\"https:\/\/shop.merolution.de\/index.php\/product\/weissenoher-klostersud-naturtrueb-dunkel-20-050\/\",\"name\":\"Weissenoher Klostersud naturtr\u00fcb dunkel - 20\/0,50 - Getr\u00e4nke Schl\u00fcter Onlineshop\",\"isPartOf\":{\"@id\":\"https:\/\/shop.merolution.de\/#website\"},\"datePublished\":\"2020-05-28T09:55:32+00:00\",\"dateModified\":\"2020-05-28T09:55:32+00:00\",\"breadcrumb\":{\"@id\":\"https:\/\/shop.merolution.de\/index.php\/product\/weissenoher-klostersud-naturtrueb-dunkel-20-050\/#breadcrumb\"},\"inLanguage\":\"de\",\"potentialAction\":[{\"@type\":\"ReadAction\",\"target\":[\"https:\/\/shop.merolution.de\/index.php\/product\/weissenoher-klostersud-naturtrueb-dunkel-20-050\/\"]}]},{\"@type\":\"BreadcrumbList\",\"@id\":\"https:\/\/shop.merolution.de\/index.php\/product\/weissenoher-klostersud-naturtrueb-dunkel-20-050\/#breadcrumb\",\"itemListElement\":[{\"@type\":\"ListItem\",\"position\":1,\"name\":\"Home\",\"item\":\"https:\/\/shop.merolution.de\/\"},{\"@type\":\"ListItem\",\"position\":2,\"name\":\"Shop\",\"item\":\"https:\/\/shop.merolution.de\/\"},{\"@type\":\"ListItem\",\"position\":3,\"name\":\"Weissenoher Klostersud naturtr\u00fcb dunkel &#8211; 20\/0,50\"}]},{\"@type\":\"WebSite\",\"@id\":\"https:\/\/shop.merolution.de\/#website\",\"url\":\"https:\/\/shop.merolution.de\/\",\"name\":\"Getr\u00e4nke Schl\u00fcter Onlineshop\",\"description\":\"Ihr Getr\u00e4nke-Partner in Hannover\",\"potentialAction\":[{\"@type\":\"SearchAction\",\"target\":{\"@type\":\"EntryPoint\",\"urlTemplate\":\"https:\/\/shop.merolution.de\/?s={search_term_string}\"},\"query-input\":\"required name=search_term_string\"}],\"inLanguage\":\"de\"}]}<\/script>\n<!-- \/ Yoast SEO plugin. -->","yoast_head_json":{"title":"Weissenoher Klostersud naturtr\u00fcb dunkel - 20\/0,50 - Getr\u00e4nke Schl\u00fcter Onlineshop","robots":{"index":"noindex","follow":"follow","max-snippet":"max-snippet:-1","max-image-preview":"max-image-preview:large","max-video-preview":"max-video-preview:-1"},"og_locale":"de_DE","og_type":"article","og_title":"Weissenoher Klostersud naturtr\u00fcb dunkel - 20\/0,50 - Getr\u00e4nke Schl\u00fcter Onlineshop","og_description":"20\/0,50 - fr\u00e4nkisches naturtr\u00fcbes Vollbier dunkel - 5,4vol% - Glas Mehrweg - Pfand: \u0080 3,10","og_url":"https:\/\/shop.merolution.de\/index.php\/product\/weissenoher-klostersud-naturtrueb-dunkel-20-050\/","og_site_name":"Getr\u00e4nke Schl\u00fcter Onlineshop","og_image":[{"width":150,"height":113,"url":"https:\/\/shop.merolution.de\/wp-content\/uploads\/2020\/05\/flasche_altfraenkisch_klosterbier2___1sp-aid-4390s.jpg","type":"image\/jpeg"}],"twitter_card":"summary_large_image","schema":{"@context":"https:\/\/schema.org","@graph":[{"@type":"WebPage","@id":"https:\/\/shop.merolution.de\/index.php\/product\/weissenoher-klostersud-naturtrueb-dunkel-20-050\/","url":"https:\/\/shop.merolution.de\/index.php\/product\/weissenoher-klostersud-naturtrueb-dunkel-20-050\/","name":"Weissenoher Klostersud naturtr\u00fcb dunkel - 20\/0,50 - Getr\u00e4nke Schl\u00fcter Onlineshop","isPartOf":{"@id":"https:\/\/shop.merolution.de\/#website"},"datePublished":"2020-05-28T09:55:32+00:00","dateModified":"2020-05-28T09:55:32+00:00","breadcrumb":{"@id":"https:\/\/shop.merolution.de\/index.php\/product\/weissenoher-klostersud-naturtrueb-dunkel-20-050\/#breadcrumb"},"inLanguage":"de","potentialAction":[{"@type":"ReadAction","target":["https:\/\/shop.merolution.de\/index.php\/product\/weissenoher-klostersud-naturtrueb-dunkel-20-050\/"]}]},{"@type":"BreadcrumbList","@id":"https:\/\/shop.merolution.de\/index.php\/product\/weissenoher-klostersud-naturtrueb-dunkel-20-050\/#breadcrumb","itemListElement":[{"@type":"ListItem","position":1,"name":"Home","item":"https:\/\/shop.merolution.de\/"},{"@type":"ListItem","position":2,"name":"Shop","item":"https:\/\/shop.merolution.de\/"},{"@type":"ListItem","position":3,"name":"Weissenoher Klostersud naturtr\u00fcb dunkel &#8211; 20\/0,50"}]},{"@type":"WebSite","@id":"https:\/\/shop.merolution.de\/#website","url":"https:\/\/shop.merolution.de\/","name":"Getr\u00e4nke Schl\u00fcter Onlineshop","description":"Ihr Getr\u00e4nke-Partner in Hannover","potentialAction":[{"@type":"SearchAction","target":{"@type":"EntryPoint","urlTemplate":"https:\/\/shop.merolution.de\/?s={search_term_string}"},"query-input":"required name=search_term_string"}],"inLanguage":"de"}]}},"_links":{"self":[{"href":"https:\/\/shop.merolution.de\/index.php\/wp-json\/wp\/v2\/product\/861"}],"collection":[{"href":"https:\/\/shop.merolution.de\/index.php\/wp-json\/wp\/v2\/product"}],"about":[{"href":"https:\/\/shop.merolution.de\/index.php\/wp-json\/wp\/v2\/types\/product"}],"replies":[{"embeddable":true,"href":"https:\/\/shop.merolution.de\/index.php\/wp-json\/wp\/v2\/comments?post=861"}],"wp:featuredmedia":[{"embeddable":true,"href":"https:\/\/shop.merolution.de\/index.php\/wp-json\/wp\/v2\/media\/862"}],"wp:attachment":[{"href":"https:\/\/shop.merolution.de\/index.php\/wp-json\/wp\/v2\/media?parent=861"}],"wp:term":[{"taxonomy":"product_cat","embeddable":true,"href":"https:\/\/shop.merolution.de\/index.php\/wp-json\/wp\/v2\/product_cat?post=861"},{"taxonomy":"product_tag","embeddable":true,"href":"https:\/\/shop.merolution.de\/index.php\/wp-json\/wp\/v2\/product_tag?post=861"}],"curies":[{"name":"wp","href":"https:\/\/api.w.org\/{rel}","templated":true}]}}