{"id":863,"date":"2020-05-28T09:55:32","date_gmt":"2020-05-28T09:55:32","guid":{"rendered":"https:\/\/shop.merolution.de\/index.php\/product\/maisel-033-ipa-craftbeer-24-033\/"},"modified":"2020-05-28T09:55:32","modified_gmt":"2020-05-28T09:55:32","slug":"maisel-033-ipa-craftbeer-24-033","status":"publish","type":"product","link":"https:\/\/shop.merolution.de\/index.php\/product\/maisel-033-ipa-craftbeer-24-033\/","title":{"rendered":"Maisel 0,33 IPA Craftbeer &#8211; 24\/0,33"},"content":{"rendered":"<p>24\/0,33 &#8211; Das Maisel &#038; Friends IPA ist ein knackiger Hopfensud, der mit 6,3 % Vol. Alk. und einer ordentlich IPA-typischen Bittere begeistert und gleichzeitig erfrischend fruchtig ist. Der kupferfarbene Hopfenschatz entf\u00fchrt die Sinne des Genie\u00dfers in eine Aromenwelt aus Roten Beeren, Zitrusfr\u00fcchten und einem Hauch von Pflaume. Eine gut eingebundene Hopfenbittere rundet das IPA perfekt ab! Eben Intense. Pure. Awesome. &#8211; Glas Mehrweg &#8211; \u0080 3,42 Pfand<\/p>\n","protected":false},"excerpt":{"rendered":"<p>24\/0,33 &#8211; Das Maisel &#038; Friends IPA ist ein knackiger Hopfensud, der mit 6,3 % Vol. Alk. und einer ordentlich IPA-typischen Bittere begeistert und gleichzeitig erfrischend fruchtig ist. Der kupferfarbene Hopfenschatz entf\u00fchrt die Sinne des Genie\u00dfers in eine Aromenwelt aus Roten Beeren, Zitrusfr\u00fcchten und einem Hauch von Pflaume. Eine gut eingebundene Hopfenbittere rundet das IPA perfekt ab! Eben Intense. Pure. Awesome. &#8211; Glas Mehrweg &#8211; \u0080 3,42 Pfand<\/p>\n","protected":false},"featured_media":864,"comment_status":"open","ping_status":"closed","template":"","meta":[],"product_cat":[33],"product_tag":[],"yoast_head":"<!-- This site is optimized with the Yoast SEO plugin v19.14 - https:\/\/yoast.com\/wordpress\/plugins\/seo\/ -->\n<title>Maisel 0,33 IPA Craftbeer - 24\/0,33 - Getr\u00e4nke Schl\u00fcter Onlineshop<\/title>\n<meta name=\"robots\" content=\"noindex, follow, max-snippet:-1, max-image-preview:large, max-video-preview:-1\" \/>\n<meta property=\"og:locale\" content=\"de_DE\" \/>\n<meta property=\"og:type\" content=\"article\" \/>\n<meta property=\"og:title\" content=\"Maisel 0,33 IPA Craftbeer - 24\/0,33 - Getr\u00e4nke Schl\u00fcter Onlineshop\" \/>\n<meta property=\"og:description\" content=\"24\/0,33 - Das Maisel &amp; Friends IPA ist ein knackiger Hopfensud, der mit 6,3 % Vol. Alk. und einer ordentlich IPA-typischen Bittere begeistert und gleichzeitig erfrischend fruchtig ist. Der kupferfarbene Hopfenschatz entf\u00fchrt die Sinne des Genie\u00dfers in eine Aromenwelt aus Roten Beeren, Zitrusfr\u00fcchten und einem Hauch von Pflaume. Eine gut eingebundene Hopfenbittere rundet das IPA perfekt ab! Eben Intense. Pure. Awesome. - Glas Mehrweg - \u0080 3,42 Pfand\" \/>\n<meta property=\"og:url\" content=\"https:\/\/shop.merolution.de\/index.php\/product\/maisel-033-ipa-craftbeer-24-033\/\" \/>\n<meta property=\"og:site_name\" content=\"Getr\u00e4nke Schl\u00fcter Onlineshop\" \/>\n<meta property=\"og:image\" content=\"https:\/\/shop.merolution.de\/wp-content\/uploads\/2020\/05\/craftbeer-maisel-and-friends-ipa-ipa-c1118-1-600x600-aid-4393s.jpg\" \/>\n\t<meta property=\"og:image:width\" content=\"150\" \/>\n\t<meta property=\"og:image:height\" content=\"581\" \/>\n\t<meta property=\"og:image:type\" content=\"image\/jpeg\" \/>\n<meta name=\"twitter:card\" content=\"summary_large_image\" \/>\n<script type=\"application\/ld+json\" class=\"yoast-schema-graph\">{\"@context\":\"https:\/\/schema.org\",\"@graph\":[{\"@type\":\"WebPage\",\"@id\":\"https:\/\/shop.merolution.de\/index.php\/product\/maisel-033-ipa-craftbeer-24-033\/\",\"url\":\"https:\/\/shop.merolution.de\/index.php\/product\/maisel-033-ipa-craftbeer-24-033\/\",\"name\":\"Maisel 0,33 IPA Craftbeer - 24\/0,33 - Getr\u00e4nke Schl\u00fcter Onlineshop\",\"isPartOf\":{\"@id\":\"https:\/\/shop.merolution.de\/#website\"},\"datePublished\":\"2020-05-28T09:55:32+00:00\",\"dateModified\":\"2020-05-28T09:55:32+00:00\",\"breadcrumb\":{\"@id\":\"https:\/\/shop.merolution.de\/index.php\/product\/maisel-033-ipa-craftbeer-24-033\/#breadcrumb\"},\"inLanguage\":\"de\",\"potentialAction\":[{\"@type\":\"ReadAction\",\"target\":[\"https:\/\/shop.merolution.de\/index.php\/product\/maisel-033-ipa-craftbeer-24-033\/\"]}]},{\"@type\":\"BreadcrumbList\",\"@id\":\"https:\/\/shop.merolution.de\/index.php\/product\/maisel-033-ipa-craftbeer-24-033\/#breadcrumb\",\"itemListElement\":[{\"@type\":\"ListItem\",\"position\":1,\"name\":\"Home\",\"item\":\"https:\/\/shop.merolution.de\/\"},{\"@type\":\"ListItem\",\"position\":2,\"name\":\"Shop\",\"item\":\"https:\/\/shop.merolution.de\/\"},{\"@type\":\"ListItem\",\"position\":3,\"name\":\"Maisel 0,33 IPA Craftbeer &#8211; 24\/0,33\"}]},{\"@type\":\"WebSite\",\"@id\":\"https:\/\/shop.merolution.de\/#website\",\"url\":\"https:\/\/shop.merolution.de\/\",\"name\":\"Getr\u00e4nke Schl\u00fcter Onlineshop\",\"description\":\"Ihr Getr\u00e4nke-Partner in Hannover\",\"potentialAction\":[{\"@type\":\"SearchAction\",\"target\":{\"@type\":\"EntryPoint\",\"urlTemplate\":\"https:\/\/shop.merolution.de\/?s={search_term_string}\"},\"query-input\":\"required name=search_term_string\"}],\"inLanguage\":\"de\"}]}<\/script>\n<!-- \/ Yoast SEO plugin. -->","yoast_head_json":{"title":"Maisel 0,33 IPA Craftbeer - 24\/0,33 - Getr\u00e4nke Schl\u00fcter Onlineshop","robots":{"index":"noindex","follow":"follow","max-snippet":"max-snippet:-1","max-image-preview":"max-image-preview:large","max-video-preview":"max-video-preview:-1"},"og_locale":"de_DE","og_type":"article","og_title":"Maisel 0,33 IPA Craftbeer - 24\/0,33 - Getr\u00e4nke Schl\u00fcter Onlineshop","og_description":"24\/0,33 - Das Maisel & Friends IPA ist ein knackiger Hopfensud, der mit 6,3 % Vol. Alk. und einer ordentlich IPA-typischen Bittere begeistert und gleichzeitig erfrischend fruchtig ist. Der kupferfarbene Hopfenschatz entf\u00fchrt die Sinne des Genie\u00dfers in eine Aromenwelt aus Roten Beeren, Zitrusfr\u00fcchten und einem Hauch von Pflaume. Eine gut eingebundene Hopfenbittere rundet das IPA perfekt ab! Eben Intense. Pure. Awesome. - Glas Mehrweg - \u0080 3,42 Pfand","og_url":"https:\/\/shop.merolution.de\/index.php\/product\/maisel-033-ipa-craftbeer-24-033\/","og_site_name":"Getr\u00e4nke Schl\u00fcter Onlineshop","og_image":[{"width":150,"height":581,"url":"https:\/\/shop.merolution.de\/wp-content\/uploads\/2020\/05\/craftbeer-maisel-and-friends-ipa-ipa-c1118-1-600x600-aid-4393s.jpg","type":"image\/jpeg"}],"twitter_card":"summary_large_image","schema":{"@context":"https:\/\/schema.org","@graph":[{"@type":"WebPage","@id":"https:\/\/shop.merolution.de\/index.php\/product\/maisel-033-ipa-craftbeer-24-033\/","url":"https:\/\/shop.merolution.de\/index.php\/product\/maisel-033-ipa-craftbeer-24-033\/","name":"Maisel 0,33 IPA Craftbeer - 24\/0,33 - Getr\u00e4nke Schl\u00fcter Onlineshop","isPartOf":{"@id":"https:\/\/shop.merolution.de\/#website"},"datePublished":"2020-05-28T09:55:32+00:00","dateModified":"2020-05-28T09:55:32+00:00","breadcrumb":{"@id":"https:\/\/shop.merolution.de\/index.php\/product\/maisel-033-ipa-craftbeer-24-033\/#breadcrumb"},"inLanguage":"de","potentialAction":[{"@type":"ReadAction","target":["https:\/\/shop.merolution.de\/index.php\/product\/maisel-033-ipa-craftbeer-24-033\/"]}]},{"@type":"BreadcrumbList","@id":"https:\/\/shop.merolution.de\/index.php\/product\/maisel-033-ipa-craftbeer-24-033\/#breadcrumb","itemListElement":[{"@type":"ListItem","position":1,"name":"Home","item":"https:\/\/shop.merolution.de\/"},{"@type":"ListItem","position":2,"name":"Shop","item":"https:\/\/shop.merolution.de\/"},{"@type":"ListItem","position":3,"name":"Maisel 0,33 IPA Craftbeer &#8211; 24\/0,33"}]},{"@type":"WebSite","@id":"https:\/\/shop.merolution.de\/#website","url":"https:\/\/shop.merolution.de\/","name":"Getr\u00e4nke Schl\u00fcter Onlineshop","description":"Ihr Getr\u00e4nke-Partner in Hannover","potentialAction":[{"@type":"SearchAction","target":{"@type":"EntryPoint","urlTemplate":"https:\/\/shop.merolution.de\/?s={search_term_string}"},"query-input":"required name=search_term_string"}],"inLanguage":"de"}]}},"_links":{"self":[{"href":"https:\/\/shop.merolution.de\/index.php\/wp-json\/wp\/v2\/product\/863"}],"collection":[{"href":"https:\/\/shop.merolution.de\/index.php\/wp-json\/wp\/v2\/product"}],"about":[{"href":"https:\/\/shop.merolution.de\/index.php\/wp-json\/wp\/v2\/types\/product"}],"replies":[{"embeddable":true,"href":"https:\/\/shop.merolution.de\/index.php\/wp-json\/wp\/v2\/comments?post=863"}],"wp:featuredmedia":[{"embeddable":true,"href":"https:\/\/shop.merolution.de\/index.php\/wp-json\/wp\/v2\/media\/864"}],"wp:attachment":[{"href":"https:\/\/shop.merolution.de\/index.php\/wp-json\/wp\/v2\/media?parent=863"}],"wp:term":[{"taxonomy":"product_cat","embeddable":true,"href":"https:\/\/shop.merolution.de\/index.php\/wp-json\/wp\/v2\/product_cat?post=863"},{"taxonomy":"product_tag","embeddable":true,"href":"https:\/\/shop.merolution.de\/index.php\/wp-json\/wp\/v2\/product_tag?post=863"}],"curies":[{"name":"wp","href":"https:\/\/api.w.org\/{rel}","templated":true}]}}