{"id":873,"date":"2020-05-28T09:55:33","date_gmt":"2020-05-28T09:55:33","guid":{"rendered":"https:\/\/shop.merolution.de\/index.php\/product\/30167-pilsener-nordstadt-braut-pils-48vol\/"},"modified":"2020-05-28T09:55:33","modified_gmt":"2020-05-28T09:55:33","slug":"30167-pilsener-nordstadt-braut-pils-48vol","status":"publish","type":"product","link":"https:\/\/shop.merolution.de\/index.php\/product\/30167-pilsener-nordstadt-braut-pils-48vol\/","title":{"rendered":"30167 Pilsener Nordstadt braut Pils 4,8vol%"},"content":{"rendered":"<p>24\/0,33 &#8211; 30167 Probier &#8211; helles, naturtr\u00fcbes Bier nach Pilsener Brauart &#8211; Fruchtig-herber Genuss, der an Pale Ale erinnert &#8211; IBU: 32 &#8211; Getreide: Cara Hell, Sauermalz, &#8211; Hefe: Pilsener, Hopfen: Northern Brewer, Tettnanger &#8211; 4,8vol% &#8211; Mehrwegkiste Pfand \u0080 3,42 &#8211; Das erste Bier der Genossenschaft Nordstadt braut! e.G., das 30167 Pils, wurde in der Altenauer Brauerei im Harz gebraut, eine Privatbrauerei mit mehr als 400-j\u00e4hriger Geschichte &#8211; (Bei Abholung g\u00fcnstiger!)<\/p>\n","protected":false},"excerpt":{"rendered":"<p>24\/0,33 &#8211; 30167 Probier &#8211; helles, naturtr\u00fcbes Bier nach Pilsener Brauart &#8211; Fruchtig-herber Genuss, der an Pale Ale erinnert &#8211; IBU: 32 &#8211; Getreide: Cara Hell, Sauermalz, &#8211; Hefe: Pilsener, Hopfen: Northern Brewer, Tettnanger &#8211; 4,8vol% &#8211; Mehrwegkiste Pfand EUR 3,42 &#8211; (Bei Abholung g\u00fcnstiger!)<\/p>\n","protected":false},"featured_media":874,"comment_status":"open","ping_status":"closed","template":"","meta":[],"product_cat":[33],"product_tag":[],"yoast_head":"<!-- This site is optimized with the Yoast SEO plugin v19.14 - https:\/\/yoast.com\/wordpress\/plugins\/seo\/ -->\n<title>30167 Pilsener Nordstadt braut Pils 4,8vol% - Getr\u00e4nke Schl\u00fcter Onlineshop<\/title>\n<meta name=\"robots\" content=\"noindex, follow, max-snippet:-1, max-image-preview:large, max-video-preview:-1\" \/>\n<meta property=\"og:locale\" content=\"de_DE\" \/>\n<meta property=\"og:type\" content=\"article\" \/>\n<meta property=\"og:title\" content=\"30167 Pilsener Nordstadt braut Pils 4,8vol% - Getr\u00e4nke Schl\u00fcter Onlineshop\" \/>\n<meta property=\"og:description\" content=\"24\/0,33 - 30167 Probier - helles, naturtr\u00fcbes Bier nach Pilsener Brauart - Fruchtig-herber Genuss, der an Pale Ale erinnert - IBU: 32 - Getreide: Cara Hell, Sauermalz, - Hefe: Pilsener, Hopfen: Northern Brewer, Tettnanger - 4,8vol% - Mehrwegkiste Pfand EUR 3,42 - (Bei Abholung g\u00fcnstiger!)\" \/>\n<meta property=\"og:url\" content=\"https:\/\/shop.merolution.de\/index.php\/product\/30167-pilsener-nordstadt-braut-pils-48vol\/\" \/>\n<meta property=\"og:site_name\" content=\"Getr\u00e4nke Schl\u00fcter Onlineshop\" \/>\n<meta property=\"og:image\" content=\"https:\/\/shop.merolution.de\/wp-content\/uploads\/2020\/05\/30167-nordstadt-braut-bier-pilsener-flasche-aid-4479s.jpg\" \/>\n\t<meta property=\"og:image:width\" content=\"150\" \/>\n\t<meta property=\"og:image:height\" content=\"379\" \/>\n\t<meta property=\"og:image:type\" content=\"image\/jpeg\" \/>\n<meta name=\"twitter:card\" content=\"summary_large_image\" \/>\n<script type=\"application\/ld+json\" class=\"yoast-schema-graph\">{\"@context\":\"https:\/\/schema.org\",\"@graph\":[{\"@type\":\"WebPage\",\"@id\":\"https:\/\/shop.merolution.de\/index.php\/product\/30167-pilsener-nordstadt-braut-pils-48vol\/\",\"url\":\"https:\/\/shop.merolution.de\/index.php\/product\/30167-pilsener-nordstadt-braut-pils-48vol\/\",\"name\":\"30167 Pilsener Nordstadt braut Pils 4,8vol% - Getr\u00e4nke Schl\u00fcter Onlineshop\",\"isPartOf\":{\"@id\":\"https:\/\/shop.merolution.de\/#website\"},\"datePublished\":\"2020-05-28T09:55:33+00:00\",\"dateModified\":\"2020-05-28T09:55:33+00:00\",\"breadcrumb\":{\"@id\":\"https:\/\/shop.merolution.de\/index.php\/product\/30167-pilsener-nordstadt-braut-pils-48vol\/#breadcrumb\"},\"inLanguage\":\"de\",\"potentialAction\":[{\"@type\":\"ReadAction\",\"target\":[\"https:\/\/shop.merolution.de\/index.php\/product\/30167-pilsener-nordstadt-braut-pils-48vol\/\"]}]},{\"@type\":\"BreadcrumbList\",\"@id\":\"https:\/\/shop.merolution.de\/index.php\/product\/30167-pilsener-nordstadt-braut-pils-48vol\/#breadcrumb\",\"itemListElement\":[{\"@type\":\"ListItem\",\"position\":1,\"name\":\"Home\",\"item\":\"https:\/\/shop.merolution.de\/\"},{\"@type\":\"ListItem\",\"position\":2,\"name\":\"Shop\",\"item\":\"https:\/\/shop.merolution.de\/\"},{\"@type\":\"ListItem\",\"position\":3,\"name\":\"30167 Pilsener Nordstadt braut Pils 4,8vol%\"}]},{\"@type\":\"WebSite\",\"@id\":\"https:\/\/shop.merolution.de\/#website\",\"url\":\"https:\/\/shop.merolution.de\/\",\"name\":\"Getr\u00e4nke Schl\u00fcter Onlineshop\",\"description\":\"Ihr Getr\u00e4nke-Partner in Hannover\",\"potentialAction\":[{\"@type\":\"SearchAction\",\"target\":{\"@type\":\"EntryPoint\",\"urlTemplate\":\"https:\/\/shop.merolution.de\/?s={search_term_string}\"},\"query-input\":\"required name=search_term_string\"}],\"inLanguage\":\"de\"}]}<\/script>\n<!-- \/ Yoast SEO plugin. -->","yoast_head_json":{"title":"30167 Pilsener Nordstadt braut Pils 4,8vol% - Getr\u00e4nke Schl\u00fcter Onlineshop","robots":{"index":"noindex","follow":"follow","max-snippet":"max-snippet:-1","max-image-preview":"max-image-preview:large","max-video-preview":"max-video-preview:-1"},"og_locale":"de_DE","og_type":"article","og_title":"30167 Pilsener Nordstadt braut Pils 4,8vol% - Getr\u00e4nke Schl\u00fcter Onlineshop","og_description":"24\/0,33 - 30167 Probier - helles, naturtr\u00fcbes Bier nach Pilsener Brauart - Fruchtig-herber Genuss, der an Pale Ale erinnert - IBU: 32 - Getreide: Cara Hell, Sauermalz, - Hefe: Pilsener, Hopfen: Northern Brewer, Tettnanger - 4,8vol% - Mehrwegkiste Pfand EUR 3,42 - (Bei Abholung g\u00fcnstiger!)","og_url":"https:\/\/shop.merolution.de\/index.php\/product\/30167-pilsener-nordstadt-braut-pils-48vol\/","og_site_name":"Getr\u00e4nke Schl\u00fcter Onlineshop","og_image":[{"width":150,"height":379,"url":"https:\/\/shop.merolution.de\/wp-content\/uploads\/2020\/05\/30167-nordstadt-braut-bier-pilsener-flasche-aid-4479s.jpg","type":"image\/jpeg"}],"twitter_card":"summary_large_image","schema":{"@context":"https:\/\/schema.org","@graph":[{"@type":"WebPage","@id":"https:\/\/shop.merolution.de\/index.php\/product\/30167-pilsener-nordstadt-braut-pils-48vol\/","url":"https:\/\/shop.merolution.de\/index.php\/product\/30167-pilsener-nordstadt-braut-pils-48vol\/","name":"30167 Pilsener Nordstadt braut Pils 4,8vol% - Getr\u00e4nke Schl\u00fcter Onlineshop","isPartOf":{"@id":"https:\/\/shop.merolution.de\/#website"},"datePublished":"2020-05-28T09:55:33+00:00","dateModified":"2020-05-28T09:55:33+00:00","breadcrumb":{"@id":"https:\/\/shop.merolution.de\/index.php\/product\/30167-pilsener-nordstadt-braut-pils-48vol\/#breadcrumb"},"inLanguage":"de","potentialAction":[{"@type":"ReadAction","target":["https:\/\/shop.merolution.de\/index.php\/product\/30167-pilsener-nordstadt-braut-pils-48vol\/"]}]},{"@type":"BreadcrumbList","@id":"https:\/\/shop.merolution.de\/index.php\/product\/30167-pilsener-nordstadt-braut-pils-48vol\/#breadcrumb","itemListElement":[{"@type":"ListItem","position":1,"name":"Home","item":"https:\/\/shop.merolution.de\/"},{"@type":"ListItem","position":2,"name":"Shop","item":"https:\/\/shop.merolution.de\/"},{"@type":"ListItem","position":3,"name":"30167 Pilsener Nordstadt braut Pils 4,8vol%"}]},{"@type":"WebSite","@id":"https:\/\/shop.merolution.de\/#website","url":"https:\/\/shop.merolution.de\/","name":"Getr\u00e4nke Schl\u00fcter Onlineshop","description":"Ihr Getr\u00e4nke-Partner in Hannover","potentialAction":[{"@type":"SearchAction","target":{"@type":"EntryPoint","urlTemplate":"https:\/\/shop.merolution.de\/?s={search_term_string}"},"query-input":"required name=search_term_string"}],"inLanguage":"de"}]}},"_links":{"self":[{"href":"https:\/\/shop.merolution.de\/index.php\/wp-json\/wp\/v2\/product\/873"}],"collection":[{"href":"https:\/\/shop.merolution.de\/index.php\/wp-json\/wp\/v2\/product"}],"about":[{"href":"https:\/\/shop.merolution.de\/index.php\/wp-json\/wp\/v2\/types\/product"}],"replies":[{"embeddable":true,"href":"https:\/\/shop.merolution.de\/index.php\/wp-json\/wp\/v2\/comments?post=873"}],"wp:featuredmedia":[{"embeddable":true,"href":"https:\/\/shop.merolution.de\/index.php\/wp-json\/wp\/v2\/media\/874"}],"wp:attachment":[{"href":"https:\/\/shop.merolution.de\/index.php\/wp-json\/wp\/v2\/media?parent=873"}],"wp:term":[{"taxonomy":"product_cat","embeddable":true,"href":"https:\/\/shop.merolution.de\/index.php\/wp-json\/wp\/v2\/product_cat?post=873"},{"taxonomy":"product_tag","embeddable":true,"href":"https:\/\/shop.merolution.de\/index.php\/wp-json\/wp\/v2\/product_tag?post=873"}],"curies":[{"name":"wp","href":"https:\/\/api.w.org\/{rel}","templated":true}]}}