{"id":883,"date":"2020-05-28T09:55:34","date_gmt":"2020-05-28T09:55:34","guid":{"rendered":"https:\/\/shop.merolution.de\/index.php\/product\/altenauer-limmo-kraeuter-buegelverschluss\/"},"modified":"2020-05-28T09:55:34","modified_gmt":"2020-05-28T09:55:34","slug":"altenauer-limmo-kraeuter-buegelverschluss","status":"publish","type":"product","link":"https:\/\/shop.merolution.de\/index.php\/product\/altenauer-limmo-kraeuter-buegelverschluss\/","title":{"rendered":"Altenauer Limmo Kr\u00e4uter (B\u00fcgelverschluss)"},"content":{"rendered":"<p>20\/0,33 &#8211; die Harzer Kr\u00e4uterlimmo &#8211; jetzt frisch in der B\u00fcgelflasche &#8211; 100% Natur mit Lindenbl\u00fcte, Hagebutte, L\u00f6wenzahn und Angelikawurzel &#8211; ohne k\u00fcnstliche Farb- und Konservierungsstoffe &#8211; Legga! &#8211; (Inhalt: Wasser, Zucker, Kohlens\u00e4ure, Lindenbl\u00fctenextrat, Gerstenmalzextrakt, Hagebuttenextrakt, L\u00f6wenzahnextrakt, Angelikawurzelextrakt).<\/p>\n","protected":false},"excerpt":{"rendered":"<p>20\/0,33 &#8211; die Harzer Kr\u00e4uterlimmo &#8211; jetzt frisch in der B\u00fcgelflasche &#8211; 100% Natur mit Lindenbl\u00fcte, Hagebutte, L\u00f6wenzahn und Angelikawurzel &#8211; ohne k\u00fcnstliche Farb- und Konservierungsstoffe &#8211; Legga!<\/p>\n","protected":false},"featured_media":884,"comment_status":"open","ping_status":"closed","template":"","meta":[],"product_cat":[33],"product_tag":[],"yoast_head":"<!-- This site is optimized with the Yoast SEO plugin v19.14 - https:\/\/yoast.com\/wordpress\/plugins\/seo\/ -->\n<title>Altenauer Limmo Kr\u00e4uter (B\u00fcgelverschluss) - Getr\u00e4nke Schl\u00fcter Onlineshop<\/title>\n<meta name=\"robots\" content=\"noindex, follow, max-snippet:-1, max-image-preview:large, max-video-preview:-1\" \/>\n<meta property=\"og:locale\" content=\"de_DE\" \/>\n<meta property=\"og:type\" content=\"article\" \/>\n<meta property=\"og:title\" content=\"Altenauer Limmo Kr\u00e4uter (B\u00fcgelverschluss) - Getr\u00e4nke Schl\u00fcter Onlineshop\" \/>\n<meta property=\"og:description\" content=\"20\/0,33 - die Harzer Kr\u00e4uterlimmo - jetzt frisch in der B\u00fcgelflasche - 100% Natur mit Lindenbl\u00fcte, Hagebutte, L\u00f6wenzahn und Angelikawurzel - ohne k\u00fcnstliche Farb- und Konservierungsstoffe - Legga!\" \/>\n<meta property=\"og:url\" content=\"https:\/\/shop.merolution.de\/index.php\/product\/altenauer-limmo-kraeuter-buegelverschluss\/\" \/>\n<meta property=\"og:site_name\" content=\"Getr\u00e4nke Schl\u00fcter Onlineshop\" \/>\n<meta property=\"og:image\" content=\"https:\/\/shop.merolution.de\/wp-content\/uploads\/2020\/05\/harzer-limmo-aid-4488s.png\" \/>\n\t<meta property=\"og:image:width\" content=\"150\" \/>\n\t<meta property=\"og:image:height\" content=\"365\" \/>\n\t<meta property=\"og:image:type\" content=\"image\/png\" \/>\n<meta name=\"twitter:card\" content=\"summary_large_image\" \/>\n<script type=\"application\/ld+json\" class=\"yoast-schema-graph\">{\"@context\":\"https:\/\/schema.org\",\"@graph\":[{\"@type\":\"WebPage\",\"@id\":\"https:\/\/shop.merolution.de\/index.php\/product\/altenauer-limmo-kraeuter-buegelverschluss\/\",\"url\":\"https:\/\/shop.merolution.de\/index.php\/product\/altenauer-limmo-kraeuter-buegelverschluss\/\",\"name\":\"Altenauer Limmo Kr\u00e4uter (B\u00fcgelverschluss) - Getr\u00e4nke Schl\u00fcter Onlineshop\",\"isPartOf\":{\"@id\":\"https:\/\/shop.merolution.de\/#website\"},\"datePublished\":\"2020-05-28T09:55:34+00:00\",\"dateModified\":\"2020-05-28T09:55:34+00:00\",\"breadcrumb\":{\"@id\":\"https:\/\/shop.merolution.de\/index.php\/product\/altenauer-limmo-kraeuter-buegelverschluss\/#breadcrumb\"},\"inLanguage\":\"de\",\"potentialAction\":[{\"@type\":\"ReadAction\",\"target\":[\"https:\/\/shop.merolution.de\/index.php\/product\/altenauer-limmo-kraeuter-buegelverschluss\/\"]}]},{\"@type\":\"BreadcrumbList\",\"@id\":\"https:\/\/shop.merolution.de\/index.php\/product\/altenauer-limmo-kraeuter-buegelverschluss\/#breadcrumb\",\"itemListElement\":[{\"@type\":\"ListItem\",\"position\":1,\"name\":\"Home\",\"item\":\"https:\/\/shop.merolution.de\/\"},{\"@type\":\"ListItem\",\"position\":2,\"name\":\"Shop\",\"item\":\"https:\/\/shop.merolution.de\/\"},{\"@type\":\"ListItem\",\"position\":3,\"name\":\"Altenauer Limmo Kr\u00e4uter (B\u00fcgelverschluss)\"}]},{\"@type\":\"WebSite\",\"@id\":\"https:\/\/shop.merolution.de\/#website\",\"url\":\"https:\/\/shop.merolution.de\/\",\"name\":\"Getr\u00e4nke Schl\u00fcter Onlineshop\",\"description\":\"Ihr Getr\u00e4nke-Partner in Hannover\",\"potentialAction\":[{\"@type\":\"SearchAction\",\"target\":{\"@type\":\"EntryPoint\",\"urlTemplate\":\"https:\/\/shop.merolution.de\/?s={search_term_string}\"},\"query-input\":\"required name=search_term_string\"}],\"inLanguage\":\"de\"}]}<\/script>\n<!-- \/ Yoast SEO plugin. -->","yoast_head_json":{"title":"Altenauer Limmo Kr\u00e4uter (B\u00fcgelverschluss) - Getr\u00e4nke Schl\u00fcter Onlineshop","robots":{"index":"noindex","follow":"follow","max-snippet":"max-snippet:-1","max-image-preview":"max-image-preview:large","max-video-preview":"max-video-preview:-1"},"og_locale":"de_DE","og_type":"article","og_title":"Altenauer Limmo Kr\u00e4uter (B\u00fcgelverschluss) - Getr\u00e4nke Schl\u00fcter Onlineshop","og_description":"20\/0,33 - die Harzer Kr\u00e4uterlimmo - jetzt frisch in der B\u00fcgelflasche - 100% Natur mit Lindenbl\u00fcte, Hagebutte, L\u00f6wenzahn und Angelikawurzel - ohne k\u00fcnstliche Farb- und Konservierungsstoffe - Legga!","og_url":"https:\/\/shop.merolution.de\/index.php\/product\/altenauer-limmo-kraeuter-buegelverschluss\/","og_site_name":"Getr\u00e4nke Schl\u00fcter Onlineshop","og_image":[{"width":150,"height":365,"url":"https:\/\/shop.merolution.de\/wp-content\/uploads\/2020\/05\/harzer-limmo-aid-4488s.png","type":"image\/png"}],"twitter_card":"summary_large_image","schema":{"@context":"https:\/\/schema.org","@graph":[{"@type":"WebPage","@id":"https:\/\/shop.merolution.de\/index.php\/product\/altenauer-limmo-kraeuter-buegelverschluss\/","url":"https:\/\/shop.merolution.de\/index.php\/product\/altenauer-limmo-kraeuter-buegelverschluss\/","name":"Altenauer Limmo Kr\u00e4uter (B\u00fcgelverschluss) - Getr\u00e4nke Schl\u00fcter Onlineshop","isPartOf":{"@id":"https:\/\/shop.merolution.de\/#website"},"datePublished":"2020-05-28T09:55:34+00:00","dateModified":"2020-05-28T09:55:34+00:00","breadcrumb":{"@id":"https:\/\/shop.merolution.de\/index.php\/product\/altenauer-limmo-kraeuter-buegelverschluss\/#breadcrumb"},"inLanguage":"de","potentialAction":[{"@type":"ReadAction","target":["https:\/\/shop.merolution.de\/index.php\/product\/altenauer-limmo-kraeuter-buegelverschluss\/"]}]},{"@type":"BreadcrumbList","@id":"https:\/\/shop.merolution.de\/index.php\/product\/altenauer-limmo-kraeuter-buegelverschluss\/#breadcrumb","itemListElement":[{"@type":"ListItem","position":1,"name":"Home","item":"https:\/\/shop.merolution.de\/"},{"@type":"ListItem","position":2,"name":"Shop","item":"https:\/\/shop.merolution.de\/"},{"@type":"ListItem","position":3,"name":"Altenauer Limmo Kr\u00e4uter (B\u00fcgelverschluss)"}]},{"@type":"WebSite","@id":"https:\/\/shop.merolution.de\/#website","url":"https:\/\/shop.merolution.de\/","name":"Getr\u00e4nke Schl\u00fcter Onlineshop","description":"Ihr Getr\u00e4nke-Partner in Hannover","potentialAction":[{"@type":"SearchAction","target":{"@type":"EntryPoint","urlTemplate":"https:\/\/shop.merolution.de\/?s={search_term_string}"},"query-input":"required name=search_term_string"}],"inLanguage":"de"}]}},"_links":{"self":[{"href":"https:\/\/shop.merolution.de\/index.php\/wp-json\/wp\/v2\/product\/883"}],"collection":[{"href":"https:\/\/shop.merolution.de\/index.php\/wp-json\/wp\/v2\/product"}],"about":[{"href":"https:\/\/shop.merolution.de\/index.php\/wp-json\/wp\/v2\/types\/product"}],"replies":[{"embeddable":true,"href":"https:\/\/shop.merolution.de\/index.php\/wp-json\/wp\/v2\/comments?post=883"}],"wp:featuredmedia":[{"embeddable":true,"href":"https:\/\/shop.merolution.de\/index.php\/wp-json\/wp\/v2\/media\/884"}],"wp:attachment":[{"href":"https:\/\/shop.merolution.de\/index.php\/wp-json\/wp\/v2\/media?parent=883"}],"wp:term":[{"taxonomy":"product_cat","embeddable":true,"href":"https:\/\/shop.merolution.de\/index.php\/wp-json\/wp\/v2\/product_cat?post=883"},{"taxonomy":"product_tag","embeddable":true,"href":"https:\/\/shop.merolution.de\/index.php\/wp-json\/wp\/v2\/product_tag?post=883"}],"curies":[{"name":"wp","href":"https:\/\/api.w.org\/{rel}","templated":true}]}}