{"id":948,"date":"2020-05-28T09:55:44","date_gmt":"2020-05-28T09:55:44","guid":{"rendered":"https:\/\/shop.merolution.de\/index.php\/product\/rother-oeko-urtrunk-bio\/"},"modified":"2020-05-28T09:55:44","modified_gmt":"2020-05-28T09:55:44","slug":"rother-oeko-urtrunk-bio","status":"publish","type":"product","link":"https:\/\/shop.merolution.de\/index.php\/product\/rother-oeko-urtrunk-bio\/","title":{"rendered":"Rother \u00d6ko Urtrunk Bio"},"content":{"rendered":"<p>16\/0,50 B\u00fcgelverschluss &#8211; Rother Urtrunk &#8211; Unterg\u00e4rige, naturtr\u00fcbe Bierspezialt\u00e4t mit 4,7vol% &#8211; w\u00fcrzig und s\u00fcffig &#8211; Mehrweg Pfand: \u0080 3,90 &#8211; Zutaten: Wasser, Malz, Hopfen, Hefe (DE-\u00d6KO-006)<\/p>\n","protected":false},"excerpt":{"rendered":"<p>16\/0,50 B\u00fcgelverschluss &#8211; Rother Urtrunk &#8211; Unterg\u00e4rige, naturtr\u00fcbe Bierspezialt\u00e4t mit 4,7vol% &#8211; w\u00fcrzig und s\u00fcffig &#8211; Mehrweg Pfand: \u0080 3,90 &#8211; Zutaten: Wasser, Malz, Hopfen, Hefe<\/p>\n","protected":false},"featured_media":949,"comment_status":"open","ping_status":"closed","template":"","meta":[],"product_cat":[36],"product_tag":[],"yoast_head":"<!-- This site is optimized with the Yoast SEO plugin v19.14 - https:\/\/yoast.com\/wordpress\/plugins\/seo\/ -->\n<title>Rother \u00d6ko Urtrunk Bio - Getr\u00e4nke Schl\u00fcter Onlineshop<\/title>\n<meta name=\"robots\" content=\"noindex, follow, max-snippet:-1, max-image-preview:large, max-video-preview:-1\" \/>\n<meta property=\"og:locale\" content=\"de_DE\" \/>\n<meta property=\"og:type\" content=\"article\" \/>\n<meta property=\"og:title\" content=\"Rother \u00d6ko Urtrunk Bio - Getr\u00e4nke Schl\u00fcter Onlineshop\" \/>\n<meta property=\"og:description\" content=\"16\/0,50 B\u00fcgelverschluss - Rother Urtrunk - Unterg\u00e4rige, naturtr\u00fcbe Bierspezialt\u00e4t mit 4,7vol% - w\u00fcrzig und s\u00fcffig - Mehrweg Pfand: \u0080 3,90 - Zutaten: Wasser, Malz, Hopfen, Hefe\" \/>\n<meta property=\"og:url\" content=\"https:\/\/shop.merolution.de\/index.php\/product\/rother-oeko-urtrunk-bio\/\" \/>\n<meta property=\"og:site_name\" content=\"Getr\u00e4nke Schl\u00fcter Onlineshop\" \/>\n<meta property=\"og:image\" content=\"https:\/\/shop.merolution.de\/wp-content\/uploads\/2020\/05\/3592aPic1S1329317150_zz_Oeko-Urtrunk-05-BV.jpg\" \/>\n\t<meta property=\"og:image:width\" content=\"150\" \/>\n\t<meta property=\"og:image:height\" content=\"260\" \/>\n\t<meta property=\"og:image:type\" content=\"image\/jpeg\" \/>\n<meta name=\"twitter:card\" content=\"summary_large_image\" \/>\n<script type=\"application\/ld+json\" class=\"yoast-schema-graph\">{\"@context\":\"https:\/\/schema.org\",\"@graph\":[{\"@type\":\"WebPage\",\"@id\":\"https:\/\/shop.merolution.de\/index.php\/product\/rother-oeko-urtrunk-bio\/\",\"url\":\"https:\/\/shop.merolution.de\/index.php\/product\/rother-oeko-urtrunk-bio\/\",\"name\":\"Rother \u00d6ko Urtrunk Bio - Getr\u00e4nke Schl\u00fcter Onlineshop\",\"isPartOf\":{\"@id\":\"https:\/\/shop.merolution.de\/#website\"},\"datePublished\":\"2020-05-28T09:55:44+00:00\",\"dateModified\":\"2020-05-28T09:55:44+00:00\",\"breadcrumb\":{\"@id\":\"https:\/\/shop.merolution.de\/index.php\/product\/rother-oeko-urtrunk-bio\/#breadcrumb\"},\"inLanguage\":\"de\",\"potentialAction\":[{\"@type\":\"ReadAction\",\"target\":[\"https:\/\/shop.merolution.de\/index.php\/product\/rother-oeko-urtrunk-bio\/\"]}]},{\"@type\":\"BreadcrumbList\",\"@id\":\"https:\/\/shop.merolution.de\/index.php\/product\/rother-oeko-urtrunk-bio\/#breadcrumb\",\"itemListElement\":[{\"@type\":\"ListItem\",\"position\":1,\"name\":\"Home\",\"item\":\"https:\/\/shop.merolution.de\/\"},{\"@type\":\"ListItem\",\"position\":2,\"name\":\"Shop\",\"item\":\"https:\/\/shop.merolution.de\/\"},{\"@type\":\"ListItem\",\"position\":3,\"name\":\"Rother \u00d6ko Urtrunk Bio\"}]},{\"@type\":\"WebSite\",\"@id\":\"https:\/\/shop.merolution.de\/#website\",\"url\":\"https:\/\/shop.merolution.de\/\",\"name\":\"Getr\u00e4nke Schl\u00fcter Onlineshop\",\"description\":\"Ihr Getr\u00e4nke-Partner in Hannover\",\"potentialAction\":[{\"@type\":\"SearchAction\",\"target\":{\"@type\":\"EntryPoint\",\"urlTemplate\":\"https:\/\/shop.merolution.de\/?s={search_term_string}\"},\"query-input\":\"required name=search_term_string\"}],\"inLanguage\":\"de\"}]}<\/script>\n<!-- \/ Yoast SEO plugin. -->","yoast_head_json":{"title":"Rother \u00d6ko Urtrunk Bio - Getr\u00e4nke Schl\u00fcter Onlineshop","robots":{"index":"noindex","follow":"follow","max-snippet":"max-snippet:-1","max-image-preview":"max-image-preview:large","max-video-preview":"max-video-preview:-1"},"og_locale":"de_DE","og_type":"article","og_title":"Rother \u00d6ko Urtrunk Bio - Getr\u00e4nke Schl\u00fcter Onlineshop","og_description":"16\/0,50 B\u00fcgelverschluss - Rother Urtrunk - Unterg\u00e4rige, naturtr\u00fcbe Bierspezialt\u00e4t mit 4,7vol% - w\u00fcrzig und s\u00fcffig - Mehrweg Pfand: \u0080 3,90 - Zutaten: Wasser, Malz, Hopfen, Hefe","og_url":"https:\/\/shop.merolution.de\/index.php\/product\/rother-oeko-urtrunk-bio\/","og_site_name":"Getr\u00e4nke Schl\u00fcter Onlineshop","og_image":[{"width":150,"height":260,"url":"https:\/\/shop.merolution.de\/wp-content\/uploads\/2020\/05\/3592aPic1S1329317150_zz_Oeko-Urtrunk-05-BV.jpg","type":"image\/jpeg"}],"twitter_card":"summary_large_image","schema":{"@context":"https:\/\/schema.org","@graph":[{"@type":"WebPage","@id":"https:\/\/shop.merolution.de\/index.php\/product\/rother-oeko-urtrunk-bio\/","url":"https:\/\/shop.merolution.de\/index.php\/product\/rother-oeko-urtrunk-bio\/","name":"Rother \u00d6ko Urtrunk Bio - Getr\u00e4nke Schl\u00fcter Onlineshop","isPartOf":{"@id":"https:\/\/shop.merolution.de\/#website"},"datePublished":"2020-05-28T09:55:44+00:00","dateModified":"2020-05-28T09:55:44+00:00","breadcrumb":{"@id":"https:\/\/shop.merolution.de\/index.php\/product\/rother-oeko-urtrunk-bio\/#breadcrumb"},"inLanguage":"de","potentialAction":[{"@type":"ReadAction","target":["https:\/\/shop.merolution.de\/index.php\/product\/rother-oeko-urtrunk-bio\/"]}]},{"@type":"BreadcrumbList","@id":"https:\/\/shop.merolution.de\/index.php\/product\/rother-oeko-urtrunk-bio\/#breadcrumb","itemListElement":[{"@type":"ListItem","position":1,"name":"Home","item":"https:\/\/shop.merolution.de\/"},{"@type":"ListItem","position":2,"name":"Shop","item":"https:\/\/shop.merolution.de\/"},{"@type":"ListItem","position":3,"name":"Rother \u00d6ko Urtrunk Bio"}]},{"@type":"WebSite","@id":"https:\/\/shop.merolution.de\/#website","url":"https:\/\/shop.merolution.de\/","name":"Getr\u00e4nke Schl\u00fcter Onlineshop","description":"Ihr Getr\u00e4nke-Partner in Hannover","potentialAction":[{"@type":"SearchAction","target":{"@type":"EntryPoint","urlTemplate":"https:\/\/shop.merolution.de\/?s={search_term_string}"},"query-input":"required name=search_term_string"}],"inLanguage":"de"}]}},"_links":{"self":[{"href":"https:\/\/shop.merolution.de\/index.php\/wp-json\/wp\/v2\/product\/948"}],"collection":[{"href":"https:\/\/shop.merolution.de\/index.php\/wp-json\/wp\/v2\/product"}],"about":[{"href":"https:\/\/shop.merolution.de\/index.php\/wp-json\/wp\/v2\/types\/product"}],"replies":[{"embeddable":true,"href":"https:\/\/shop.merolution.de\/index.php\/wp-json\/wp\/v2\/comments?post=948"}],"wp:featuredmedia":[{"embeddable":true,"href":"https:\/\/shop.merolution.de\/index.php\/wp-json\/wp\/v2\/media\/949"}],"wp:attachment":[{"href":"https:\/\/shop.merolution.de\/index.php\/wp-json\/wp\/v2\/media?parent=948"}],"wp:term":[{"taxonomy":"product_cat","embeddable":true,"href":"https:\/\/shop.merolution.de\/index.php\/wp-json\/wp\/v2\/product_cat?post=948"},{"taxonomy":"product_tag","embeddable":true,"href":"https:\/\/shop.merolution.de\/index.php\/wp-json\/wp\/v2\/product_tag?post=948"}],"curies":[{"name":"wp","href":"https:\/\/api.w.org\/{rel}","templated":true}]}}