{"id":956,"date":"2020-05-28T09:55:45","date_gmt":"2020-05-28T09:55:45","guid":{"rendered":"https:\/\/shop.merolution.de\/index.php\/product\/stoertebeker-baltic-bio-porter-20x050\/"},"modified":"2020-05-28T09:55:45","modified_gmt":"2020-05-28T09:55:45","slug":"stoertebeker-baltic-bio-porter-20x050","status":"publish","type":"product","link":"https:\/\/shop.merolution.de\/index.php\/product\/stoertebeker-baltic-bio-porter-20x050\/","title":{"rendered":"St\u00f6rtebeker Baltic Bio Porter 20&#215;0,50"},"content":{"rendered":"<p>St\u00f6rtebeker Bio Baltic Porter 20\/0,50 &#8211; Caramelmalz und dunkle Braumalze lassen die helle Kupferfarbe entstehen und sorgen f\u00fcr den leichten Duft nach Biscuit und Marzipan. Pilsener- und Wiener-Malz bilden die Basis f\u00fcr den ausgewogenen Malzk\u00f6rper Die kalte Verg\u00e4rung mit unterg\u00e4riger Hefe f\u00fchrt zum cremefarbenen Schaum und einer fein eingebundenen Kohlens\u00e4ure. Die Hopfensorte Tradition gibt dem Bier die zur\u00fcckhaltende Herbe und den zarten Duft s\u00fc\u00dfer Fr\u00fcchte &#8211; \u0080 3,10 Pfand<\/p>\n","protected":false},"excerpt":{"rendered":"<p>St\u00f6rtebeker Baltic Porter Bioqualit\u00e4t 20&#215;0,50 &#8211; Der Bierstil M\u00e4rzen beschreibt ein st\u00e4rkeres, k\u00f6rperreiches und s\u00fcffiges Lagerbier. Der Name leitet sich vom Monatsnamen M\u00e4rz ab: Da fr\u00fcher in den warmen Monaten vom 23. April bis 29. September kein Bier gebraut werden durfte, entwickelten die Brauer ein st\u00e4rkeres Bier, das lagerf\u00e4higer war. Dies wurde im M\u00e4rz eingebraut und konnte dann \u00fcber den Sommer ausgeschenkt werden. Kennzeichnend f\u00fcr diesen Bierstil sind neben dem kr\u00e4ftigen Malzk\u00f6rper leichte Hopfennoten.Das St\u00f6rtebeker Baltik-Lager ist ein naturbelassenes unterg\u00e4riges Lagerbier mit Stammw\u00fcrze 13,2%. Genusstemperatur 10\u00b0C. Alkoholgehalt: 5,5% vol &#8211; \u0080 3,10 Pfand<\/p>\n","protected":false},"featured_media":957,"comment_status":"open","ping_status":"closed","template":"","meta":[],"product_cat":[36],"product_tag":[],"yoast_head":"<!-- This site is optimized with the Yoast SEO plugin v19.14 - https:\/\/yoast.com\/wordpress\/plugins\/seo\/ -->\n<title>St\u00f6rtebeker Baltic Bio Porter 20x0,50 - Getr\u00e4nke Schl\u00fcter Onlineshop<\/title>\n<meta name=\"robots\" content=\"noindex, follow, max-snippet:-1, max-image-preview:large, max-video-preview:-1\" \/>\n<meta property=\"og:locale\" content=\"de_DE\" \/>\n<meta property=\"og:type\" content=\"article\" \/>\n<meta property=\"og:title\" content=\"St\u00f6rtebeker Baltic Bio Porter 20x0,50 - Getr\u00e4nke Schl\u00fcter Onlineshop\" \/>\n<meta property=\"og:description\" content=\"St\u00f6rtebeker Baltic Porter Bioqualit\u00e4t 20x0,50 - Der Bierstil M\u00e4rzen beschreibt ein st\u00e4rkeres, k\u00f6rperreiches und s\u00fcffiges Lagerbier. Der Name leitet sich vom Monatsnamen M\u00e4rz ab: Da fr\u00fcher in den warmen Monaten vom 23. April bis 29. September kein Bier gebraut werden durfte, entwickelten die Brauer ein st\u00e4rkeres Bier, das lagerf\u00e4higer war. Dies wurde im M\u00e4rz eingebraut und konnte dann \u00fcber den Sommer ausgeschenkt werden. Kennzeichnend f\u00fcr diesen Bierstil sind neben dem kr\u00e4ftigen Malzk\u00f6rper leichte Hopfennoten.Das St\u00f6rtebeker Baltik-Lager ist ein naturbelassenes unterg\u00e4riges Lagerbier mit Stammw\u00fcrze 13,2%. Genusstemperatur 10\u00b0C. Alkoholgehalt: 5,5% vol - \u0080 3,10 Pfand\" \/>\n<meta property=\"og:url\" content=\"https:\/\/shop.merolution.de\/index.php\/product\/stoertebeker-baltic-bio-porter-20x050\/\" \/>\n<meta property=\"og:site_name\" content=\"Getr\u00e4nke Schl\u00fcter Onlineshop\" \/>\n<meta property=\"og:image\" content=\"https:\/\/shop.merolution.de\/wp-content\/uploads\/2020\/05\/stoertebeker-entdecker-kiste-frontal-300x330-aid-4600s.png\" \/>\n\t<meta property=\"og:image:width\" content=\"150\" \/>\n\t<meta property=\"og:image:height\" content=\"165\" \/>\n\t<meta property=\"og:image:type\" content=\"image\/png\" \/>\n<meta name=\"twitter:card\" content=\"summary_large_image\" \/>\n<script type=\"application\/ld+json\" class=\"yoast-schema-graph\">{\"@context\":\"https:\/\/schema.org\",\"@graph\":[{\"@type\":\"WebPage\",\"@id\":\"https:\/\/shop.merolution.de\/index.php\/product\/stoertebeker-baltic-bio-porter-20x050\/\",\"url\":\"https:\/\/shop.merolution.de\/index.php\/product\/stoertebeker-baltic-bio-porter-20x050\/\",\"name\":\"St\u00f6rtebeker Baltic Bio Porter 20x0,50 - Getr\u00e4nke Schl\u00fcter Onlineshop\",\"isPartOf\":{\"@id\":\"https:\/\/shop.merolution.de\/#website\"},\"datePublished\":\"2020-05-28T09:55:45+00:00\",\"dateModified\":\"2020-05-28T09:55:45+00:00\",\"breadcrumb\":{\"@id\":\"https:\/\/shop.merolution.de\/index.php\/product\/stoertebeker-baltic-bio-porter-20x050\/#breadcrumb\"},\"inLanguage\":\"de\",\"potentialAction\":[{\"@type\":\"ReadAction\",\"target\":[\"https:\/\/shop.merolution.de\/index.php\/product\/stoertebeker-baltic-bio-porter-20x050\/\"]}]},{\"@type\":\"BreadcrumbList\",\"@id\":\"https:\/\/shop.merolution.de\/index.php\/product\/stoertebeker-baltic-bio-porter-20x050\/#breadcrumb\",\"itemListElement\":[{\"@type\":\"ListItem\",\"position\":1,\"name\":\"Home\",\"item\":\"https:\/\/shop.merolution.de\/\"},{\"@type\":\"ListItem\",\"position\":2,\"name\":\"Shop\",\"item\":\"https:\/\/shop.merolution.de\/\"},{\"@type\":\"ListItem\",\"position\":3,\"name\":\"St\u00f6rtebeker Baltic Bio Porter 20&#215;0,50\"}]},{\"@type\":\"WebSite\",\"@id\":\"https:\/\/shop.merolution.de\/#website\",\"url\":\"https:\/\/shop.merolution.de\/\",\"name\":\"Getr\u00e4nke Schl\u00fcter Onlineshop\",\"description\":\"Ihr Getr\u00e4nke-Partner in Hannover\",\"potentialAction\":[{\"@type\":\"SearchAction\",\"target\":{\"@type\":\"EntryPoint\",\"urlTemplate\":\"https:\/\/shop.merolution.de\/?s={search_term_string}\"},\"query-input\":\"required name=search_term_string\"}],\"inLanguage\":\"de\"}]}<\/script>\n<!-- \/ Yoast SEO plugin. -->","yoast_head_json":{"title":"St\u00f6rtebeker Baltic Bio Porter 20x0,50 - Getr\u00e4nke Schl\u00fcter Onlineshop","robots":{"index":"noindex","follow":"follow","max-snippet":"max-snippet:-1","max-image-preview":"max-image-preview:large","max-video-preview":"max-video-preview:-1"},"og_locale":"de_DE","og_type":"article","og_title":"St\u00f6rtebeker Baltic Bio Porter 20x0,50 - Getr\u00e4nke Schl\u00fcter Onlineshop","og_description":"St\u00f6rtebeker Baltic Porter Bioqualit\u00e4t 20x0,50 - Der Bierstil M\u00e4rzen beschreibt ein st\u00e4rkeres, k\u00f6rperreiches und s\u00fcffiges Lagerbier. Der Name leitet sich vom Monatsnamen M\u00e4rz ab: Da fr\u00fcher in den warmen Monaten vom 23. April bis 29. September kein Bier gebraut werden durfte, entwickelten die Brauer ein st\u00e4rkeres Bier, das lagerf\u00e4higer war. Dies wurde im M\u00e4rz eingebraut und konnte dann \u00fcber den Sommer ausgeschenkt werden. Kennzeichnend f\u00fcr diesen Bierstil sind neben dem kr\u00e4ftigen Malzk\u00f6rper leichte Hopfennoten.Das St\u00f6rtebeker Baltik-Lager ist ein naturbelassenes unterg\u00e4riges Lagerbier mit Stammw\u00fcrze 13,2%. Genusstemperatur 10\u00b0C. Alkoholgehalt: 5,5% vol - \u0080 3,10 Pfand","og_url":"https:\/\/shop.merolution.de\/index.php\/product\/stoertebeker-baltic-bio-porter-20x050\/","og_site_name":"Getr\u00e4nke Schl\u00fcter Onlineshop","og_image":[{"width":150,"height":165,"url":"https:\/\/shop.merolution.de\/wp-content\/uploads\/2020\/05\/stoertebeker-entdecker-kiste-frontal-300x330-aid-4600s.png","type":"image\/png"}],"twitter_card":"summary_large_image","schema":{"@context":"https:\/\/schema.org","@graph":[{"@type":"WebPage","@id":"https:\/\/shop.merolution.de\/index.php\/product\/stoertebeker-baltic-bio-porter-20x050\/","url":"https:\/\/shop.merolution.de\/index.php\/product\/stoertebeker-baltic-bio-porter-20x050\/","name":"St\u00f6rtebeker Baltic Bio Porter 20x0,50 - Getr\u00e4nke Schl\u00fcter Onlineshop","isPartOf":{"@id":"https:\/\/shop.merolution.de\/#website"},"datePublished":"2020-05-28T09:55:45+00:00","dateModified":"2020-05-28T09:55:45+00:00","breadcrumb":{"@id":"https:\/\/shop.merolution.de\/index.php\/product\/stoertebeker-baltic-bio-porter-20x050\/#breadcrumb"},"inLanguage":"de","potentialAction":[{"@type":"ReadAction","target":["https:\/\/shop.merolution.de\/index.php\/product\/stoertebeker-baltic-bio-porter-20x050\/"]}]},{"@type":"BreadcrumbList","@id":"https:\/\/shop.merolution.de\/index.php\/product\/stoertebeker-baltic-bio-porter-20x050\/#breadcrumb","itemListElement":[{"@type":"ListItem","position":1,"name":"Home","item":"https:\/\/shop.merolution.de\/"},{"@type":"ListItem","position":2,"name":"Shop","item":"https:\/\/shop.merolution.de\/"},{"@type":"ListItem","position":3,"name":"St\u00f6rtebeker Baltic Bio Porter 20&#215;0,50"}]},{"@type":"WebSite","@id":"https:\/\/shop.merolution.de\/#website","url":"https:\/\/shop.merolution.de\/","name":"Getr\u00e4nke Schl\u00fcter Onlineshop","description":"Ihr Getr\u00e4nke-Partner in Hannover","potentialAction":[{"@type":"SearchAction","target":{"@type":"EntryPoint","urlTemplate":"https:\/\/shop.merolution.de\/?s={search_term_string}"},"query-input":"required name=search_term_string"}],"inLanguage":"de"}]}},"_links":{"self":[{"href":"https:\/\/shop.merolution.de\/index.php\/wp-json\/wp\/v2\/product\/956"}],"collection":[{"href":"https:\/\/shop.merolution.de\/index.php\/wp-json\/wp\/v2\/product"}],"about":[{"href":"https:\/\/shop.merolution.de\/index.php\/wp-json\/wp\/v2\/types\/product"}],"replies":[{"embeddable":true,"href":"https:\/\/shop.merolution.de\/index.php\/wp-json\/wp\/v2\/comments?post=956"}],"wp:featuredmedia":[{"embeddable":true,"href":"https:\/\/shop.merolution.de\/index.php\/wp-json\/wp\/v2\/media\/957"}],"wp:attachment":[{"href":"https:\/\/shop.merolution.de\/index.php\/wp-json\/wp\/v2\/media?parent=956"}],"wp:term":[{"taxonomy":"product_cat","embeddable":true,"href":"https:\/\/shop.merolution.de\/index.php\/wp-json\/wp\/v2\/product_cat?post=956"},{"taxonomy":"product_tag","embeddable":true,"href":"https:\/\/shop.merolution.de\/index.php\/wp-json\/wp\/v2\/product_tag?post=956"}],"curies":[{"name":"wp","href":"https:\/\/api.w.org\/{rel}","templated":true}]}}