{"id":986,"date":"2020-05-28T09:55:48","date_gmt":"2020-05-28T09:55:48","guid":{"rendered":"https:\/\/shop.merolution.de\/index.php\/product\/lemonaid-limette-lemon\/"},"modified":"2020-05-28T09:55:48","modified_gmt":"2020-05-28T09:55:48","slug":"lemonaid-limette-lemon","status":"publish","type":"product","link":"https:\/\/shop.merolution.de\/index.php\/product\/lemonaid-limette-lemon\/","title":{"rendered":"Lemonaid Limette (Lemon)"},"content":{"rendered":"<p>24\/0,33 (Bio &#8211; Fairtrade) &#8211; Das Original: mit viel Limettensaft, ein wenig Rohrzucker und Wasser. Man sagt ja, etwas sei nicht dann vollkommen, wenn man nichts mehr hinzuf\u00fcgen kann, sondern dann, wenn man nichts mehr weglassen kann. Dem haben wir nichts hinzuzuf\u00fcgen. In der Flasche sind nur beste nat\u00fcrliche Zutaten aus biologischem Anbau.<\/p>\n","protected":false},"excerpt":{"rendered":"<p>24\/0,33 (Bio &#8211; Fairtrade) &#8211; Das Original: mit viel Limettensaft, ein wenig Rohrzucker und Wasser. Man sagt ja, etwas sei nicht dann vollkommen, wenn man nichts mehr hinzuf\u00fcgen kann, sondern dann, wenn man nichts mehr weglassen kann. Dem haben wir nichts hinzuzuf\u00fcgen. In der Flasche sind nur beste nat\u00fcrliche Zutaten aus biologischem Anbau.<\/p>\n","protected":false},"featured_media":987,"comment_status":"open","ping_status":"closed","template":"","meta":[],"product_cat":[37],"product_tag":[],"yoast_head":"<!-- This site is optimized with the Yoast SEO plugin v19.14 - https:\/\/yoast.com\/wordpress\/plugins\/seo\/ -->\n<title>Lemonaid Limette (Lemon) - Getr\u00e4nke Schl\u00fcter Onlineshop<\/title>\n<meta name=\"robots\" content=\"noindex, follow, max-snippet:-1, max-image-preview:large, max-video-preview:-1\" \/>\n<meta property=\"og:locale\" content=\"de_DE\" \/>\n<meta property=\"og:type\" content=\"article\" \/>\n<meta property=\"og:title\" content=\"Lemonaid Limette (Lemon) - Getr\u00e4nke Schl\u00fcter Onlineshop\" \/>\n<meta property=\"og:description\" content=\"24\/0,33 (Bio - Fairtrade) - Das Original: mit viel Limettensaft, ein wenig Rohrzucker und Wasser. Man sagt ja, etwas sei nicht dann vollkommen, wenn man nichts mehr hinzuf\u00fcgen kann, sondern dann, wenn man nichts mehr weglassen kann. Dem haben wir nichts hinzuzuf\u00fcgen. In der Flasche sind nur beste nat\u00fcrliche Zutaten aus biologischem Anbau.\" \/>\n<meta property=\"og:url\" content=\"https:\/\/shop.merolution.de\/index.php\/product\/lemonaid-limette-lemon\/\" \/>\n<meta property=\"og:site_name\" content=\"Getr\u00e4nke Schl\u00fcter Onlineshop\" \/>\n<meta property=\"og:image\" content=\"https:\/\/shop.merolution.de\/wp-content\/uploads\/2020\/05\/lemonaid-lemon-isov2-dina4-300dpi-aid-4090s.jpg\" \/>\n\t<meta property=\"og:image:width\" content=\"150\" \/>\n\t<meta property=\"og:image:height\" content=\"212\" \/>\n\t<meta property=\"og:image:type\" content=\"image\/jpeg\" \/>\n<meta name=\"twitter:card\" content=\"summary_large_image\" \/>\n<script type=\"application\/ld+json\" class=\"yoast-schema-graph\">{\"@context\":\"https:\/\/schema.org\",\"@graph\":[{\"@type\":\"WebPage\",\"@id\":\"https:\/\/shop.merolution.de\/index.php\/product\/lemonaid-limette-lemon\/\",\"url\":\"https:\/\/shop.merolution.de\/index.php\/product\/lemonaid-limette-lemon\/\",\"name\":\"Lemonaid Limette (Lemon) - Getr\u00e4nke Schl\u00fcter Onlineshop\",\"isPartOf\":{\"@id\":\"https:\/\/shop.merolution.de\/#website\"},\"datePublished\":\"2020-05-28T09:55:48+00:00\",\"dateModified\":\"2020-05-28T09:55:48+00:00\",\"breadcrumb\":{\"@id\":\"https:\/\/shop.merolution.de\/index.php\/product\/lemonaid-limette-lemon\/#breadcrumb\"},\"inLanguage\":\"de\",\"potentialAction\":[{\"@type\":\"ReadAction\",\"target\":[\"https:\/\/shop.merolution.de\/index.php\/product\/lemonaid-limette-lemon\/\"]}]},{\"@type\":\"BreadcrumbList\",\"@id\":\"https:\/\/shop.merolution.de\/index.php\/product\/lemonaid-limette-lemon\/#breadcrumb\",\"itemListElement\":[{\"@type\":\"ListItem\",\"position\":1,\"name\":\"Home\",\"item\":\"https:\/\/shop.merolution.de\/\"},{\"@type\":\"ListItem\",\"position\":2,\"name\":\"Shop\",\"item\":\"https:\/\/shop.merolution.de\/\"},{\"@type\":\"ListItem\",\"position\":3,\"name\":\"Lemonaid Limette (Lemon)\"}]},{\"@type\":\"WebSite\",\"@id\":\"https:\/\/shop.merolution.de\/#website\",\"url\":\"https:\/\/shop.merolution.de\/\",\"name\":\"Getr\u00e4nke Schl\u00fcter Onlineshop\",\"description\":\"Ihr Getr\u00e4nke-Partner in Hannover\",\"potentialAction\":[{\"@type\":\"SearchAction\",\"target\":{\"@type\":\"EntryPoint\",\"urlTemplate\":\"https:\/\/shop.merolution.de\/?s={search_term_string}\"},\"query-input\":\"required name=search_term_string\"}],\"inLanguage\":\"de\"}]}<\/script>\n<!-- \/ Yoast SEO plugin. -->","yoast_head_json":{"title":"Lemonaid Limette (Lemon) - Getr\u00e4nke Schl\u00fcter Onlineshop","robots":{"index":"noindex","follow":"follow","max-snippet":"max-snippet:-1","max-image-preview":"max-image-preview:large","max-video-preview":"max-video-preview:-1"},"og_locale":"de_DE","og_type":"article","og_title":"Lemonaid Limette (Lemon) - Getr\u00e4nke Schl\u00fcter Onlineshop","og_description":"24\/0,33 (Bio - Fairtrade) - Das Original: mit viel Limettensaft, ein wenig Rohrzucker und Wasser. Man sagt ja, etwas sei nicht dann vollkommen, wenn man nichts mehr hinzuf\u00fcgen kann, sondern dann, wenn man nichts mehr weglassen kann. Dem haben wir nichts hinzuzuf\u00fcgen. In der Flasche sind nur beste nat\u00fcrliche Zutaten aus biologischem Anbau.","og_url":"https:\/\/shop.merolution.de\/index.php\/product\/lemonaid-limette-lemon\/","og_site_name":"Getr\u00e4nke Schl\u00fcter Onlineshop","og_image":[{"width":150,"height":212,"url":"https:\/\/shop.merolution.de\/wp-content\/uploads\/2020\/05\/lemonaid-lemon-isov2-dina4-300dpi-aid-4090s.jpg","type":"image\/jpeg"}],"twitter_card":"summary_large_image","schema":{"@context":"https:\/\/schema.org","@graph":[{"@type":"WebPage","@id":"https:\/\/shop.merolution.de\/index.php\/product\/lemonaid-limette-lemon\/","url":"https:\/\/shop.merolution.de\/index.php\/product\/lemonaid-limette-lemon\/","name":"Lemonaid Limette (Lemon) - Getr\u00e4nke Schl\u00fcter Onlineshop","isPartOf":{"@id":"https:\/\/shop.merolution.de\/#website"},"datePublished":"2020-05-28T09:55:48+00:00","dateModified":"2020-05-28T09:55:48+00:00","breadcrumb":{"@id":"https:\/\/shop.merolution.de\/index.php\/product\/lemonaid-limette-lemon\/#breadcrumb"},"inLanguage":"de","potentialAction":[{"@type":"ReadAction","target":["https:\/\/shop.merolution.de\/index.php\/product\/lemonaid-limette-lemon\/"]}]},{"@type":"BreadcrumbList","@id":"https:\/\/shop.merolution.de\/index.php\/product\/lemonaid-limette-lemon\/#breadcrumb","itemListElement":[{"@type":"ListItem","position":1,"name":"Home","item":"https:\/\/shop.merolution.de\/"},{"@type":"ListItem","position":2,"name":"Shop","item":"https:\/\/shop.merolution.de\/"},{"@type":"ListItem","position":3,"name":"Lemonaid Limette (Lemon)"}]},{"@type":"WebSite","@id":"https:\/\/shop.merolution.de\/#website","url":"https:\/\/shop.merolution.de\/","name":"Getr\u00e4nke Schl\u00fcter Onlineshop","description":"Ihr Getr\u00e4nke-Partner in Hannover","potentialAction":[{"@type":"SearchAction","target":{"@type":"EntryPoint","urlTemplate":"https:\/\/shop.merolution.de\/?s={search_term_string}"},"query-input":"required name=search_term_string"}],"inLanguage":"de"}]}},"_links":{"self":[{"href":"https:\/\/shop.merolution.de\/index.php\/wp-json\/wp\/v2\/product\/986"}],"collection":[{"href":"https:\/\/shop.merolution.de\/index.php\/wp-json\/wp\/v2\/product"}],"about":[{"href":"https:\/\/shop.merolution.de\/index.php\/wp-json\/wp\/v2\/types\/product"}],"replies":[{"embeddable":true,"href":"https:\/\/shop.merolution.de\/index.php\/wp-json\/wp\/v2\/comments?post=986"}],"wp:featuredmedia":[{"embeddable":true,"href":"https:\/\/shop.merolution.de\/index.php\/wp-json\/wp\/v2\/media\/987"}],"wp:attachment":[{"href":"https:\/\/shop.merolution.de\/index.php\/wp-json\/wp\/v2\/media?parent=986"}],"wp:term":[{"taxonomy":"product_cat","embeddable":true,"href":"https:\/\/shop.merolution.de\/index.php\/wp-json\/wp\/v2\/product_cat?post=986"},{"taxonomy":"product_tag","embeddable":true,"href":"https:\/\/shop.merolution.de\/index.php\/wp-json\/wp\/v2\/product_tag?post=986"}],"curies":[{"name":"wp","href":"https:\/\/api.w.org\/{rel}","templated":true}]}}