{"id":992,"date":"2020-05-28T09:55:49","date_gmt":"2020-05-28T09:55:49","guid":{"rendered":"https:\/\/shop.merolution.de\/index.php\/product\/voelkel-033-biozisch-holunderbluete-hollerbluete-12-033\/"},"modified":"2020-05-28T09:55:49","modified_gmt":"2020-05-28T09:55:49","slug":"voelkel-033-biozisch-holunderbluete-hollerbluete-12-033","status":"publish","type":"product","link":"https:\/\/shop.merolution.de\/index.php\/product\/voelkel-033-biozisch-holunderbluete-hollerbluete-12-033\/","title":{"rendered":"Voelkel 0,33 BioZisch Holunderbl\u00fcte (Hollerbl\u00fcte) &#8211; 12\/0,33"},"content":{"rendered":"<p>12\/0,33Fruchtgehalt: 4%Inhalt: Nat\u00fcrliches Mineralwasser, Traubens\u00fc\u00dfe, Holunderbl\u00fctenextrakt (aus nat\u00fcrlichem Mineralwasser, Traubens\u00fc\u00dfe, Holunderbl\u00fcten 7%, Zitronensaftkonzentrat), Traubensaft, Zitronensaft, Gr\u00fcner Tee, Apfelessig, nat\u00fcrliche Quellkohlens\u00e4ure.<\/p>\n","protected":false},"excerpt":{"rendered":"<p>12\/0,33<\/p>\n","protected":false},"featured_media":993,"comment_status":"open","ping_status":"closed","template":"","meta":[],"product_cat":[37],"product_tag":[],"yoast_head":"<!-- This site is optimized with the Yoast SEO plugin v19.14 - https:\/\/yoast.com\/wordpress\/plugins\/seo\/ -->\n<title>Voelkel 0,33 BioZisch Holunderbl\u00fcte (Hollerbl\u00fcte) - 12\/0,33 - Getr\u00e4nke Schl\u00fcter Onlineshop<\/title>\n<meta name=\"robots\" content=\"noindex, follow, max-snippet:-1, max-image-preview:large, max-video-preview:-1\" \/>\n<meta property=\"og:locale\" content=\"de_DE\" \/>\n<meta property=\"og:type\" content=\"article\" \/>\n<meta property=\"og:title\" content=\"Voelkel 0,33 BioZisch Holunderbl\u00fcte (Hollerbl\u00fcte) - 12\/0,33 - Getr\u00e4nke Schl\u00fcter Onlineshop\" \/>\n<meta property=\"og:description\" content=\"12\/0,33\" \/>\n<meta property=\"og:url\" content=\"https:\/\/shop.merolution.de\/index.php\/product\/voelkel-033-biozisch-holunderbluete-hollerbluete-12-033\/\" \/>\n<meta property=\"og:site_name\" content=\"Getr\u00e4nke Schl\u00fcter Onlineshop\" \/>\n<meta property=\"og:image\" content=\"https:\/\/shop.merolution.de\/wp-content\/uploads\/2020\/05\/2306900135-medium.jpg\" \/>\n\t<meta property=\"og:image:width\" content=\"50\" \/>\n\t<meta property=\"og:image:height\" content=\"200\" \/>\n\t<meta property=\"og:image:type\" content=\"image\/jpeg\" \/>\n<meta name=\"twitter:card\" content=\"summary_large_image\" \/>\n<script type=\"application\/ld+json\" class=\"yoast-schema-graph\">{\"@context\":\"https:\/\/schema.org\",\"@graph\":[{\"@type\":\"WebPage\",\"@id\":\"https:\/\/shop.merolution.de\/index.php\/product\/voelkel-033-biozisch-holunderbluete-hollerbluete-12-033\/\",\"url\":\"https:\/\/shop.merolution.de\/index.php\/product\/voelkel-033-biozisch-holunderbluete-hollerbluete-12-033\/\",\"name\":\"Voelkel 0,33 BioZisch Holunderbl\u00fcte (Hollerbl\u00fcte) - 12\/0,33 - Getr\u00e4nke Schl\u00fcter Onlineshop\",\"isPartOf\":{\"@id\":\"https:\/\/shop.merolution.de\/#website\"},\"datePublished\":\"2020-05-28T09:55:49+00:00\",\"dateModified\":\"2020-05-28T09:55:49+00:00\",\"breadcrumb\":{\"@id\":\"https:\/\/shop.merolution.de\/index.php\/product\/voelkel-033-biozisch-holunderbluete-hollerbluete-12-033\/#breadcrumb\"},\"inLanguage\":\"de\",\"potentialAction\":[{\"@type\":\"ReadAction\",\"target\":[\"https:\/\/shop.merolution.de\/index.php\/product\/voelkel-033-biozisch-holunderbluete-hollerbluete-12-033\/\"]}]},{\"@type\":\"BreadcrumbList\",\"@id\":\"https:\/\/shop.merolution.de\/index.php\/product\/voelkel-033-biozisch-holunderbluete-hollerbluete-12-033\/#breadcrumb\",\"itemListElement\":[{\"@type\":\"ListItem\",\"position\":1,\"name\":\"Home\",\"item\":\"https:\/\/shop.merolution.de\/\"},{\"@type\":\"ListItem\",\"position\":2,\"name\":\"Shop\",\"item\":\"https:\/\/shop.merolution.de\/\"},{\"@type\":\"ListItem\",\"position\":3,\"name\":\"Voelkel 0,33 BioZisch Holunderbl\u00fcte (Hollerbl\u00fcte) &#8211; 12\/0,33\"}]},{\"@type\":\"WebSite\",\"@id\":\"https:\/\/shop.merolution.de\/#website\",\"url\":\"https:\/\/shop.merolution.de\/\",\"name\":\"Getr\u00e4nke Schl\u00fcter Onlineshop\",\"description\":\"Ihr Getr\u00e4nke-Partner in Hannover\",\"potentialAction\":[{\"@type\":\"SearchAction\",\"target\":{\"@type\":\"EntryPoint\",\"urlTemplate\":\"https:\/\/shop.merolution.de\/?s={search_term_string}\"},\"query-input\":\"required name=search_term_string\"}],\"inLanguage\":\"de\"}]}<\/script>\n<!-- \/ Yoast SEO plugin. -->","yoast_head_json":{"title":"Voelkel 0,33 BioZisch Holunderbl\u00fcte (Hollerbl\u00fcte) - 12\/0,33 - Getr\u00e4nke Schl\u00fcter Onlineshop","robots":{"index":"noindex","follow":"follow","max-snippet":"max-snippet:-1","max-image-preview":"max-image-preview:large","max-video-preview":"max-video-preview:-1"},"og_locale":"de_DE","og_type":"article","og_title":"Voelkel 0,33 BioZisch Holunderbl\u00fcte (Hollerbl\u00fcte) - 12\/0,33 - Getr\u00e4nke Schl\u00fcter Onlineshop","og_description":"12\/0,33","og_url":"https:\/\/shop.merolution.de\/index.php\/product\/voelkel-033-biozisch-holunderbluete-hollerbluete-12-033\/","og_site_name":"Getr\u00e4nke Schl\u00fcter Onlineshop","og_image":[{"width":50,"height":200,"url":"https:\/\/shop.merolution.de\/wp-content\/uploads\/2020\/05\/2306900135-medium.jpg","type":"image\/jpeg"}],"twitter_card":"summary_large_image","schema":{"@context":"https:\/\/schema.org","@graph":[{"@type":"WebPage","@id":"https:\/\/shop.merolution.de\/index.php\/product\/voelkel-033-biozisch-holunderbluete-hollerbluete-12-033\/","url":"https:\/\/shop.merolution.de\/index.php\/product\/voelkel-033-biozisch-holunderbluete-hollerbluete-12-033\/","name":"Voelkel 0,33 BioZisch Holunderbl\u00fcte (Hollerbl\u00fcte) - 12\/0,33 - Getr\u00e4nke Schl\u00fcter Onlineshop","isPartOf":{"@id":"https:\/\/shop.merolution.de\/#website"},"datePublished":"2020-05-28T09:55:49+00:00","dateModified":"2020-05-28T09:55:49+00:00","breadcrumb":{"@id":"https:\/\/shop.merolution.de\/index.php\/product\/voelkel-033-biozisch-holunderbluete-hollerbluete-12-033\/#breadcrumb"},"inLanguage":"de","potentialAction":[{"@type":"ReadAction","target":["https:\/\/shop.merolution.de\/index.php\/product\/voelkel-033-biozisch-holunderbluete-hollerbluete-12-033\/"]}]},{"@type":"BreadcrumbList","@id":"https:\/\/shop.merolution.de\/index.php\/product\/voelkel-033-biozisch-holunderbluete-hollerbluete-12-033\/#breadcrumb","itemListElement":[{"@type":"ListItem","position":1,"name":"Home","item":"https:\/\/shop.merolution.de\/"},{"@type":"ListItem","position":2,"name":"Shop","item":"https:\/\/shop.merolution.de\/"},{"@type":"ListItem","position":3,"name":"Voelkel 0,33 BioZisch Holunderbl\u00fcte (Hollerbl\u00fcte) &#8211; 12\/0,33"}]},{"@type":"WebSite","@id":"https:\/\/shop.merolution.de\/#website","url":"https:\/\/shop.merolution.de\/","name":"Getr\u00e4nke Schl\u00fcter Onlineshop","description":"Ihr Getr\u00e4nke-Partner in Hannover","potentialAction":[{"@type":"SearchAction","target":{"@type":"EntryPoint","urlTemplate":"https:\/\/shop.merolution.de\/?s={search_term_string}"},"query-input":"required name=search_term_string"}],"inLanguage":"de"}]}},"_links":{"self":[{"href":"https:\/\/shop.merolution.de\/index.php\/wp-json\/wp\/v2\/product\/992"}],"collection":[{"href":"https:\/\/shop.merolution.de\/index.php\/wp-json\/wp\/v2\/product"}],"about":[{"href":"https:\/\/shop.merolution.de\/index.php\/wp-json\/wp\/v2\/types\/product"}],"replies":[{"embeddable":true,"href":"https:\/\/shop.merolution.de\/index.php\/wp-json\/wp\/v2\/comments?post=992"}],"wp:featuredmedia":[{"embeddable":true,"href":"https:\/\/shop.merolution.de\/index.php\/wp-json\/wp\/v2\/media\/993"}],"wp:attachment":[{"href":"https:\/\/shop.merolution.de\/index.php\/wp-json\/wp\/v2\/media?parent=992"}],"wp:term":[{"taxonomy":"product_cat","embeddable":true,"href":"https:\/\/shop.merolution.de\/index.php\/wp-json\/wp\/v2\/product_cat?post=992"},{"taxonomy":"product_tag","embeddable":true,"href":"https:\/\/shop.merolution.de\/index.php\/wp-json\/wp\/v2\/product_tag?post=992"}],"curies":[{"name":"wp","href":"https:\/\/api.w.org\/{rel}","templated":true}]}}