{"id":997,"date":"2020-05-28T09:55:50","date_gmt":"2020-05-28T09:55:50","guid":{"rendered":"https:\/\/shop.merolution.de\/index.php\/product\/adelholzener-05-pet-bio-birne-rhabarber\/"},"modified":"2020-05-28T09:55:50","modified_gmt":"2020-05-28T09:55:50","slug":"adelholzener-05-pet-bio-birne-rhabarber","status":"publish","type":"product","link":"https:\/\/shop.merolution.de\/index.php\/product\/adelholzener-05-pet-bio-birne-rhabarber\/","title":{"rendered":"Adelholzener 0,5 PET Bio Birne Rhabarber"},"content":{"rendered":"<p>12\/0,50<\/p>\n","protected":false},"excerpt":{"rendered":"<p>12\/0,50 &#8211; Erfrischungsgetr\u00e4nk ohne k\u00fcnstliche S\u00fc\u00dfungsmittel &#8211; PET-Mehrweg &#8211; Schraubverschluss &#8211; \u0080 3,30 Pfand<\/p>\n","protected":false},"featured_media":998,"comment_status":"open","ping_status":"closed","template":"","meta":[],"product_cat":[37],"product_tag":[],"yoast_head":"<!-- This site is optimized with the Yoast SEO plugin v19.14 - https:\/\/yoast.com\/wordpress\/plugins\/seo\/ -->\n<title>Adelholzener 0,5 PET Bio Birne Rhabarber - Getr\u00e4nke Schl\u00fcter Onlineshop<\/title>\n<meta name=\"robots\" content=\"noindex, follow, max-snippet:-1, max-image-preview:large, max-video-preview:-1\" \/>\n<meta property=\"og:locale\" content=\"de_DE\" \/>\n<meta property=\"og:type\" content=\"article\" \/>\n<meta property=\"og:title\" content=\"Adelholzener 0,5 PET Bio Birne Rhabarber - Getr\u00e4nke Schl\u00fcter Onlineshop\" \/>\n<meta property=\"og:description\" content=\"12\/0,50 - Erfrischungsgetr\u00e4nk ohne k\u00fcnstliche S\u00fc\u00dfungsmittel - PET-Mehrweg - Schraubverschluss - \u0080 3,30 Pfand\" \/>\n<meta property=\"og:url\" content=\"https:\/\/shop.merolution.de\/index.php\/product\/adelholzener-05-pet-bio-birne-rhabarber\/\" \/>\n<meta property=\"og:site_name\" content=\"Getr\u00e4nke Schl\u00fcter Onlineshop\" \/>\n<meta property=\"og:image\" content=\"https:\/\/shop.merolution.de\/wp-content\/uploads\/2020\/05\/141211-produkt-bio-birne-rhabarber-05-l-pet-mw-ab-aid-4371s.png\" \/>\n\t<meta property=\"og:image:width\" content=\"150\" \/>\n\t<meta property=\"og:image:height\" content=\"576\" \/>\n\t<meta property=\"og:image:type\" content=\"image\/png\" \/>\n<meta name=\"twitter:card\" content=\"summary_large_image\" \/>\n<script type=\"application\/ld+json\" class=\"yoast-schema-graph\">{\"@context\":\"https:\/\/schema.org\",\"@graph\":[{\"@type\":\"WebPage\",\"@id\":\"https:\/\/shop.merolution.de\/index.php\/product\/adelholzener-05-pet-bio-birne-rhabarber\/\",\"url\":\"https:\/\/shop.merolution.de\/index.php\/product\/adelholzener-05-pet-bio-birne-rhabarber\/\",\"name\":\"Adelholzener 0,5 PET Bio Birne Rhabarber - Getr\u00e4nke Schl\u00fcter Onlineshop\",\"isPartOf\":{\"@id\":\"https:\/\/shop.merolution.de\/#website\"},\"datePublished\":\"2020-05-28T09:55:50+00:00\",\"dateModified\":\"2020-05-28T09:55:50+00:00\",\"breadcrumb\":{\"@id\":\"https:\/\/shop.merolution.de\/index.php\/product\/adelholzener-05-pet-bio-birne-rhabarber\/#breadcrumb\"},\"inLanguage\":\"de\",\"potentialAction\":[{\"@type\":\"ReadAction\",\"target\":[\"https:\/\/shop.merolution.de\/index.php\/product\/adelholzener-05-pet-bio-birne-rhabarber\/\"]}]},{\"@type\":\"BreadcrumbList\",\"@id\":\"https:\/\/shop.merolution.de\/index.php\/product\/adelholzener-05-pet-bio-birne-rhabarber\/#breadcrumb\",\"itemListElement\":[{\"@type\":\"ListItem\",\"position\":1,\"name\":\"Home\",\"item\":\"https:\/\/shop.merolution.de\/\"},{\"@type\":\"ListItem\",\"position\":2,\"name\":\"Shop\",\"item\":\"https:\/\/shop.merolution.de\/\"},{\"@type\":\"ListItem\",\"position\":3,\"name\":\"Adelholzener 0,5 PET Bio Birne Rhabarber\"}]},{\"@type\":\"WebSite\",\"@id\":\"https:\/\/shop.merolution.de\/#website\",\"url\":\"https:\/\/shop.merolution.de\/\",\"name\":\"Getr\u00e4nke Schl\u00fcter Onlineshop\",\"description\":\"Ihr Getr\u00e4nke-Partner in Hannover\",\"potentialAction\":[{\"@type\":\"SearchAction\",\"target\":{\"@type\":\"EntryPoint\",\"urlTemplate\":\"https:\/\/shop.merolution.de\/?s={search_term_string}\"},\"query-input\":\"required name=search_term_string\"}],\"inLanguage\":\"de\"}]}<\/script>\n<!-- \/ Yoast SEO plugin. -->","yoast_head_json":{"title":"Adelholzener 0,5 PET Bio Birne Rhabarber - Getr\u00e4nke Schl\u00fcter Onlineshop","robots":{"index":"noindex","follow":"follow","max-snippet":"max-snippet:-1","max-image-preview":"max-image-preview:large","max-video-preview":"max-video-preview:-1"},"og_locale":"de_DE","og_type":"article","og_title":"Adelholzener 0,5 PET Bio Birne Rhabarber - Getr\u00e4nke Schl\u00fcter Onlineshop","og_description":"12\/0,50 - Erfrischungsgetr\u00e4nk ohne k\u00fcnstliche S\u00fc\u00dfungsmittel - PET-Mehrweg - Schraubverschluss - \u0080 3,30 Pfand","og_url":"https:\/\/shop.merolution.de\/index.php\/product\/adelholzener-05-pet-bio-birne-rhabarber\/","og_site_name":"Getr\u00e4nke Schl\u00fcter Onlineshop","og_image":[{"width":150,"height":576,"url":"https:\/\/shop.merolution.de\/wp-content\/uploads\/2020\/05\/141211-produkt-bio-birne-rhabarber-05-l-pet-mw-ab-aid-4371s.png","type":"image\/png"}],"twitter_card":"summary_large_image","schema":{"@context":"https:\/\/schema.org","@graph":[{"@type":"WebPage","@id":"https:\/\/shop.merolution.de\/index.php\/product\/adelholzener-05-pet-bio-birne-rhabarber\/","url":"https:\/\/shop.merolution.de\/index.php\/product\/adelholzener-05-pet-bio-birne-rhabarber\/","name":"Adelholzener 0,5 PET Bio Birne Rhabarber - Getr\u00e4nke Schl\u00fcter Onlineshop","isPartOf":{"@id":"https:\/\/shop.merolution.de\/#website"},"datePublished":"2020-05-28T09:55:50+00:00","dateModified":"2020-05-28T09:55:50+00:00","breadcrumb":{"@id":"https:\/\/shop.merolution.de\/index.php\/product\/adelholzener-05-pet-bio-birne-rhabarber\/#breadcrumb"},"inLanguage":"de","potentialAction":[{"@type":"ReadAction","target":["https:\/\/shop.merolution.de\/index.php\/product\/adelholzener-05-pet-bio-birne-rhabarber\/"]}]},{"@type":"BreadcrumbList","@id":"https:\/\/shop.merolution.de\/index.php\/product\/adelholzener-05-pet-bio-birne-rhabarber\/#breadcrumb","itemListElement":[{"@type":"ListItem","position":1,"name":"Home","item":"https:\/\/shop.merolution.de\/"},{"@type":"ListItem","position":2,"name":"Shop","item":"https:\/\/shop.merolution.de\/"},{"@type":"ListItem","position":3,"name":"Adelholzener 0,5 PET Bio Birne Rhabarber"}]},{"@type":"WebSite","@id":"https:\/\/shop.merolution.de\/#website","url":"https:\/\/shop.merolution.de\/","name":"Getr\u00e4nke Schl\u00fcter Onlineshop","description":"Ihr Getr\u00e4nke-Partner in Hannover","potentialAction":[{"@type":"SearchAction","target":{"@type":"EntryPoint","urlTemplate":"https:\/\/shop.merolution.de\/?s={search_term_string}"},"query-input":"required name=search_term_string"}],"inLanguage":"de"}]}},"_links":{"self":[{"href":"https:\/\/shop.merolution.de\/index.php\/wp-json\/wp\/v2\/product\/997"}],"collection":[{"href":"https:\/\/shop.merolution.de\/index.php\/wp-json\/wp\/v2\/product"}],"about":[{"href":"https:\/\/shop.merolution.de\/index.php\/wp-json\/wp\/v2\/types\/product"}],"replies":[{"embeddable":true,"href":"https:\/\/shop.merolution.de\/index.php\/wp-json\/wp\/v2\/comments?post=997"}],"wp:featuredmedia":[{"embeddable":true,"href":"https:\/\/shop.merolution.de\/index.php\/wp-json\/wp\/v2\/media\/998"}],"wp:attachment":[{"href":"https:\/\/shop.merolution.de\/index.php\/wp-json\/wp\/v2\/media?parent=997"}],"wp:term":[{"taxonomy":"product_cat","embeddable":true,"href":"https:\/\/shop.merolution.de\/index.php\/wp-json\/wp\/v2\/product_cat?post=997"},{"taxonomy":"product_tag","embeddable":true,"href":"https:\/\/shop.merolution.de\/index.php\/wp-json\/wp\/v2\/product_tag?post=997"}],"curies":[{"name":"wp","href":"https:\/\/api.w.org\/{rel}","templated":true}]}}